{"id":2589,"date":"2021-10-25T10:39:54","date_gmt":"2021-10-25T08:39:54","guid":{"rendered":"https:\/\/tienne4.it\/?page_id=2589"},"modified":"2021-11-05T13:44:00","modified_gmt":"2021-11-05T12:44:00","slug":"business-hotel","status":"publish","type":"page","link":"https:\/\/tienne4.it\/fr\/lignes-de-meubles-speciaux\/business-hotel\/","title":{"rendered":"Business Hotel"},"content":{"rendered":"<section class=\"l-section wpb_row height_medium full_height valign_bottom parallax_fixed\"><div class=\"l-section-overlay\" style=\"background:rgba(0,0,0,0.20)\"><\/div><div class=\"l-section-h i-cf\"><div class=\"g-cols vc_row via_flex valign_bottom type_default stacking_default\"><div class=\"vc_col-sm-6 wpb_column vc_column_container\"><div class=\"vc_column-inner\"><div class=\"wpb_wrapper\"><\/div><\/div><\/div><div class=\"vc_col-sm-6 wpb_column vc_column_container\"><div class=\"vc_column-inner\"><div class=\"wpb_wrapper\"><\/div><\/div><\/div><\/div><\/div><\/section><section class=\"l-section wpb_row height_medium\"><div class=\"l-section-h i-cf\"><div class=\"g-cols vc_row via_flex valign_top type_default stacking_default\"><div class=\"vc_col-sm-12 wpb_column vc_column_container\"><div class=\"vc_column-inner\"><div class=\"wpb_wrapper\"><div class=\"wpb_text_column\"><div class=\"wpb_wrapper\"><h1>Business Hotel<\/h1>\n<\/div><\/div><div class=\"g-cols wpb_row us_custom_826a24dc via_flex valign_top type_default stacking_default\"><div class=\"vc_col-sm-1 wpb_column vc_column_container\"><div class=\"vc_column-inner us_custom_012bc2e8\"><div class=\"wpb_wrapper\"><\/div><\/div><\/div><div class=\"vc_col-sm-10 wpb_column vc_column_container\"><div class=\"vc_column-inner\"><div class=\"wpb_wrapper\"><div class=\"wpb_text_column us_custom_33e62e98\"><div class=\"wpb_wrapper\"><h4>MEUBLE SUR PROJET<\/h4>\n<\/div><\/div><div class=\"wpb_text_column us_custom_432d3f53\"><div class=\"wpb_wrapper\"><p>L\u2019\u00e9l\u00e9gance et la simplicit\u00e9 traversent le temps et sont toujours actuels. Forte de cette conviction, Tienne4 propose une ligne adapt\u00e9e \u00e0 tout contexte et pouvant \u00eatre model\u00e9e selon vos besoins structurels ou esth\u00e9tiques.\u2028Suspendu ou au sol, le mobilier de la ligne hotel est con\u00e7u pour garantir fonctionnalit\u00e9, confort et facilit\u00e9 de nettoyage. M\u00eame l\u2019ouverture \u00ab\u00a0push to close\u00a0\u00bb est un d\u00e9tail qui correspond parfaitement \u00e0 ces objectifs.\u2028En collaboration avec l\u2019architecte espagnol, notre bureau technique proposera les meilleures solutions pour assurer pr\u00e9cision dans les d\u00e9tails, rapidit\u00e9 d\u2019ex\u00e9cution et accompagnement dans le projet.<\/p>\n<p><strong> Caract\u00e9ristiques techniques:<\/strong><\/p>\n<ul>\n<li>Profondeur adaptable selon les besoins (50, 46\u2026. cm)<\/li>\n<li>Bois agglom\u00e9r\u00e9 noble, \u00e9paisseur 16\u00a0mm<\/li>\n<li>Guides de fermeture en douceur d\u2019entreprises leaders<\/li>\n<li>Miroir de sol \u00e0 bord poli<\/li>\n<li>Lavabo en marbre min\u00e9ral d\u2019une excellente durabilit\u00e9 et r\u00e9sistance<\/li>\n<li>\u00c9clairage LED<\/li>\n<\/ul>\n<\/div><\/div><\/div><\/div><\/div><div class=\"vc_col-sm-1 wpb_column vc_column_container\"><div class=\"vc_column-inner\"><div class=\"wpb_wrapper\"><\/div><\/div><\/div><\/div><div class=\"w-separator size_medium\"><\/div><div class=\"w-grid type_carousel layout_gallery_default cols_3 ratio_4x3\" id=\"us_grid_1\"><style>#us_grid_1 .w-grid-item{padding:0.5rem}#us_grid_1 .w-grid-list{margin:-0.5rem}.w-grid + #us_grid_1 .w-grid-list,.w-grid-none + #us_grid_1 .w-grid-list{margin-top:0.5rem}#us_grid_1 .w-grid-item-h:before{padding-bottom:75%}.layout_gallery_default .w-grid-item-h:before{padding-bottom:100%}.layout_gallery_default .w-grid-item-h{}<\/style><div class=\"w-grid-list owl-carousel navstyle_circle navpos_outside with_dots\" style=\"--arrows-size:1.8rem;\">\t<article class=\"w-grid-item post-1493 attachment type-attachment status-inherit hentry\" data-id=\"1493\">\r\n\t\t<div class=\"w-grid-item-h\">\r\n\t\t\t\t\t\t\t<a class=\"w-grid-item-anchor\" href=\"https:\/\/tienne4.it\/wp-content\/uploads\/2021\/06\/BH5-scaled.jpg\" ref=\"magnificPopupGrid\" title=\"BH5\"><\/a>\r\n\t\t\t\t\t\t<div class=\"w-post-elm post_image usg_post_image_1 stretched\"><img loading=\"lazy\" decoding=\"async\" width=\"1024\" height=\"807\" src=\"https:\/\/tienne4.it\/wp-content\/uploads\/2021\/06\/BH5-1024x807.jpg\" class=\"attachment-large size-large\" alt=\"\" srcset=\"https:\/\/tienne4.it\/wp-content\/uploads\/2021\/06\/BH5-1024x807.jpg 1024w, https:\/\/tienne4.it\/wp-content\/uploads\/2021\/06\/BH5-300x236.jpg 300w\" sizes=\"auto, (max-width: 1024px) 100vw, 1024px\" \/><\/div>\t\t<\/div>\r\n\t<\/article>\r\n\t<article class=\"w-grid-item post-1490 attachment type-attachment status-inherit hentry\" data-id=\"1490\">\r\n\t\t<div class=\"w-grid-item-h\">\r\n\t\t\t\t\t\t\t<a class=\"w-grid-item-anchor\" href=\"https:\/\/tienne4.it\/wp-content\/uploads\/2021\/06\/BH4-scaled.jpg\" ref=\"magnificPopupGrid\" title=\"BH4\"><\/a>\r\n\t\t\t\t\t\t<div class=\"w-post-elm post_image usg_post_image_1 stretched\"><img loading=\"lazy\" decoding=\"async\" width=\"1024\" height=\"744\" src=\"https:\/\/tienne4.it\/wp-content\/uploads\/2021\/06\/BH4-1024x744.jpg\" class=\"attachment-large size-large\" alt=\"\" srcset=\"https:\/\/tienne4.it\/wp-content\/uploads\/2021\/06\/BH4-1024x744.jpg 1024w, https:\/\/tienne4.it\/wp-content\/uploads\/2021\/06\/BH4-300x218.jpg 300w\" sizes=\"auto, (max-width: 1024px) 100vw, 1024px\" \/><\/div>\t\t<\/div>\r\n\t<\/article>\r\n\t<article class=\"w-grid-item post-1487 attachment type-attachment status-inherit hentry\" data-id=\"1487\">\r\n\t\t<div class=\"w-grid-item-h\">\r\n\t\t\t\t\t\t\t<a class=\"w-grid-item-anchor\" href=\"https:\/\/tienne4.it\/wp-content\/uploads\/2021\/06\/BH3-scaled.jpg\" ref=\"magnificPopupGrid\" title=\"BH3\"><\/a>\r\n\t\t\t\t\t\t<div class=\"w-post-elm post_image usg_post_image_1 stretched\"><img loading=\"lazy\" decoding=\"async\" width=\"1024\" height=\"686\" src=\"https:\/\/tienne4.it\/wp-content\/uploads\/2021\/06\/BH3-1024x686.jpg\" class=\"attachment-large size-large\" alt=\"\" srcset=\"https:\/\/tienne4.it\/wp-content\/uploads\/2021\/06\/BH3-1024x686.jpg 1024w, https:\/\/tienne4.it\/wp-content\/uploads\/2021\/06\/BH3-300x201.jpg 300w\" sizes=\"auto, (max-width: 1024px) 100vw, 1024px\" \/><\/div>\t\t<\/div>\r\n\t<\/article>\r\n\t<article class=\"w-grid-item post-1484 attachment type-attachment status-inherit hentry\" data-id=\"1484\">\r\n\t\t<div class=\"w-grid-item-h\">\r\n\t\t\t\t\t\t\t<a class=\"w-grid-item-anchor\" href=\"https:\/\/tienne4.it\/wp-content\/uploads\/2021\/06\/BH2-scaled.jpg\" ref=\"magnificPopupGrid\" title=\"BH2\"><\/a>\r\n\t\t\t\t\t\t<div class=\"w-post-elm post_image usg_post_image_1 stretched\"><img loading=\"lazy\" decoding=\"async\" width=\"1024\" height=\"822\" src=\"https:\/\/tienne4.it\/wp-content\/uploads\/2021\/06\/BH2-1024x822.jpg\" class=\"attachment-large size-large\" alt=\"\" srcset=\"https:\/\/tienne4.it\/wp-content\/uploads\/2021\/06\/BH2-1024x822.jpg 1024w, https:\/\/tienne4.it\/wp-content\/uploads\/2021\/06\/BH2-300x241.jpg 300w\" sizes=\"auto, (max-width: 1024px) 100vw, 1024px\" \/><\/div>\t\t<\/div>\r\n\t<\/article>\r\n\t<article class=\"w-grid-item post-1481 attachment type-attachment status-inherit hentry\" data-id=\"1481\">\r\n\t\t<div class=\"w-grid-item-h\">\r\n\t\t\t\t\t\t\t<a class=\"w-grid-item-anchor\" href=\"https:\/\/tienne4.it\/wp-content\/uploads\/2021\/06\/BH1-scaled.jpg\" ref=\"magnificPopupGrid\" title=\"BH1\"><\/a>\r\n\t\t\t\t\t\t<div class=\"w-post-elm post_image usg_post_image_1 stretched\"><img loading=\"lazy\" decoding=\"async\" width=\"1024\" height=\"952\" src=\"https:\/\/tienne4.it\/wp-content\/uploads\/2021\/06\/BH1-1024x952.jpg\" class=\"attachment-large size-large\" alt=\"\" srcset=\"https:\/\/tienne4.it\/wp-content\/uploads\/2021\/06\/BH1-1024x952.jpg 1024w, https:\/\/tienne4.it\/wp-content\/uploads\/2021\/06\/BH1-300x279.jpg 300w\" sizes=\"auto, (max-width: 1024px) 100vw, 1024px\" \/><\/div>\t\t<\/div>\r\n\t<\/article>\r\n<\/div><div class=\"g-preloader type_custom\">\r\n\t<div><img loading=\"lazy\" decoding=\"async\" width=\"262\" height=\"125\" src=\"https:\/\/tienne4.it\/wp-content\/uploads\/2021\/04\/logo-scuro-menu.svg\" class=\"attachment-medium size-medium\" alt=\"Mobili per il bagno - TIENNE4\" \/><\/div>\r\n<\/div>\r\n\t<div class=\"w-grid-json hidden\" onclick='return {&quot;action&quot;:&quot;us_ajax_grid&quot;,&quot;ajax_url&quot;:&quot;https:\\\/\\\/tienne4.it\\\/wp-admin\\\/admin-ajax.php&quot;,&quot;infinite_scroll&quot;:0,&quot;max_num_pages&quot;:1,&quot;pagination&quot;:&quot;none&quot;,&quot;permalink_url&quot;:&quot;https:\\\/\\\/tienne4.it\\\/fr\\\/wp-json\\\/wp\\\/v2\\\/pages\\\/2589\\\/&quot;,&quot;template_vars&quot;:{&quot;columns&quot;:&quot;3&quot;,&quot;exclude_items&quot;:&quot;none&quot;,&quot;img_size&quot;:&quot;default&quot;,&quot;ignore_items_size&quot;:0,&quot;items_layout&quot;:&quot;gallery_default&quot;,&quot;items_offset&quot;:&quot;1&quot;,&quot;load_animation&quot;:&quot;none&quot;,&quot;overriding_link&quot;:&quot;popup_post_image&quot;,&quot;post_id&quot;:2589,&quot;query_args&quot;:{&quot;post_type&quot;:[&quot;attachment&quot;],&quot;post__in&quot;:[&quot;308&quot;,&quot;307&quot;,&quot;306&quot;,&quot;305&quot;,&quot;304&quot;],&quot;post_status&quot;:&quot;inherit&quot;,&quot;post_mime_type&quot;:&quot;image&quot;,&quot;posts_per_page&quot;:&quot;10&quot;},&quot;orderby_query_args&quot;:{&quot;orderby&quot;:{&quot;date&quot;:&quot;DESC&quot;}},&quot;type&quot;:&quot;carousel&quot;,&quot;us_grid_ajax_index&quot;:1,&quot;us_grid_filter_params&quot;:null,&quot;us_grid_index&quot;:1,&quot;_us_grid_post_type&quot;:&quot;attachment&quot;,&quot;lang&quot;:&quot;fr&quot;},&quot;carousel_settings&quot;:{&quot;autoHeight&quot;:0,&quot;autoplay&quot;:0,&quot;carousel_fade&quot;:0,&quot;center&quot;:0,&quot;dots&quot;:1,&quot;items&quot;:&quot;3&quot;,&quot;loop&quot;:false,&quot;nav&quot;:1,&quot;slideby&quot;:&quot;1&quot;,&quot;smooth_play&quot;:0,&quot;speed&quot;:250,&quot;timeout&quot;:3000,&quot;transition&quot;:&quot;&quot;},&quot;carousel_breakpoints&quot;:{&quot;0&quot;:{&quot;autoHeight&quot;:0,&quot;autoplay&quot;:1,&quot;autoplayHoverPause&quot;:1,&quot;items&quot;:1,&quot;loop&quot;:true,&quot;stagePadding&quot;:0},&quot;600&quot;:{&quot;autoHeight&quot;:0,&quot;autoplay&quot;:1,&quot;autoplayHoverPause&quot;:1,&quot;items&quot;:2,&quot;loop&quot;:false,&quot;stagePadding&quot;:0},&quot;900&quot;:{&quot;autoHeight&quot;:0,&quot;autoplay&quot;:1,&quot;autoplayHoverPause&quot;:1,&quot;items&quot;:3,&quot;loop&quot;:false,&quot;stagePadding&quot;:0},&quot;1200&quot;:{&quot;items&quot;:3,&quot;stagePadding&quot;:0}}}'><\/div>\r\n\t<\/div><\/div><\/div><\/div><\/div><\/div><\/section><section class=\"l-section wpb_row height_medium\"><div class=\"l-section-h i-cf\"><div class=\"g-cols vc_row via_flex valign_top type_default stacking_default\"><div class=\"vc_col-sm-12 wpb_column vc_column_container\"><div class=\"vc_column-inner\"><div class=\"wpb_wrapper\"><div class=\"wpb_text_column\"><div class=\"wpb_wrapper\"><h3>Finitions disponibles<\/h3>\n<\/div><\/div><div class=\"g-cols wpb_row us_custom_826a24dc via_flex valign_top type_default stacking_default\"><div class=\"vc_col-sm-1 wpb_column vc_column_container\"><div class=\"vc_column-inner us_custom_012bc2e8\"><div class=\"wpb_wrapper\"><\/div><\/div><\/div><div class=\"vc_col-sm-10 wpb_column vc_column_container\"><div class=\"vc_column-inner\"><div class=\"wpb_wrapper\"><div class=\"wpb_text_column us_custom_33e62e98\"><div class=\"wpb_wrapper\"><h4>MEUBLER VOTRE SALLE DE BAIN AVEC STYLE<\/h4>\n<\/div><\/div><div class=\"wpb_text_column\"><div class=\"wpb_wrapper\"><p>Large gamme de finitions disponibles et combinables sur projet.<\/p>\n<\/div><\/div><\/div><\/div><\/div><div class=\"vc_col-sm-1 wpb_column vc_column_container\"><div class=\"vc_column-inner\"><div class=\"wpb_wrapper\"><\/div><\/div><\/div><\/div><div class=\"w-separator size_small with_line width_default thick_1 style_solid color_border align_center\"><div class=\"w-separator-h\"><\/div><\/div><div class=\"w-btn-wrapper align_none\"><a class=\"w-btn us-btn-style_1\" title=\"Contacts\" href=\"https:\/\/tienne4.it\/fr\/contacts\/\"><span class=\"w-btn-label\">Demander des informations<\/span><\/a><\/div><\/div><\/div><\/div><\/div><\/div><\/section>\n","protected":false},"excerpt":{"rendered":"","protected":false},"author":2,"featured_media":1493,"parent":2389,"menu_order":3,"comment_status":"closed","ping_status":"closed","template":"","meta":{"inline_featured_image":false,"footnotes":""},"class_list":["post-2589","page","type-page","status-publish","has-post-thumbnail","hentry"],"yoast_head":"<!-- This site is optimized with the Yoast SEO plugin v19.9 - https:\/\/yoast.com\/wordpress\/plugins\/seo\/ -->\n<title>Business Hotel - Tienne4<\/title>\n<meta name=\"robots\" content=\"index, follow, max-snippet:-1, max-image-preview:large, max-video-preview:-1\" \/>\n<link rel=\"canonical\" href=\"https:\/\/tienne4.it\/fr\/lignes-de-meubles-speciaux\/business-hotel\/\" \/>\n<meta property=\"og:locale\" content=\"fr_FR\" \/>\n<meta property=\"og:type\" content=\"article\" \/>\n<meta property=\"og:title\" content=\"Business Hotel - Tienne4\" \/>\n<meta property=\"og:url\" content=\"https:\/\/tienne4.it\/fr\/lignes-de-meubles-speciaux\/business-hotel\/\" \/>\n<meta property=\"og:site_name\" content=\"Tienne4\" \/>\n<meta property=\"article:publisher\" content=\"https:\/\/www.facebook.com\/tienne4\" \/>\n<meta property=\"article:modified_time\" content=\"2021-11-05T12:44:00+00:00\" \/>\n<meta property=\"og:image\" content=\"https:\/\/tienne4.it\/wp-content\/uploads\/2021\/06\/BH5-scaled.jpg\" \/>\n\t<meta property=\"og:image:width\" content=\"2560\" \/>\n\t<meta property=\"og:image:height\" content=\"2017\" \/>\n\t<meta property=\"og:image:type\" content=\"image\/jpeg\" \/>\n<meta name=\"twitter:card\" content=\"summary_large_image\" \/>\n<meta name=\"twitter:label1\" content=\"Dur\u00e9e de lecture estim\u00e9e\" \/>\n\t<meta name=\"twitter:data1\" content=\"1 minute\" \/>\n<script type=\"application\/ld+json\" class=\"yoast-schema-graph\">{\"@context\":\"https:\/\/schema.org\",\"@graph\":[{\"@type\":\"WebPage\",\"@id\":\"https:\/\/tienne4.it\/fr\/lignes-de-meubles-speciaux\/business-hotel\/\",\"url\":\"https:\/\/tienne4.it\/fr\/lignes-de-meubles-speciaux\/business-hotel\/\",\"name\":\"Business Hotel - Tienne4\",\"isPartOf\":{\"@id\":\"https:\/\/tienne4.it\/#website\"},\"datePublished\":\"2021-10-25T08:39:54+00:00\",\"dateModified\":\"2021-11-05T12:44:00+00:00\",\"breadcrumb\":{\"@id\":\"https:\/\/tienne4.it\/fr\/lignes-de-meubles-speciaux\/business-hotel\/#breadcrumb\"},\"inLanguage\":\"fr-FR\",\"potentialAction\":[{\"@type\":\"ReadAction\",\"target\":[\"https:\/\/tienne4.it\/fr\/lignes-de-meubles-speciaux\/business-hotel\/\"]}]},{\"@type\":\"BreadcrumbList\",\"@id\":\"https:\/\/tienne4.it\/fr\/lignes-de-meubles-speciaux\/business-hotel\/#breadcrumb\",\"itemListElement\":[{\"@type\":\"ListItem\",\"position\":1,\"name\":\"Home\",\"item\":\"https:\/\/tienne4.it\/fr\/\"},{\"@type\":\"ListItem\",\"position\":2,\"name\":\"LIGNES DE MEUBLES SP\u00c9CIAUX\",\"item\":\"https:\/\/tienne4.it\/fr\/lignes-de-meubles-speciaux\/\"},{\"@type\":\"ListItem\",\"position\":3,\"name\":\"Business Hotel\"}]},{\"@type\":\"WebSite\",\"@id\":\"https:\/\/tienne4.it\/#website\",\"url\":\"https:\/\/tienne4.it\/\",\"name\":\"Tienne4\",\"description\":\"Produzione Mobili per il Bagno\",\"publisher\":{\"@id\":\"https:\/\/tienne4.it\/#organization\"},\"potentialAction\":[{\"@type\":\"SearchAction\",\"target\":{\"@type\":\"EntryPoint\",\"urlTemplate\":\"https:\/\/tienne4.it\/?s={search_term_string}\"},\"query-input\":\"required name=search_term_string\"}],\"inLanguage\":\"fr-FR\"},{\"@type\":\"Organization\",\"@id\":\"https:\/\/tienne4.it\/#organization\",\"name\":\"Tienne4\",\"url\":\"https:\/\/tienne4.it\/\",\"logo\":{\"@type\":\"ImageObject\",\"inLanguage\":\"fr-FR\",\"@id\":\"https:\/\/tienne4.it\/#\/schema\/logo\/image\/\",\"url\":\"https:\/\/tienne4.it\/wp-content\/uploads\/2021\/04\/logo-scuro-menu.svg\",\"contentUrl\":\"https:\/\/tienne4.it\/wp-content\/uploads\/2021\/04\/logo-scuro-menu.svg\",\"width\":262,\"height\":125,\"caption\":\"Tienne4\"},\"image\":{\"@id\":\"https:\/\/tienne4.it\/#\/schema\/logo\/image\/\"},\"sameAs\":[\"https:\/\/www.facebook.com\/tienne4\"]}]}<\/script>\n<!-- \/ Yoast SEO plugin. -->","yoast_head_json":{"title":"Business Hotel - Tienne4","robots":{"index":"index","follow":"follow","max-snippet":"max-snippet:-1","max-image-preview":"max-image-preview:large","max-video-preview":"max-video-preview:-1"},"canonical":"https:\/\/tienne4.it\/fr\/lignes-de-meubles-speciaux\/business-hotel\/","og_locale":"fr_FR","og_type":"article","og_title":"Business Hotel - Tienne4","og_url":"https:\/\/tienne4.it\/fr\/lignes-de-meubles-speciaux\/business-hotel\/","og_site_name":"Tienne4","article_publisher":"https:\/\/www.facebook.com\/tienne4","article_modified_time":"2021-11-05T12:44:00+00:00","og_image":[{"width":2560,"height":2017,"url":"https:\/\/tienne4.it\/wp-content\/uploads\/2021\/06\/BH5-scaled.jpg","type":"image\/jpeg"}],"twitter_card":"summary_large_image","twitter_misc":{"Dur\u00e9e de lecture estim\u00e9e":"1 minute"},"schema":{"@context":"https:\/\/schema.org","@graph":[{"@type":"WebPage","@id":"https:\/\/tienne4.it\/fr\/lignes-de-meubles-speciaux\/business-hotel\/","url":"https:\/\/tienne4.it\/fr\/lignes-de-meubles-speciaux\/business-hotel\/","name":"Business Hotel - Tienne4","isPartOf":{"@id":"https:\/\/tienne4.it\/#website"},"datePublished":"2021-10-25T08:39:54+00:00","dateModified":"2021-11-05T12:44:00+00:00","breadcrumb":{"@id":"https:\/\/tienne4.it\/fr\/lignes-de-meubles-speciaux\/business-hotel\/#breadcrumb"},"inLanguage":"fr-FR","potentialAction":[{"@type":"ReadAction","target":["https:\/\/tienne4.it\/fr\/lignes-de-meubles-speciaux\/business-hotel\/"]}]},{"@type":"BreadcrumbList","@id":"https:\/\/tienne4.it\/fr\/lignes-de-meubles-speciaux\/business-hotel\/#breadcrumb","itemListElement":[{"@type":"ListItem","position":1,"name":"Home","item":"https:\/\/tienne4.it\/fr\/"},{"@type":"ListItem","position":2,"name":"LIGNES DE MEUBLES SP\u00c9CIAUX","item":"https:\/\/tienne4.it\/fr\/lignes-de-meubles-speciaux\/"},{"@type":"ListItem","position":3,"name":"Business Hotel"}]},{"@type":"WebSite","@id":"https:\/\/tienne4.it\/#website","url":"https:\/\/tienne4.it\/","name":"Tienne4","description":"Produzione Mobili per il Bagno","publisher":{"@id":"https:\/\/tienne4.it\/#organization"},"potentialAction":[{"@type":"SearchAction","target":{"@type":"EntryPoint","urlTemplate":"https:\/\/tienne4.it\/?s={search_term_string}"},"query-input":"required name=search_term_string"}],"inLanguage":"fr-FR"},{"@type":"Organization","@id":"https:\/\/tienne4.it\/#organization","name":"Tienne4","url":"https:\/\/tienne4.it\/","logo":{"@type":"ImageObject","inLanguage":"fr-FR","@id":"https:\/\/tienne4.it\/#\/schema\/logo\/image\/","url":"https:\/\/tienne4.it\/wp-content\/uploads\/2021\/04\/logo-scuro-menu.svg","contentUrl":"https:\/\/tienne4.it\/wp-content\/uploads\/2021\/04\/logo-scuro-menu.svg","width":262,"height":125,"caption":"Tienne4"},"image":{"@id":"https:\/\/tienne4.it\/#\/schema\/logo\/image\/"},"sameAs":["https:\/\/www.facebook.com\/tienne4"]}]}},"_links":{"self":[{"href":"https:\/\/tienne4.it\/fr\/wp-json\/wp\/v2\/pages\/2589","targetHints":{"allow":["GET"]}}],"collection":[{"href":"https:\/\/tienne4.it\/fr\/wp-json\/wp\/v2\/pages"}],"about":[{"href":"https:\/\/tienne4.it\/fr\/wp-json\/wp\/v2\/types\/page"}],"author":[{"embeddable":true,"href":"https:\/\/tienne4.it\/fr\/wp-json\/wp\/v2\/users\/2"}],"replies":[{"embeddable":true,"href":"https:\/\/tienne4.it\/fr\/wp-json\/wp\/v2\/comments?post=2589"}],"version-history":[{"count":2,"href":"https:\/\/tienne4.it\/fr\/wp-json\/wp\/v2\/pages\/2589\/revisions"}],"predecessor-version":[{"id":3034,"href":"https:\/\/tienne4.it\/fr\/wp-json\/wp\/v2\/pages\/2589\/revisions\/3034"}],"up":[{"embeddable":true,"href":"https:\/\/tienne4.it\/fr\/wp-json\/wp\/v2\/pages\/2389"}],"wp:featuredmedia":[{"embeddable":true,"href":"https:\/\/tienne4.it\/fr\/wp-json\/wp\/v2\/media\/1493"}],"wp:attachment":[{"href":"https:\/\/tienne4.it\/fr\/wp-json\/wp\/v2\/media?parent=2589"}],"curies":[{"name":"wp","href":"https:\/\/api.w.org\/{rel}","templated":true}]}}