{"id":2571,"date":"2021-10-25T10:11:51","date_gmt":"2021-10-25T08:11:51","guid":{"rendered":"https:\/\/tienne4.it\/?page_id=2571"},"modified":"2021-10-25T10:12:12","modified_gmt":"2021-10-25T08:12:12","slug":"miroirs","status":"publish","type":"page","link":"https:\/\/tienne4.it\/fr\/accessoire-de-salle-de-bain\/miroirs\/","title":{"rendered":"Miroirs"},"content":{"rendered":"<section class=\"l-section wpb_row height_medium full_height valign_bottom parallax_fixed\"><div class=\"l-section-overlay\" style=\"background:rgba(0,0,0,0.20)\"><\/div><div class=\"l-section-h i-cf\"><div class=\"g-cols vc_row via_flex valign_bottom type_default stacking_default\"><div class=\"vc_col-sm-6 wpb_column vc_column_container\"><div class=\"vc_column-inner\"><div class=\"wpb_wrapper\"><\/div><\/div><\/div><div class=\"vc_col-sm-6 wpb_column vc_column_container\"><div class=\"vc_column-inner\"><div class=\"wpb_wrapper\"><\/div><\/div><\/div><\/div><\/div><\/section><section class=\"l-section wpb_row height_medium\"><div class=\"l-section-h i-cf\"><div class=\"g-cols vc_row via_flex valign_top type_default stacking_default\"><div class=\"vc_col-sm-12 wpb_column vc_column_container\"><div class=\"vc_column-inner\"><div class=\"wpb_wrapper\"><div class=\"wpb_text_column\"><div class=\"wpb_wrapper\"><h1>Miroirs<\/h1>\n<\/div><\/div><div class=\"w-separator size_medium\"><\/div><div class=\"wpb_text_column us_custom_3d6bfe27\"><div class=\"wpb_wrapper\"><p>La vie est comme un miroir ;<br \/>\nil vous sourit si vous le regardez en souriant.<\/p>\n<\/div><\/div><\/div><\/div><\/div><\/div><\/div><\/section><section class=\"l-section wpb_row height_medium\"><div class=\"l-section-h i-cf\"><div class=\"g-cols vc_row via_flex valign_top type_default stacking_default\"><div class=\"vc_col-sm-6 wpb_column vc_column_container\"><div class=\"vc_column-inner\"><div class=\"wpb_wrapper\"><div class=\"w-image align_none\"><div class=\"w-image-h\"><img loading=\"lazy\" decoding=\"async\" width=\"828\" height=\"800\" src=\"https:\/\/tienne4.it\/wp-content\/uploads\/2021\/09\/Catalogo_PROGETTO-4.0-Bend_Pagina_031_Immagine_0001-828x800-1.jpg\" class=\"attachment-full size-full\" alt=\"\" srcset=\"https:\/\/tienne4.it\/wp-content\/uploads\/2021\/09\/Catalogo_PROGETTO-4.0-Bend_Pagina_031_Immagine_0001-828x800-1.jpg 828w, https:\/\/tienne4.it\/wp-content\/uploads\/2021\/09\/Catalogo_PROGETTO-4.0-Bend_Pagina_031_Immagine_0001-828x800-1-300x290.jpg 300w\" sizes=\"auto, (max-width: 828px) 100vw, 828px\" \/><\/div><\/div><\/div><\/div><\/div><div class=\"vc_col-sm-6 wpb_column vc_column_container\"><div class=\"vc_column-inner\"><div class=\"wpb_wrapper\"><div class=\"wpb_text_column\"><div class=\"wpb_wrapper\"><p>MIROIR ENCASTR\u00c9 RECTANGULAIRE POLI<\/p>\n<p>DIMENSIONS:<br \/>\nl. 60 X h.70 cm<br \/>\nl. 80 X h.70 cm<br \/>\nl. 90 X h.70 cm<br \/>\nl.100 X h.70 cm<br \/>\nl.120 X h.70 cm<\/p>\n<\/div><\/div><\/div><\/div><\/div><\/div><\/div><\/section><section class=\"l-section wpb_row height_medium\"><div class=\"l-section-h i-cf\"><div class=\"g-cols vc_row via_flex valign_top type_default stacking_default\"><div class=\"vc_col-sm-6 wpb_column vc_column_container\"><div class=\"vc_column-inner\"><div class=\"wpb_wrapper\"><div class=\"w-image align_none\"><div class=\"w-image-h\"><img loading=\"lazy\" decoding=\"async\" width=\"827\" height=\"800\" src=\"https:\/\/tienne4.it\/wp-content\/uploads\/2021\/09\/Catalogo_PROGETTO-4.0-Bend_Pagina_015_Immagine_0001-827x800-1.jpg\" class=\"attachment-full size-full\" alt=\"\" srcset=\"https:\/\/tienne4.it\/wp-content\/uploads\/2021\/09\/Catalogo_PROGETTO-4.0-Bend_Pagina_015_Immagine_0001-827x800-1.jpg 827w, https:\/\/tienne4.it\/wp-content\/uploads\/2021\/09\/Catalogo_PROGETTO-4.0-Bend_Pagina_015_Immagine_0001-827x800-1-300x290.jpg 300w\" sizes=\"auto, (max-width: 827px) 100vw, 827px\" \/><\/div><\/div><\/div><\/div><\/div><div class=\"vc_col-sm-6 wpb_column vc_column_container\"><div class=\"vc_column-inner\"><div class=\"wpb_wrapper\"><div class=\"wpb_text_column\"><div class=\"wpb_wrapper\"><p>MIROIR R\u00c9TRO\u00c9CLAIR\u00c9 \u00c0 LED<\/p>\n<p>DIMENSIONS:<br \/>\nl. 60 X h.70 cm<br \/>\nl. 80 X h.70 cm<br \/>\nl. 90 X h.70 cm<br \/>\nl.100 X h.70 cm<br \/>\nl.120 X h.70 cm<\/p>\n<\/div><\/div><\/div><\/div><\/div><\/div><\/div><\/section>\n","protected":false},"excerpt":{"rendered":"Miroirs La vie est comme un miroir ; il vous sourit si vous le regardez en souriant. MIROIR ENCASTR\u00c9 RECTANGULAIRE POLI DIMENSIONS: l. 60 X h.70 cm l. 80 X h.70 cm l. 90 X h.70 cm l.100 X h.70 cm l.120 X h.70 cm MIROIR R\u00c9TRO\u00c9CLAIR\u00c9 \u00c0 LED DIMENSIONS: l. 60 X h.70 cm...","protected":false},"author":2,"featured_media":1490,"parent":2393,"menu_order":0,"comment_status":"closed","ping_status":"closed","template":"","meta":{"inline_featured_image":false,"footnotes":""},"class_list":["post-2571","page","type-page","status-publish","has-post-thumbnail","hentry"],"yoast_head":"<!-- This site is optimized with the Yoast SEO plugin v19.9 - https:\/\/yoast.com\/wordpress\/plugins\/seo\/ -->\n<title>Miroirs - Tienne4<\/title>\n<meta name=\"robots\" content=\"index, follow, max-snippet:-1, max-image-preview:large, max-video-preview:-1\" \/>\n<link rel=\"canonical\" href=\"https:\/\/tienne4.it\/fr\/accessoire-de-salle-de-bain\/miroirs\/\" \/>\n<meta property=\"og:locale\" content=\"fr_FR\" \/>\n<meta property=\"og:type\" content=\"article\" \/>\n<meta property=\"og:title\" content=\"Miroirs - Tienne4\" \/>\n<meta property=\"og:url\" content=\"https:\/\/tienne4.it\/fr\/accessoire-de-salle-de-bain\/miroirs\/\" \/>\n<meta property=\"og:site_name\" content=\"Tienne4\" \/>\n<meta property=\"article:publisher\" content=\"https:\/\/www.facebook.com\/tienne4\" \/>\n<meta property=\"article:modified_time\" content=\"2021-10-25T08:12:12+00:00\" \/>\n<meta property=\"og:image\" content=\"https:\/\/tienne4.it\/wp-content\/uploads\/2021\/06\/BH4-scaled.jpg\" \/>\n\t<meta property=\"og:image:width\" content=\"2560\" \/>\n\t<meta property=\"og:image:height\" content=\"1859\" \/>\n\t<meta property=\"og:image:type\" content=\"image\/jpeg\" \/>\n<meta name=\"twitter:card\" content=\"summary_large_image\" \/>\n<meta name=\"twitter:label1\" content=\"Dur\u00e9e de lecture estim\u00e9e\" \/>\n\t<meta name=\"twitter:data1\" content=\"1 minute\" \/>\n<script type=\"application\/ld+json\" class=\"yoast-schema-graph\">{\"@context\":\"https:\/\/schema.org\",\"@graph\":[{\"@type\":\"WebPage\",\"@id\":\"https:\/\/tienne4.it\/fr\/accessoire-de-salle-de-bain\/miroirs\/\",\"url\":\"https:\/\/tienne4.it\/fr\/accessoire-de-salle-de-bain\/miroirs\/\",\"name\":\"Miroirs - Tienne4\",\"isPartOf\":{\"@id\":\"https:\/\/tienne4.it\/#website\"},\"datePublished\":\"2021-10-25T08:11:51+00:00\",\"dateModified\":\"2021-10-25T08:12:12+00:00\",\"breadcrumb\":{\"@id\":\"https:\/\/tienne4.it\/fr\/accessoire-de-salle-de-bain\/miroirs\/#breadcrumb\"},\"inLanguage\":\"fr-FR\",\"potentialAction\":[{\"@type\":\"ReadAction\",\"target\":[\"https:\/\/tienne4.it\/fr\/accessoire-de-salle-de-bain\/miroirs\/\"]}]},{\"@type\":\"BreadcrumbList\",\"@id\":\"https:\/\/tienne4.it\/fr\/accessoire-de-salle-de-bain\/miroirs\/#breadcrumb\",\"itemListElement\":[{\"@type\":\"ListItem\",\"position\":1,\"name\":\"Home\",\"item\":\"https:\/\/tienne4.it\/fr\/\"},{\"@type\":\"ListItem\",\"position\":2,\"name\":\"ACCESSOIRE DE SALLE DE BAIN\",\"item\":\"https:\/\/tienne4.it\/fr\/accessoire-de-salle-de-bain\/\"},{\"@type\":\"ListItem\",\"position\":3,\"name\":\"Miroirs\"}]},{\"@type\":\"WebSite\",\"@id\":\"https:\/\/tienne4.it\/#website\",\"url\":\"https:\/\/tienne4.it\/\",\"name\":\"Tienne4\",\"description\":\"Produzione Mobili per il Bagno\",\"publisher\":{\"@id\":\"https:\/\/tienne4.it\/#organization\"},\"potentialAction\":[{\"@type\":\"SearchAction\",\"target\":{\"@type\":\"EntryPoint\",\"urlTemplate\":\"https:\/\/tienne4.it\/?s={search_term_string}\"},\"query-input\":\"required name=search_term_string\"}],\"inLanguage\":\"fr-FR\"},{\"@type\":\"Organization\",\"@id\":\"https:\/\/tienne4.it\/#organization\",\"name\":\"Tienne4\",\"url\":\"https:\/\/tienne4.it\/\",\"logo\":{\"@type\":\"ImageObject\",\"inLanguage\":\"fr-FR\",\"@id\":\"https:\/\/tienne4.it\/#\/schema\/logo\/image\/\",\"url\":\"https:\/\/tienne4.it\/wp-content\/uploads\/2021\/04\/logo-scuro-menu.svg\",\"contentUrl\":\"https:\/\/tienne4.it\/wp-content\/uploads\/2021\/04\/logo-scuro-menu.svg\",\"width\":262,\"height\":125,\"caption\":\"Tienne4\"},\"image\":{\"@id\":\"https:\/\/tienne4.it\/#\/schema\/logo\/image\/\"},\"sameAs\":[\"https:\/\/www.facebook.com\/tienne4\"]}]}<\/script>\n<!-- \/ Yoast SEO plugin. -->","yoast_head_json":{"title":"Miroirs - Tienne4","robots":{"index":"index","follow":"follow","max-snippet":"max-snippet:-1","max-image-preview":"max-image-preview:large","max-video-preview":"max-video-preview:-1"},"canonical":"https:\/\/tienne4.it\/fr\/accessoire-de-salle-de-bain\/miroirs\/","og_locale":"fr_FR","og_type":"article","og_title":"Miroirs - Tienne4","og_url":"https:\/\/tienne4.it\/fr\/accessoire-de-salle-de-bain\/miroirs\/","og_site_name":"Tienne4","article_publisher":"https:\/\/www.facebook.com\/tienne4","article_modified_time":"2021-10-25T08:12:12+00:00","og_image":[{"width":2560,"height":1859,"url":"https:\/\/tienne4.it\/wp-content\/uploads\/2021\/06\/BH4-scaled.jpg","type":"image\/jpeg"}],"twitter_card":"summary_large_image","twitter_misc":{"Dur\u00e9e de lecture estim\u00e9e":"1 minute"},"schema":{"@context":"https:\/\/schema.org","@graph":[{"@type":"WebPage","@id":"https:\/\/tienne4.it\/fr\/accessoire-de-salle-de-bain\/miroirs\/","url":"https:\/\/tienne4.it\/fr\/accessoire-de-salle-de-bain\/miroirs\/","name":"Miroirs - Tienne4","isPartOf":{"@id":"https:\/\/tienne4.it\/#website"},"datePublished":"2021-10-25T08:11:51+00:00","dateModified":"2021-10-25T08:12:12+00:00","breadcrumb":{"@id":"https:\/\/tienne4.it\/fr\/accessoire-de-salle-de-bain\/miroirs\/#breadcrumb"},"inLanguage":"fr-FR","potentialAction":[{"@type":"ReadAction","target":["https:\/\/tienne4.it\/fr\/accessoire-de-salle-de-bain\/miroirs\/"]}]},{"@type":"BreadcrumbList","@id":"https:\/\/tienne4.it\/fr\/accessoire-de-salle-de-bain\/miroirs\/#breadcrumb","itemListElement":[{"@type":"ListItem","position":1,"name":"Home","item":"https:\/\/tienne4.it\/fr\/"},{"@type":"ListItem","position":2,"name":"ACCESSOIRE DE SALLE DE BAIN","item":"https:\/\/tienne4.it\/fr\/accessoire-de-salle-de-bain\/"},{"@type":"ListItem","position":3,"name":"Miroirs"}]},{"@type":"WebSite","@id":"https:\/\/tienne4.it\/#website","url":"https:\/\/tienne4.it\/","name":"Tienne4","description":"Produzione Mobili per il Bagno","publisher":{"@id":"https:\/\/tienne4.it\/#organization"},"potentialAction":[{"@type":"SearchAction","target":{"@type":"EntryPoint","urlTemplate":"https:\/\/tienne4.it\/?s={search_term_string}"},"query-input":"required name=search_term_string"}],"inLanguage":"fr-FR"},{"@type":"Organization","@id":"https:\/\/tienne4.it\/#organization","name":"Tienne4","url":"https:\/\/tienne4.it\/","logo":{"@type":"ImageObject","inLanguage":"fr-FR","@id":"https:\/\/tienne4.it\/#\/schema\/logo\/image\/","url":"https:\/\/tienne4.it\/wp-content\/uploads\/2021\/04\/logo-scuro-menu.svg","contentUrl":"https:\/\/tienne4.it\/wp-content\/uploads\/2021\/04\/logo-scuro-menu.svg","width":262,"height":125,"caption":"Tienne4"},"image":{"@id":"https:\/\/tienne4.it\/#\/schema\/logo\/image\/"},"sameAs":["https:\/\/www.facebook.com\/tienne4"]}]}},"_links":{"self":[{"href":"https:\/\/tienne4.it\/fr\/wp-json\/wp\/v2\/pages\/2571","targetHints":{"allow":["GET"]}}],"collection":[{"href":"https:\/\/tienne4.it\/fr\/wp-json\/wp\/v2\/pages"}],"about":[{"href":"https:\/\/tienne4.it\/fr\/wp-json\/wp\/v2\/types\/page"}],"author":[{"embeddable":true,"href":"https:\/\/tienne4.it\/fr\/wp-json\/wp\/v2\/users\/2"}],"replies":[{"embeddable":true,"href":"https:\/\/tienne4.it\/fr\/wp-json\/wp\/v2\/comments?post=2571"}],"version-history":[{"count":2,"href":"https:\/\/tienne4.it\/fr\/wp-json\/wp\/v2\/pages\/2571\/revisions"}],"predecessor-version":[{"id":2573,"href":"https:\/\/tienne4.it\/fr\/wp-json\/wp\/v2\/pages\/2571\/revisions\/2573"}],"up":[{"embeddable":true,"href":"https:\/\/tienne4.it\/fr\/wp-json\/wp\/v2\/pages\/2393"}],"wp:featuredmedia":[{"embeddable":true,"href":"https:\/\/tienne4.it\/fr\/wp-json\/wp\/v2\/media\/1490"}],"wp:attachment":[{"href":"https:\/\/tienne4.it\/fr\/wp-json\/wp\/v2\/media?parent=2571"}],"curies":[{"name":"wp","href":"https:\/\/api.w.org\/{rel}","templated":true}]}}