{"id":2108,"date":"2021-10-21T16:37:29","date_gmt":"2021-10-21T14:37:29","guid":{"rendered":"https:\/\/tienne4.it\/?page_id=2108"},"modified":"2021-11-05T11:41:09","modified_gmt":"2021-11-05T10:41:09","slug":"production","status":"publish","type":"page","link":"https:\/\/tienne4.it\/fr\/production\/","title":{"rendered":"PRODUCTION"},"content":{"rendered":"<section class=\"l-section wpb_row height_medium full_height valign_bottom with_img parallax_fixed\"><div class=\"l-section-img\" style=\"background-image: url(https:\/\/tienne4.it\/wp-content\/uploads\/2021\/04\/13.jpg);background-position: bottom center;background-repeat: no-repeat;\" data-img-width=\"1920\" data-img-height=\"1357\"><\/div><div class=\"l-section-overlay\" style=\"background:rgba(0,0,0,0.20)\"><\/div><div class=\"l-section-h i-cf\"><div class=\"g-cols vc_row via_flex valign_bottom type_default stacking_default\"><div class=\"vc_col-sm-6 wpb_column vc_column_container\"><div class=\"vc_column-inner\"><div class=\"wpb_wrapper\"><\/div><\/div><\/div><div class=\"vc_col-sm-6 wpb_column vc_column_container\"><div class=\"vc_column-inner\"><div class=\"wpb_wrapper\"><\/div><\/div><\/div><\/div><\/div><\/section><section class=\"l-section wpb_row height_medium\"><div class=\"l-section-h i-cf\"><div class=\"g-cols vc_row via_flex valign_top type_default stacking_default\"><div class=\"vc_col-sm-12 wpb_column vc_column_container\"><div class=\"vc_column-inner\"><div class=\"wpb_wrapper\"><div class=\"wpb_text_column\"><div class=\"wpb_wrapper\"><h1>Fabrication meubles pour salle de bain<\/h1>\n<\/div><\/div><div class=\"g-cols wpb_row us_custom_826a24dc via_flex valign_top type_default stacking_default\"><div class=\"vc_col-sm-1 wpb_column vc_column_container\"><div class=\"vc_column-inner us_custom_012bc2e8\"><div class=\"wpb_wrapper\"><\/div><\/div><\/div><div class=\"vc_col-sm-10 wpb_column vc_column_container\"><div class=\"vc_column-inner\"><div class=\"wpb_wrapper\"><div class=\"wpb_text_column us_custom_33e62e98\"><div class=\"wpb_wrapper\"><h4>DESIGN ET FONCTIONNALIT\u00c9 AU SERVICE DU CLIENT<\/h4>\n<\/div><\/div><div class=\"wpb_text_column us_custom_432d3f53\"><div class=\"wpb_wrapper\"><p>La structure productive de Tienne 4 se compose d\u2019entrep\u00f4ts industriels d\u2019environ 9 500 m\u00b2 couverts, avec une grande zone de man\u0153uvre et des stationnements ext\u00e9rieurs. Cette structure comprend toutes les \u00e9tapes du processus : de la menuiserie \u00e0 l\u2019entrep\u00f4t interm\u00e9diaire pour l\u2019alimentation des lignes de montage avec emballage automatique, jusqu\u2019au stockage du produit fini pour chaque commande client, pr\u00eate pour l\u2019exp\u00e9dition.<\/p>\n<p>En plus des bureaux de la direction et op\u00e9rationnels, ce m\u00eame b\u00e2timent abrite une grande salle d\u2019\u00e9chantillons et d\u2019autres pi\u00e8ces utilis\u00e9es pour la pr\u00e9paration des prototypes, ainsi que pour l\u2019\u00e9tude et le d\u00e9veloppement de nouvelles propositions de produits finis et de composants ou pour des dispositifs sp\u00e9ciaux pour am\u00e9liorer la fonctionnalit\u00e9 et la s\u00e9curit\u00e9 des produits du catalogue.<\/p>\n<\/div><\/div><\/div><\/div><\/div><div class=\"vc_col-sm-1 wpb_column vc_column_container\"><div class=\"vc_column-inner\"><div class=\"wpb_wrapper\"><\/div><\/div><\/div><\/div><div class=\"g-cols wpb_row us_custom_826a24dc via_flex valign_top type_default stacking_default\"><div class=\"vc_col-sm-1 wpb_column vc_column_container\"><div class=\"vc_column-inner us_custom_012bc2e8\"><div class=\"wpb_wrapper\"><\/div><\/div><\/div><div class=\"vc_col-sm-10 wpb_column vc_column_container\"><div class=\"vc_column-inner\"><div class=\"wpb_wrapper\"><div class=\"wpb_text_column us_custom_33e62e98\"><div class=\"wpb_wrapper\"><h4>DISTRIBUTION DES PRODUITS<\/h4>\n<\/div><\/div><div class=\"wpb_text_column us_custom_432d3f53\"><div class=\"wpb_wrapper\"><p>Les produits fabriqu\u00e9s par Tienne 4\u00a0 sont principalement destin\u00e9s aux structures primaires de la GDO tant en Italie qu\u2019\u00e0 l\u2019\u00e9tranger. La distribution s\u2019effectue par l\u2019interm\u00e9diaire de la soci\u00e9t\u00e9 m\u00e8re SOFIM Srl Groupe.<\/p>\n<\/div><\/div><\/div><\/div><\/div><div class=\"vc_col-sm-1 wpb_column vc_column_container\"><div class=\"vc_column-inner\"><div class=\"wpb_wrapper\"><\/div><\/div><\/div><\/div><\/div><\/div><\/div><\/div><\/div><\/section><section class=\"l-section wpb_row height_medium\"><div class=\"l-section-h i-cf\"><div class=\"g-cols vc_row via_flex valign_top type_default stacking_default\"><div class=\"vc_col-sm-12 wpb_column vc_column_container\"><div class=\"vc_column-inner\"><div class=\"wpb_wrapper\"><div class=\"w-grid type_grid layout_gallery_default cols_3\" id=\"us_grid_1\" data-filterable=\"true\"><style>#us_grid_1 .w-grid-item{padding:0.5rem}#us_grid_1 .w-grid-list{margin:-0.5rem}.w-grid + #us_grid_1 .w-grid-list,.w-grid-none + #us_grid_1 .w-grid-list{margin-top:0.5rem}@media (max-width:899px){#us_grid_1 .w-grid-item{width:50%}}@media (max-width:599px){#us_grid_1 .w-grid-list{margin:0}#us_grid_1 .w-grid-item{width:100%;padding:0;margin-bottom:0.5rem}}.layout_gallery_default .w-grid-item-h{}<\/style><div class=\"w-grid-list\">\t<article class=\"w-grid-item post-1346 attachment type-attachment status-inherit hentry\" data-id=\"1346\">\r\n\t\t<div class=\"w-grid-item-h\">\r\n\t\t\t\t\t\t\t<a class=\"w-grid-item-anchor\" href=\"https:\/\/tienne4.it\/wp-content\/uploads\/2021\/06\/DSC07249.jpg\" ref=\"magnificPopupGrid\" title=\"Mobili per il bagno &#8211; TIENNE4\"><\/a>\r\n\t\t\t\t\t\t<div class=\"w-post-elm post_image usg_post_image_1 stretched\"><img loading=\"lazy\" decoding=\"async\" width=\"1024\" height=\"684\" src=\"https:\/\/tienne4.it\/wp-content\/uploads\/2021\/06\/DSC07249-1024x684.jpg\" class=\"attachment-large size-large\" alt=\"\" srcset=\"https:\/\/tienne4.it\/wp-content\/uploads\/2021\/06\/DSC07249-1024x684.jpg 1024w, https:\/\/tienne4.it\/wp-content\/uploads\/2021\/06\/DSC07249-300x200.jpg 300w, https:\/\/tienne4.it\/wp-content\/uploads\/2021\/06\/DSC07249-600x400.jpg 600w, https:\/\/tienne4.it\/wp-content\/uploads\/2021\/06\/DSC07249.jpg 1920w\" sizes=\"auto, (max-width: 1024px) 100vw, 1024px\" \/><\/div>\t\t<\/div>\r\n\t<\/article>\r\n\t<article class=\"w-grid-item post-1337 attachment type-attachment status-inherit hentry\" data-id=\"1337\">\r\n\t\t<div class=\"w-grid-item-h\">\r\n\t\t\t\t\t\t\t<a class=\"w-grid-item-anchor\" href=\"https:\/\/tienne4.it\/wp-content\/uploads\/2021\/06\/DSC07230.jpg\" ref=\"magnificPopupGrid\" title=\"Mobili per il bagno &#8211; TIENNE4\"><\/a>\r\n\t\t\t\t\t\t<div class=\"w-post-elm post_image usg_post_image_1 stretched\"><img loading=\"lazy\" decoding=\"async\" width=\"1024\" height=\"684\" src=\"https:\/\/tienne4.it\/wp-content\/uploads\/2021\/06\/DSC07230-1024x684.jpg\" class=\"attachment-large size-large\" alt=\"\" srcset=\"https:\/\/tienne4.it\/wp-content\/uploads\/2021\/06\/DSC07230-1024x684.jpg 1024w, https:\/\/tienne4.it\/wp-content\/uploads\/2021\/06\/DSC07230-300x200.jpg 300w, https:\/\/tienne4.it\/wp-content\/uploads\/2021\/06\/DSC07230-600x400.jpg 600w, https:\/\/tienne4.it\/wp-content\/uploads\/2021\/06\/DSC07230.jpg 1920w\" sizes=\"auto, (max-width: 1024px) 100vw, 1024px\" \/><\/div>\t\t<\/div>\r\n\t<\/article>\r\n\t<article class=\"w-grid-item post-1334 attachment type-attachment status-inherit hentry\" data-id=\"1334\">\r\n\t\t<div class=\"w-grid-item-h\">\r\n\t\t\t\t\t\t\t<a class=\"w-grid-item-anchor\" href=\"https:\/\/tienne4.it\/wp-content\/uploads\/2021\/06\/DSC07225.jpg\" ref=\"magnificPopupGrid\" title=\"Mobili per il bagno &#8211; TIENNE4\"><\/a>\r\n\t\t\t\t\t\t<div class=\"w-post-elm post_image usg_post_image_1 stretched\"><img loading=\"lazy\" decoding=\"async\" width=\"1024\" height=\"684\" src=\"https:\/\/tienne4.it\/wp-content\/uploads\/2021\/06\/DSC07225-1024x684.jpg\" class=\"attachment-large size-large\" alt=\"\" srcset=\"https:\/\/tienne4.it\/wp-content\/uploads\/2021\/06\/DSC07225-1024x684.jpg 1024w, https:\/\/tienne4.it\/wp-content\/uploads\/2021\/06\/DSC07225-300x200.jpg 300w, https:\/\/tienne4.it\/wp-content\/uploads\/2021\/06\/DSC07225-600x400.jpg 600w, https:\/\/tienne4.it\/wp-content\/uploads\/2021\/06\/DSC07225.jpg 1920w\" sizes=\"auto, (max-width: 1024px) 100vw, 1024px\" \/><\/div>\t\t<\/div>\r\n\t<\/article>\r\n<\/div><div class=\"w-grid-preloader\"><div class=\"g-preloader type_custom\">\r\n\t<div><img loading=\"lazy\" decoding=\"async\" width=\"262\" height=\"125\" src=\"https:\/\/tienne4.it\/wp-content\/uploads\/2021\/04\/logo-scuro-menu.svg\" class=\"attachment-medium size-medium\" alt=\"Mobili per il bagno - TIENNE4\" \/><\/div>\r\n<\/div>\r\n<\/div>\t<div class=\"w-grid-json hidden\" onclick='return {&quot;action&quot;:&quot;us_ajax_grid&quot;,&quot;ajax_url&quot;:&quot;https:\\\/\\\/tienne4.it\\\/wp-admin\\\/admin-ajax.php&quot;,&quot;infinite_scroll&quot;:0,&quot;max_num_pages&quot;:1,&quot;pagination&quot;:&quot;none&quot;,&quot;permalink_url&quot;:&quot;https:\\\/\\\/tienne4.it\\\/fr\\\/wp-json\\\/wp\\\/v2\\\/pages\\\/2108\\\/&quot;,&quot;template_vars&quot;:{&quot;columns&quot;:&quot;3&quot;,&quot;exclude_items&quot;:&quot;none&quot;,&quot;img_size&quot;:&quot;default&quot;,&quot;ignore_items_size&quot;:0,&quot;items_layout&quot;:&quot;gallery_default&quot;,&quot;items_offset&quot;:&quot;1&quot;,&quot;load_animation&quot;:&quot;none&quot;,&quot;overriding_link&quot;:&quot;popup_post_image&quot;,&quot;post_id&quot;:2108,&quot;query_args&quot;:{&quot;post_type&quot;:[&quot;attachment&quot;],&quot;post__in&quot;:[&quot;197&quot;,&quot;201&quot;,&quot;198&quot;],&quot;post_status&quot;:&quot;inherit&quot;,&quot;post_mime_type&quot;:&quot;image&quot;,&quot;posts_per_page&quot;:&quot;3&quot;},&quot;orderby_query_args&quot;:{&quot;orderby&quot;:{&quot;date&quot;:&quot;DESC&quot;}},&quot;type&quot;:&quot;grid&quot;,&quot;us_grid_ajax_index&quot;:1,&quot;us_grid_filter_params&quot;:null,&quot;us_grid_index&quot;:1,&quot;_us_grid_post_type&quot;:&quot;attachment&quot;,&quot;lang&quot;:&quot;fr&quot;}}'><\/div>\r\n\t<\/div><\/div><\/div><\/div><\/div><\/div><\/section><section class=\"l-section wpb_row height_medium\"><div class=\"l-section-h i-cf\"><div class=\"g-cols vc_row via_flex valign_top type_default stacking_default\"><div class=\"vc_col-sm-12 wpb_column vc_column_container\"><div class=\"vc_column-inner\"><div class=\"wpb_wrapper\"><div class=\"wpb_text_column\"><div class=\"wpb_wrapper\"><h3>Conception<\/h3>\n<\/div><\/div><div class=\"g-cols wpb_row us_custom_826a24dc via_flex valign_top type_default stacking_default\"><div class=\"vc_col-sm-1 wpb_column vc_column_container\"><div class=\"vc_column-inner us_custom_012bc2e8\"><div class=\"wpb_wrapper\"><\/div><\/div><\/div><div class=\"vc_col-sm-10 wpb_column vc_column_container\"><div class=\"vc_column-inner\"><div class=\"wpb_wrapper\"><div class=\"wpb_text_column us_custom_33e62e98\"><div class=\"wpb_wrapper\"><h4>PROJET, PROTOTYPE ET PRODUCTION<\/h4>\n<\/div><\/div><div class=\"wpb_text_column us_custom_432d3f53\"><div class=\"wpb_wrapper\"><p>L\u2019\u00e9tude et la r\u00e9alisation de nouveaux produits partent des indications du service marketing qui transf\u00e8re les besoins du march\u00e9 aux services concern\u00e9s ainsi qu\u2019au bureau technique interne, avec la collaboration des concepteurs externes qui travaillent avec la soci\u00e9t\u00e9, en tout premier lieu l\u2019architecte Pino Spagnolo, qui traduisent leurs besoins en \u00e9tudes et rendus avec la reconstitution des diff\u00e9rentes propositions.<\/p>\n<p>La phase qui vient imm\u00e9diatement apr\u00e8s est celle de la r\u00e9alisation des prototypes qui sont pr\u00e9par\u00e9s au sein de Tienne 4 avec ses propres ressources et propositions dans des locaux sp\u00e9cialement consacr\u00e9s \u00e0 cette activit\u00e9, pour lancer une discussion avec sa client\u00e8le et celle potentielle.<\/p>\n<p>Puis, apr\u00e8s des tests techniques et commerciaux sp\u00e9cifiques, les nouveaux produits sont ins\u00e9r\u00e9s dans le catalogue continu, en leur attribuant une ligne s\u2019il s\u2019agit d\u2019articles enti\u00e8rement nouveaux ou simplement une r\u00e9vision en cas de mise \u00e0 jour et de refonte de lignes existantes.<\/p>\n<\/div><\/div><\/div><\/div><\/div><div class=\"vc_col-sm-1 wpb_column vc_column_container\"><div class=\"vc_column-inner\"><div class=\"wpb_wrapper\"><\/div><\/div><\/div><\/div><\/div><\/div><\/div><\/div><\/div><\/section><section class=\"l-section wpb_row us_custom_057801f8 height_medium\"><div class=\"l-section-h i-cf\"><div class=\"g-cols vc_row via_flex valign_top type_default stacking_default\"><div class=\"vc_col-sm-12 wpb_column vc_column_container\"><div class=\"vc_column-inner\"><div class=\"wpb_wrapper\"><div class=\"w-image align_center\"><div class=\"w-image-h\"><img loading=\"lazy\" decoding=\"async\" width=\"1920\" height=\"1309\" src=\"https:\/\/tienne4.it\/wp-content\/uploads\/2021\/09\/s3.jpg\" class=\"attachment-full size-full\" alt=\"\" srcset=\"https:\/\/tienne4.it\/wp-content\/uploads\/2021\/09\/s3.jpg 1920w, https:\/\/tienne4.it\/wp-content\/uploads\/2021\/09\/s3-300x205.jpg 300w, https:\/\/tienne4.it\/wp-content\/uploads\/2021\/09\/s3-1024x698.jpg 1024w\" sizes=\"auto, (max-width: 1920px) 100vw, 1920px\" \/><\/div><\/div><\/div><\/div><\/div><\/div><\/div><\/section><section class=\"l-section wpb_row us_custom_4fb9e5a3 height_medium\"><div class=\"l-section-h i-cf\"><div class=\"g-cols vc_row via_flex valign_top type_default stacking_default\"><div class=\"vc_col-sm-12 wpb_column vc_column_container\"><div class=\"vc_column-inner\"><div class=\"wpb_wrapper\"><div class=\"wpb_text_column\"><div class=\"wpb_wrapper\"><h3>Recherche et d\u00e9veloppement<\/h3>\n<\/div><\/div><div class=\"g-cols wpb_row us_custom_826a24dc via_flex valign_top type_default stacking_default\"><div class=\"vc_col-sm-1 wpb_column vc_column_container\"><div class=\"vc_column-inner us_custom_012bc2e8\"><div class=\"wpb_wrapper\"><\/div><\/div><\/div><div class=\"vc_col-sm-10 wpb_column vc_column_container\"><div class=\"vc_column-inner\"><div class=\"wpb_wrapper\"><div class=\"wpb_text_column us_custom_33e62e98\"><div class=\"wpb_wrapper\"><h4>ASSURER AUX PERSONNES CE DONT ELLES ONT BESOIN<\/h4>\n<\/div><\/div><div class=\"wpb_text_column us_custom_432d3f53\"><div class=\"wpb_wrapper\"><p>L\u2019activit\u00e9 R&amp;D repr\u00e9sente pour Tienne 4 l\u2019aspect le plus important et qualifi\u00e9 pour le support commercial et elle est r\u00e9alis\u00e9e avec un engagement constant de ressources financi\u00e8res et humaines.<\/p>\n<p>Tous les co\u00fbts engag\u00e9s sont g\u00e9n\u00e9ralement imput\u00e9s au compte de r\u00e9sultat car il s\u2019agit, dans un certain sens, d\u2019une activit\u00e9 institutionnelle n\u00e9cessaire pour agir sur un march\u00e9 concurrentiel qui exige d\u2019investir chaque ann\u00e9e des ressources pour am\u00e9liorer ses performances. Les frais de R&amp;D sont, en revanche, capitalis\u00e9s lorsqu\u2019ils concernent des projets sp\u00e9cifiques, destin\u00e9s \u00e0 certains clients ou canaux de distribution et dont l\u2019investissement est cens\u00e9 \u00eatre r\u00e9cup\u00e9r\u00e9 sur une certaine p\u00e9riode de temps sur la base d\u2019objectifs pr\u00e9cis et d\u2019attentes commerciales.<\/p>\n<\/div><\/div><\/div><\/div><\/div><div class=\"vc_col-sm-1 wpb_column vc_column_container\"><div class=\"vc_column-inner\"><div class=\"wpb_wrapper\"><\/div><\/div><\/div><\/div><\/div><\/div><\/div><\/div><\/div><\/section><section class=\"l-section wpb_row height_medium\"><div class=\"l-section-h i-cf\"><div class=\"g-cols vc_row via_flex valign_middle type_default stacking_default\"><div class=\"vc_col-sm-6 wpb_column vc_column_container\"><div class=\"vc_column-inner\"><div class=\"wpb_wrapper\"><div class=\"w-image align_none\"><div class=\"w-image-h\"><img loading=\"lazy\" decoding=\"async\" width=\"600\" height=\"600\" src=\"https:\/\/tienne4.it\/wp-content\/uploads\/2021\/08\/LAVANDERIA1-600x600.jpg\" class=\"attachment-us_600_600_crop size-us_600_600_crop\" alt=\"\" srcset=\"https:\/\/tienne4.it\/wp-content\/uploads\/2021\/08\/LAVANDERIA1-600x600.jpg 600w, https:\/\/tienne4.it\/wp-content\/uploads\/2021\/08\/LAVANDERIA1-150x150.jpg 150w\" sizes=\"auto, (max-width: 600px) 100vw, 600px\" \/><\/div><\/div><\/div><\/div><\/div><div class=\"vc_col-sm-6 wpb_column vc_column_container\"><div class=\"vc_column-inner\"><div class=\"wpb_wrapper\"><div class=\"wpb_text_column\"><div class=\"wpb_wrapper\"><h3>Personnalisation<\/h3>\n<\/div><\/div><div class=\"w-separator size_small with_line width_30 thick_1 style_solid color_border align_left\"><div class=\"w-separator-h\"><\/div><\/div><div class=\"wpb_text_column us_custom_432d3f53\"><div class=\"wpb_wrapper\"><p>La taille d\u2019une PME classique de Tienne 4, permet un haut degr\u00e9 de personnalisation des produits, gr\u00e2ce pr\u00e9cis\u00e9ment \u00e0 la flexibilit\u00e9 du processus et \u00e0 la r\u00e9ponse directe des diff\u00e9rents interlocuteurs aux demandes sp\u00e9cifiques du client.<\/p>\n<p>Cet aspect, souvent n\u00e9glig\u00e9, constitue dans la philosophie de Tienne 4 l\u2019une des caract\u00e9ristiques les plus significatives favorisant un \u00e9change direct avec le client, contrairement aux grandes entreprises qui ont souvent une mani\u00e8re tr\u00e8s rationnelle mais aussi impersonnelle et peu concern\u00e9e de traiter le client.<\/p>\n<\/div><\/div><\/div><\/div><\/div><\/div><\/div><\/section><section class=\"l-section wpb_row height_medium\"><div class=\"l-section-h i-cf\"><div class=\"g-cols vc_row via_flex valign_middle type_default stacking_default\"><div class=\"vc_col-sm-6 wpb_column vc_column_container\"><div class=\"vc_column-inner\"><div class=\"wpb_wrapper\"><div class=\"w-image align_none\"><div class=\"w-image-h\"><img loading=\"lazy\" decoding=\"async\" width=\"1280\" height=\"900\" src=\"https:\/\/tienne4.it\/wp-content\/uploads\/2021\/09\/businesswoman-call-center-office-1280x900.jpg\" class=\"attachment-us_1280_900_crop size-us_1280_900_crop\" alt=\"\" \/><\/div><\/div><\/div><\/div><\/div><div class=\"vc_col-sm-6 wpb_column vc_column_container\"><div class=\"vc_column-inner\"><div class=\"wpb_wrapper\"><div class=\"wpb_text_column\"><div class=\"wpb_wrapper\"><h3>Services apr\u00e8s-vente<\/h3>\n<\/div><\/div><div class=\"w-separator size_small with_line width_30 thick_1 style_solid color_border align_left\"><div class=\"w-separator-h\"><\/div><\/div><div class=\"wpb_text_column us_custom_432d3f53\"><div class=\"wpb_wrapper\"><p>Tienne 4 est tr\u00e8s attach\u00e9e \u00e0 l\u2019assistance apr\u00e8s-vente en faveur des clients, pour assurer un montage et une installation corrects du mobilier, en fournissant toutes les informations techniques n\u00e9cessaires, contenues dans les instructions de montage jointes aux produits. Cette activit\u00e9 fait, en tout \u00e9tat de cause, partie des ressources internes sp\u00e9cifiques en charge et capables d\u2019intervenir rapidement en cas de besoin.<\/p>\n<\/div><\/div><\/div><\/div><\/div><\/div><\/div><\/section>\n","protected":false},"excerpt":{"rendered":"Mobili per il bagno - TIENNE4","protected":false},"author":2,"featured_media":0,"parent":0,"menu_order":22,"comment_status":"closed","ping_status":"closed","template":"","meta":{"inline_featured_image":false,"footnotes":""},"class_list":["post-2108","page","type-page","status-publish","hentry"],"yoast_head":"<!-- This site is optimized with the Yoast SEO plugin v19.9 - https:\/\/yoast.com\/wordpress\/plugins\/seo\/ -->\n<title>PRODUCTION - Tienne4<\/title>\n<meta name=\"robots\" content=\"index, follow, max-snippet:-1, max-image-preview:large, max-video-preview:-1\" \/>\n<link rel=\"canonical\" href=\"https:\/\/tienne4.it\/fr\/production\/\" \/>\n<meta property=\"og:locale\" content=\"fr_FR\" \/>\n<meta property=\"og:type\" content=\"article\" \/>\n<meta property=\"og:title\" content=\"PRODUCTION - Tienne4\" \/>\n<meta property=\"og:url\" content=\"https:\/\/tienne4.it\/fr\/production\/\" \/>\n<meta property=\"og:site_name\" content=\"Tienne4\" \/>\n<meta property=\"article:publisher\" content=\"https:\/\/www.facebook.com\/tienne4\" \/>\n<meta property=\"article:modified_time\" content=\"2021-11-05T10:41:09+00:00\" \/>\n<meta name=\"twitter:card\" content=\"summary_large_image\" \/>\n<meta name=\"twitter:label1\" content=\"Dur\u00e9e de lecture estim\u00e9e\" \/>\n\t<meta name=\"twitter:data1\" content=\"3 minutes\" \/>\n<script type=\"application\/ld+json\" class=\"yoast-schema-graph\">{\"@context\":\"https:\/\/schema.org\",\"@graph\":[{\"@type\":\"WebPage\",\"@id\":\"https:\/\/tienne4.it\/fr\/production\/\",\"url\":\"https:\/\/tienne4.it\/fr\/production\/\",\"name\":\"PRODUCTION - Tienne4\",\"isPartOf\":{\"@id\":\"https:\/\/tienne4.it\/#website\"},\"datePublished\":\"2021-10-21T14:37:29+00:00\",\"dateModified\":\"2021-11-05T10:41:09+00:00\",\"breadcrumb\":{\"@id\":\"https:\/\/tienne4.it\/fr\/production\/#breadcrumb\"},\"inLanguage\":\"fr-FR\",\"potentialAction\":[{\"@type\":\"ReadAction\",\"target\":[\"https:\/\/tienne4.it\/fr\/production\/\"]}]},{\"@type\":\"BreadcrumbList\",\"@id\":\"https:\/\/tienne4.it\/fr\/production\/#breadcrumb\",\"itemListElement\":[{\"@type\":\"ListItem\",\"position\":1,\"name\":\"Home\",\"item\":\"https:\/\/tienne4.it\/fr\/\"},{\"@type\":\"ListItem\",\"position\":2,\"name\":\"PRODUCTION\"}]},{\"@type\":\"WebSite\",\"@id\":\"https:\/\/tienne4.it\/#website\",\"url\":\"https:\/\/tienne4.it\/\",\"name\":\"Tienne4\",\"description\":\"Produzione Mobili per il Bagno\",\"publisher\":{\"@id\":\"https:\/\/tienne4.it\/#organization\"},\"potentialAction\":[{\"@type\":\"SearchAction\",\"target\":{\"@type\":\"EntryPoint\",\"urlTemplate\":\"https:\/\/tienne4.it\/?s={search_term_string}\"},\"query-input\":\"required name=search_term_string\"}],\"inLanguage\":\"fr-FR\"},{\"@type\":\"Organization\",\"@id\":\"https:\/\/tienne4.it\/#organization\",\"name\":\"Tienne4\",\"url\":\"https:\/\/tienne4.it\/\",\"logo\":{\"@type\":\"ImageObject\",\"inLanguage\":\"fr-FR\",\"@id\":\"https:\/\/tienne4.it\/#\/schema\/logo\/image\/\",\"url\":\"https:\/\/tienne4.it\/wp-content\/uploads\/2021\/04\/logo-scuro-menu.svg\",\"contentUrl\":\"https:\/\/tienne4.it\/wp-content\/uploads\/2021\/04\/logo-scuro-menu.svg\",\"width\":262,\"height\":125,\"caption\":\"Tienne4\"},\"image\":{\"@id\":\"https:\/\/tienne4.it\/#\/schema\/logo\/image\/\"},\"sameAs\":[\"https:\/\/www.facebook.com\/tienne4\"]}]}<\/script>\n<!-- \/ Yoast SEO plugin. -->","yoast_head_json":{"title":"PRODUCTION - Tienne4","robots":{"index":"index","follow":"follow","max-snippet":"max-snippet:-1","max-image-preview":"max-image-preview:large","max-video-preview":"max-video-preview:-1"},"canonical":"https:\/\/tienne4.it\/fr\/production\/","og_locale":"fr_FR","og_type":"article","og_title":"PRODUCTION - Tienne4","og_url":"https:\/\/tienne4.it\/fr\/production\/","og_site_name":"Tienne4","article_publisher":"https:\/\/www.facebook.com\/tienne4","article_modified_time":"2021-11-05T10:41:09+00:00","twitter_card":"summary_large_image","twitter_misc":{"Dur\u00e9e de lecture estim\u00e9e":"3 minutes"},"schema":{"@context":"https:\/\/schema.org","@graph":[{"@type":"WebPage","@id":"https:\/\/tienne4.it\/fr\/production\/","url":"https:\/\/tienne4.it\/fr\/production\/","name":"PRODUCTION - Tienne4","isPartOf":{"@id":"https:\/\/tienne4.it\/#website"},"datePublished":"2021-10-21T14:37:29+00:00","dateModified":"2021-11-05T10:41:09+00:00","breadcrumb":{"@id":"https:\/\/tienne4.it\/fr\/production\/#breadcrumb"},"inLanguage":"fr-FR","potentialAction":[{"@type":"ReadAction","target":["https:\/\/tienne4.it\/fr\/production\/"]}]},{"@type":"BreadcrumbList","@id":"https:\/\/tienne4.it\/fr\/production\/#breadcrumb","itemListElement":[{"@type":"ListItem","position":1,"name":"Home","item":"https:\/\/tienne4.it\/fr\/"},{"@type":"ListItem","position":2,"name":"PRODUCTION"}]},{"@type":"WebSite","@id":"https:\/\/tienne4.it\/#website","url":"https:\/\/tienne4.it\/","name":"Tienne4","description":"Produzione Mobili per il Bagno","publisher":{"@id":"https:\/\/tienne4.it\/#organization"},"potentialAction":[{"@type":"SearchAction","target":{"@type":"EntryPoint","urlTemplate":"https:\/\/tienne4.it\/?s={search_term_string}"},"query-input":"required name=search_term_string"}],"inLanguage":"fr-FR"},{"@type":"Organization","@id":"https:\/\/tienne4.it\/#organization","name":"Tienne4","url":"https:\/\/tienne4.it\/","logo":{"@type":"ImageObject","inLanguage":"fr-FR","@id":"https:\/\/tienne4.it\/#\/schema\/logo\/image\/","url":"https:\/\/tienne4.it\/wp-content\/uploads\/2021\/04\/logo-scuro-menu.svg","contentUrl":"https:\/\/tienne4.it\/wp-content\/uploads\/2021\/04\/logo-scuro-menu.svg","width":262,"height":125,"caption":"Tienne4"},"image":{"@id":"https:\/\/tienne4.it\/#\/schema\/logo\/image\/"},"sameAs":["https:\/\/www.facebook.com\/tienne4"]}]}},"_links":{"self":[{"href":"https:\/\/tienne4.it\/fr\/wp-json\/wp\/v2\/pages\/2108","targetHints":{"allow":["GET"]}}],"collection":[{"href":"https:\/\/tienne4.it\/fr\/wp-json\/wp\/v2\/pages"}],"about":[{"href":"https:\/\/tienne4.it\/fr\/wp-json\/wp\/v2\/types\/page"}],"author":[{"embeddable":true,"href":"https:\/\/tienne4.it\/fr\/wp-json\/wp\/v2\/users\/2"}],"replies":[{"embeddable":true,"href":"https:\/\/tienne4.it\/fr\/wp-json\/wp\/v2\/comments?post=2108"}],"version-history":[{"count":13,"href":"https:\/\/tienne4.it\/fr\/wp-json\/wp\/v2\/pages\/2108\/revisions"}],"predecessor-version":[{"id":2973,"href":"https:\/\/tienne4.it\/fr\/wp-json\/wp\/v2\/pages\/2108\/revisions\/2973"}],"wp:attachment":[{"href":"https:\/\/tienne4.it\/fr\/wp-json\/wp\/v2\/media?parent=2108"}],"curies":[{"name":"wp","href":"https:\/\/api.w.org\/{rel}","templated":true}]}}