{"id":2104,"date":"2021-10-21T16:36:15","date_gmt":"2021-10-21T14:36:15","guid":{"rendered":"https:\/\/tienne4.it\/?page_id=2104"},"modified":"2021-11-05T10:54:45","modified_gmt":"2021-11-05T09:54:45","slug":"entreprise","status":"publish","type":"page","link":"https:\/\/tienne4.it\/fr\/entreprise\/","title":{"rendered":"ENTREPRISE"},"content":{"rendered":"<section class=\"l-section wpb_row height_medium full_height valign_bottom with_img parallax_fixed\"><div class=\"l-section-img\" style=\"background-image: url(https:\/\/tienne4.it\/wp-content\/uploads\/2021\/08\/DJI_0784.jpg);background-position: bottom center;background-repeat: no-repeat;\" data-img-width=\"1920\" data-img-height=\"1279\"><\/div><div class=\"l-section-overlay\" style=\"background:rgba(0,0,0,0.20)\"><\/div><div class=\"l-section-h i-cf\"><div class=\"g-cols vc_row via_flex valign_bottom type_default stacking_default\"><div class=\"vc_col-sm-6 wpb_column vc_column_container\"><div class=\"vc_column-inner\"><div class=\"wpb_wrapper\"><\/div><\/div><\/div><div class=\"vc_col-sm-6 wpb_column vc_column_container\"><div class=\"vc_column-inner\"><div class=\"wpb_wrapper\"><\/div><\/div><\/div><\/div><\/div><\/section><section class=\"l-section wpb_row height_medium\"><div class=\"l-section-h i-cf\"><div class=\"g-cols vc_row via_flex valign_top type_default stacking_default\"><div class=\"vc_col-sm-12 wpb_column vc_column_container\"><div class=\"vc_column-inner\"><div class=\"wpb_wrapper\"><div class=\"wpb_text_column\"><div class=\"wpb_wrapper\"><h1>Profil de la soci\u00e9t\u00e9<\/h1>\n<\/div><\/div><div class=\"g-cols wpb_row us_custom_826a24dc via_flex valign_top type_default stacking_default\"><div class=\"vc_col-sm-1 wpb_column vc_column_container\"><div class=\"vc_column-inner us_custom_012bc2e8\"><div class=\"wpb_wrapper\"><\/div><\/div><\/div><div class=\"vc_col-sm-10 wpb_column vc_column_container\"><div class=\"vc_column-inner\"><div class=\"wpb_wrapper\"><div class=\"wpb_text_column us_custom_33e62e98\"><div class=\"wpb_wrapper\"><h4>ASSURER AUX PERSONNES CE DONT ELLES ONT BESOIN<\/h4>\n<\/div><\/div><div class=\"wpb_text_column us_custom_432d3f53\"><div class=\"wpb_wrapper\"><p>Tienne 4 Srl est n\u00e9e en avril 2014 \u00e0 l\u2019initiative de Giacomo Mosconi, un entrepreneur de Brescia, intervenant aupr\u00e8s de plusieurs entreprises op\u00e9rant dans des secteurs tr\u00e8s diff\u00e9rents, en Italie et \u00e0 l\u2019\u00e9tranger, avec pour objectif de relancer un site de production comme celui de Pieve di Bono qui, dans le pass\u00e9, repr\u00e9sentait une r\u00e9f\u00e9rence dans la production de meubles de salle de bain, en Italie et \u00e0 l\u2019\u00e9tranger, et qui se pr\u00e9sente aujourd\u2019hui sur un march\u00e9 certainement difficile comme celui des \u00ab meubles de salle de bain \u00bb mais avec des <strong>propositions innovantes<\/strong> capables de susciter l\u2019int\u00e9r\u00eat de l\u2019utilisateur final. Le \u00ab projet \u00bb est mis en place en adoptant un tout nouveau mod\u00e8le d\u2019organisation, auquel participe le fils Andrea, qui collabore depuis plusieurs ann\u00e9es maintenant en tant que PDG, pour atteindre les objectifs \u00e0 moyen terme du plan industriel qui constitue le point de r\u00e9f\u00e9rence constant de l\u2019initiative entrepreneuriale.<\/p>\n<\/div><\/div><\/div><\/div><\/div><div class=\"vc_col-sm-1 wpb_column vc_column_container\"><div class=\"vc_column-inner\"><div class=\"wpb_wrapper\"><\/div><\/div><\/div><\/div><div class=\"w-separator size_medium\"><\/div><div class=\"w-grid type_carousel layout_gallery_default cols_2\" id=\"us_grid_1\"><style>#us_grid_1 .w-grid-item{padding:1.5rem}#us_grid_1 .w-grid-list{margin:-1.5rem}.w-grid + #us_grid_1 .w-grid-list,.w-grid-none + #us_grid_1 .w-grid-list{margin-top:1.5rem}.layout_gallery_default .w-grid-item-h{}<\/style><div class=\"w-grid-list owl-carousel navstyle_circle navpos_outside with_dots\" style=\"--arrows-size:1.8rem;\">\t<article class=\"w-grid-item post-1475 attachment type-attachment status-inherit hentry\" data-id=\"1475\">\r\n\t\t<div class=\"w-grid-item-h\">\r\n\t\t\t\t\t\t\t<a class=\"w-grid-item-anchor\" href=\"https:\/\/tienne4.it\/wp-content\/uploads\/2021\/08\/DSC07187.jpg\" ref=\"magnificPopupGrid\" title=\"Mobili per il bagno &#8211; TIENNE4\"><\/a>\r\n\t\t\t\t\t\t<div class=\"w-post-elm post_image usg_post_image_1 stretched\"><img loading=\"lazy\" decoding=\"async\" width=\"1280\" height=\"900\" src=\"https:\/\/tienne4.it\/wp-content\/uploads\/2021\/08\/DSC07187-1280x900.jpg\" class=\"attachment-us_1280_900_crop size-us_1280_900_crop\" alt=\"\" \/><\/div>\t\t<\/div>\r\n\t<\/article>\r\n\t<article class=\"w-grid-item post-2045 attachment type-attachment status-inherit hentry\" data-id=\"2045\">\r\n\t\t<div class=\"w-grid-item-h\">\r\n\t\t\t\t\t\t\t<a class=\"w-grid-item-anchor\" href=\"https:\/\/tienne4.it\/wp-content\/uploads\/2021\/09\/OND06203-Modifica.jpg\" ref=\"magnificPopupGrid\" title=\"Mobili per il bagno &#8211; TIENNE4\"><\/a>\r\n\t\t\t\t\t\t<div class=\"w-post-elm post_image usg_post_image_1 stretched\"><img loading=\"lazy\" decoding=\"async\" width=\"1280\" height=\"900\" src=\"https:\/\/tienne4.it\/wp-content\/uploads\/2021\/09\/OND06203-Modifica-1280x900.jpg\" class=\"attachment-us_1280_900_crop size-us_1280_900_crop\" alt=\"\" \/><\/div>\t\t<\/div>\r\n\t<\/article>\r\n\t<article class=\"w-grid-item post-1322 attachment type-attachment status-inherit hentry\" data-id=\"1322\">\r\n\t\t<div class=\"w-grid-item-h\">\r\n\t\t\t\t\t\t\t<a class=\"w-grid-item-anchor\" href=\"https:\/\/tienne4.it\/wp-content\/uploads\/2021\/06\/DSC07196.jpg\" ref=\"magnificPopupGrid\" title=\"Mobili per il bagno &#8211; TIENNE4\"><\/a>\r\n\t\t\t\t\t\t<div class=\"w-post-elm post_image usg_post_image_1 stretched\"><img loading=\"lazy\" decoding=\"async\" width=\"1280\" height=\"900\" src=\"https:\/\/tienne4.it\/wp-content\/uploads\/2021\/06\/DSC07196-1280x900.jpg\" class=\"attachment-us_1280_900_crop size-us_1280_900_crop\" alt=\"\" \/><\/div>\t\t<\/div>\r\n\t<\/article>\r\n\t<article class=\"w-grid-item post-1325 attachment type-attachment status-inherit hentry\" data-id=\"1325\">\r\n\t\t<div class=\"w-grid-item-h\">\r\n\t\t\t\t\t\t\t<a class=\"w-grid-item-anchor\" href=\"https:\/\/tienne4.it\/wp-content\/uploads\/2021\/06\/DSC07212.jpg\" ref=\"magnificPopupGrid\" title=\"Mobili per il bagno &#8211; TIENNE4\"><\/a>\r\n\t\t\t\t\t\t<div class=\"w-post-elm post_image usg_post_image_1 stretched\"><img loading=\"lazy\" decoding=\"async\" width=\"1280\" height=\"900\" src=\"https:\/\/tienne4.it\/wp-content\/uploads\/2021\/06\/DSC07212-1280x900.jpg\" class=\"attachment-us_1280_900_crop size-us_1280_900_crop\" alt=\"\" \/><\/div>\t\t<\/div>\r\n\t<\/article>\r\n\t<article class=\"w-grid-item post-1328 attachment type-attachment status-inherit hentry\" data-id=\"1328\">\r\n\t\t<div class=\"w-grid-item-h\">\r\n\t\t\t\t\t\t\t<a class=\"w-grid-item-anchor\" href=\"https:\/\/tienne4.it\/wp-content\/uploads\/2021\/06\/DSC07219.jpg\" ref=\"magnificPopupGrid\" title=\"Mobili per il bagno &#8211; TIENNE4\"><\/a>\r\n\t\t\t\t\t\t<div class=\"w-post-elm post_image usg_post_image_1 stretched\"><img loading=\"lazy\" decoding=\"async\" width=\"1280\" height=\"900\" src=\"https:\/\/tienne4.it\/wp-content\/uploads\/2021\/06\/DSC07219-1280x900.jpg\" class=\"attachment-us_1280_900_crop size-us_1280_900_crop\" alt=\"\" \/><\/div>\t\t<\/div>\r\n\t<\/article>\r\n<\/div><div class=\"g-preloader type_custom\">\r\n\t<div><img loading=\"lazy\" decoding=\"async\" width=\"262\" height=\"125\" src=\"https:\/\/tienne4.it\/wp-content\/uploads\/2021\/04\/logo-scuro-menu.svg\" class=\"attachment-medium size-medium\" alt=\"Mobili per il bagno - TIENNE4\" \/><\/div>\r\n<\/div>\r\n\t<div class=\"w-grid-json hidden\" onclick='return {&quot;action&quot;:&quot;us_ajax_grid&quot;,&quot;ajax_url&quot;:&quot;https:\\\/\\\/tienne4.it\\\/wp-admin\\\/admin-ajax.php&quot;,&quot;infinite_scroll&quot;:0,&quot;max_num_pages&quot;:1,&quot;pagination&quot;:&quot;none&quot;,&quot;permalink_url&quot;:&quot;https:\\\/\\\/tienne4.it\\\/fr\\\/wp-json\\\/wp\\\/v2\\\/pages\\\/2104\\\/&quot;,&quot;template_vars&quot;:{&quot;columns&quot;:&quot;2&quot;,&quot;exclude_items&quot;:&quot;none&quot;,&quot;img_size&quot;:&quot;us_1280_900_crop&quot;,&quot;ignore_items_size&quot;:0,&quot;items_layout&quot;:&quot;gallery_default&quot;,&quot;items_offset&quot;:&quot;1&quot;,&quot;load_animation&quot;:&quot;none&quot;,&quot;overriding_link&quot;:&quot;popup_post_image&quot;,&quot;post_id&quot;:2104,&quot;query_args&quot;:{&quot;post_type&quot;:[&quot;attachment&quot;],&quot;post__in&quot;:[&quot;293&quot;,&quot;924&quot;,&quot;193&quot;,&quot;194&quot;,&quot;195&quot;],&quot;post_status&quot;:&quot;inherit&quot;,&quot;post_mime_type&quot;:&quot;image&quot;,&quot;posts_per_page&quot;:&quot;10&quot;},&quot;orderby_query_args&quot;:{&quot;orderby&quot;:{&quot;post__in&quot;:&quot;ASC&quot;},&quot;order&quot;:&quot;ASC&quot;},&quot;type&quot;:&quot;carousel&quot;,&quot;us_grid_ajax_index&quot;:1,&quot;us_grid_filter_params&quot;:null,&quot;us_grid_index&quot;:1,&quot;_us_grid_post_type&quot;:&quot;attachment&quot;,&quot;lang&quot;:&quot;fr&quot;},&quot;carousel_settings&quot;:{&quot;autoHeight&quot;:0,&quot;autoplay&quot;:0,&quot;carousel_fade&quot;:0,&quot;center&quot;:0,&quot;dots&quot;:1,&quot;items&quot;:&quot;2&quot;,&quot;loop&quot;:false,&quot;nav&quot;:1,&quot;slideby&quot;:&quot;1&quot;,&quot;smooth_play&quot;:0,&quot;speed&quot;:250,&quot;timeout&quot;:3000,&quot;transition&quot;:&quot;&quot;},&quot;carousel_breakpoints&quot;:{&quot;0&quot;:{&quot;autoHeight&quot;:0,&quot;autoplay&quot;:1,&quot;autoplayHoverPause&quot;:1,&quot;items&quot;:1,&quot;loop&quot;:true,&quot;stagePadding&quot;:0},&quot;600&quot;:{&quot;autoHeight&quot;:0,&quot;autoplay&quot;:1,&quot;autoplayHoverPause&quot;:1,&quot;items&quot;:2,&quot;loop&quot;:false,&quot;stagePadding&quot;:0},&quot;900&quot;:{&quot;autoHeight&quot;:0,&quot;autoplay&quot;:1,&quot;autoplayHoverPause&quot;:1,&quot;items&quot;:&quot;2&quot;,&quot;loop&quot;:false,&quot;stagePadding&quot;:0},&quot;1200&quot;:{&quot;items&quot;:2,&quot;stagePadding&quot;:0}}}'><\/div>\r\n\t<\/div><div class=\"w-separator size_medium\"><\/div><\/div><\/div><\/div><\/div><\/div><\/section><section class=\"l-section wpb_row height_medium\"><div class=\"l-section-h i-cf\"><div class=\"g-cols vc_row via_flex valign_top type_default stacking_default\"><div class=\"vc_col-sm-12 wpb_column vc_column_container\"><div class=\"vc_column-inner\"><div class=\"wpb_wrapper\"><div class=\"w-separator size_medium\"><\/div><div class=\"w-image align_center\"><div class=\"w-image-h\"><img loading=\"lazy\" decoding=\"async\" width=\"262\" height=\"125\" src=\"https:\/\/tienne4.it\/wp-content\/uploads\/2021\/04\/logo-scuro-menu.svg\" class=\"attachment-us_600_400_crop size-us_600_400_crop\" alt=\"\" \/><\/div><\/div><div class=\"g-cols wpb_row us_custom_826a24dc via_flex valign_top type_default stacking_default\"><div class=\"vc_col-sm-1 wpb_column vc_column_container\"><div class=\"vc_column-inner\"><div class=\"wpb_wrapper\"><\/div><\/div><\/div><div class=\"vc_col-sm-10 wpb_column vc_column_container\"><div class=\"vc_column-inner\"><div class=\"wpb_wrapper\"><div class=\"wpb_text_column\"><div class=\"wpb_wrapper\"><h3 style=\"text-align: center;\">Philosophie de l\u2019entreprise et mission<\/h3>\n<\/div><\/div><div class=\"w-separator size_small with_line width_30 thick_1 style_solid color_border align_center\"><div class=\"w-separator-h\"><\/div><\/div><div class=\"wpb_text_column us_custom_432d3f53\"><div class=\"wpb_wrapper\"><p>La philosophie de l\u2019entreprise est \u00e0 consacrer un maximum d\u2019attention au march\u00e9, en Italie mais \u00e9galement \u00e0 l\u2019\u00e9tranger, en suivant les tendances et en \u00e9tudiant des solutions techniques adapt\u00e9es aux nouvelles fonctions qui peuvent apparaitre, en \u00e9tant attentif d\u2019une part \u00e0 l\u2019aspect \u00e9motionnel, comme peut l\u2019\u00eatre un design particulier ou une finition sp\u00e9ciale et, d\u2019autre part et surtout, \u00e0 l\u2019aspect fonctionnel qui r\u00e9siste au temps.<\/p>\n<p>Tienne 4 r\u00e9pond \u00e0 toutes les meilleures caract\u00e9ristiques pour mener \u00e0 bien sa mission qui consiste \u00e0 assurer aux personnes ce dont elles ont besoin en maintenant pour cela un processus de production comp\u00e9titif, align\u00e9 sur la concurrence la plus \u00e9lev\u00e9e, mais en cultivant \u00e9galement une relation directe avec la client\u00e8le pour saisir imm\u00e9diatement les besoins et proposer les meilleures solutions.<\/p>\n<\/div><\/div><\/div><\/div><\/div><div class=\"vc_col-sm-1 wpb_column vc_column_container\"><div class=\"vc_column-inner\"><div class=\"wpb_wrapper\"><\/div><\/div><\/div><\/div><\/div><\/div><\/div><\/div><\/div><\/section><section class=\"l-section wpb_row us_custom_4fb9e5a3 height_medium\"><div class=\"l-section-h i-cf\"><div class=\"g-cols vc_row via_flex valign_top type_default stacking_default\"><div class=\"vc_col-sm-12 wpb_column vc_column_container\"><div class=\"vc_column-inner\"><div class=\"wpb_wrapper\"><div class=\"w-image align_center\"><div class=\"w-image-h\"><img loading=\"lazy\" decoding=\"async\" width=\"1920\" height=\"1280\" src=\"https:\/\/tienne4.it\/wp-content\/uploads\/2021\/08\/hand-holdig-big-tree-growing-on-green-background-eco-earth-day-concept.jpg\" class=\"attachment-full size-full\" alt=\"\" srcset=\"https:\/\/tienne4.it\/wp-content\/uploads\/2021\/08\/hand-holdig-big-tree-growing-on-green-background-eco-earth-day-concept.jpg 1920w, https:\/\/tienne4.it\/wp-content\/uploads\/2021\/08\/hand-holdig-big-tree-growing-on-green-background-eco-earth-day-concept-300x200.jpg 300w, https:\/\/tienne4.it\/wp-content\/uploads\/2021\/08\/hand-holdig-big-tree-growing-on-green-background-eco-earth-day-concept-1024x683.jpg 1024w, https:\/\/tienne4.it\/wp-content\/uploads\/2021\/08\/hand-holdig-big-tree-growing-on-green-background-eco-earth-day-concept-600x400.jpg 600w\" sizes=\"auto, (max-width: 1920px) 100vw, 1920px\" \/><\/div><\/div><div class=\"w-separator size_medium\"><\/div><div class=\"wpb_text_column\"><div class=\"wpb_wrapper\"><h3>S\u00e9curit\u00e9 sur le lieu de travail et respect de l\u2019environnement<\/h3>\n<\/div><\/div><div class=\"g-cols wpb_row us_custom_826a24dc via_flex valign_top type_default stacking_default\"><div class=\"vc_col-sm-1 wpb_column vc_column_container\"><div class=\"vc_column-inner us_custom_012bc2e8\"><div class=\"wpb_wrapper\"><\/div><\/div><\/div><div class=\"vc_col-sm-10 wpb_column vc_column_container\"><div class=\"vc_column-inner\"><div class=\"wpb_wrapper\"><div class=\"wpb_text_column us_custom_33e62e98\"><div class=\"wpb_wrapper\"><h4>\u00c9L\u00c9MENTS CL\u00c9S DE LA PHILOSOPHIE DE L\u2019ENTREPRISE<\/h4>\n<\/div><\/div><div class=\"wpb_text_column us_custom_432d3f53\"><div class=\"wpb_wrapper\"><p>Le respect de la s\u00e9curit\u00e9 sur le lieu de travail et de l\u2019environnement sont des \u00e9l\u00e9ments cl\u00e9s de la philosophie de l\u2019entreprise, compte tenu \u00e9videmment du fait qu\u2019il s&rsquo;agit en soi d\u2019un proc\u00e9d\u00e9 de fabrication qui n\u2019utilise pas de mati\u00e8res ou de produits polluants ou particuli\u00e8rement dangereux.\u2028L\u2019installation du chauffage de la zone de production pour laquelle on a adopt\u00e9 un syst\u00e8me \u00e9lectrique d\u2019acc\u00e9l\u00e9ration ionique, qui \u00e9vite le processus de combustion pour g\u00e9n\u00e9rer de la chaleur avec des avantages incontestables \u00e9galement du point de vue op\u00e9rationnel et des \u00e9missions dans l\u2019atmosph\u00e8re puisqu\u2019il n\u2019y a pas besoin de chaufferie, est un bon exemple de cette philosophie. M\u00eame les mat\u00e9riaux d\u2019emballage sont tous des cartons recycl\u00e9s.\u2028Les d\u00e9chets sont collect\u00e9s dans des conteneurs sp\u00e9ciaux s\u00e9lectionn\u00e9s par type et p\u00e9riodiquement \u00e9limin\u00e9s conform\u00e9ment \u00e0 la l\u00e9gislation en vigueur.\u2028Toute la zone de production et de service est \u00e9quip\u00e9e d\u2019un syst\u00e8me de vid\u00e9osurveillance 24h\/24 reli\u00e9 au poste de surveillance afin de garantir une s\u00e9curit\u00e9 maximale sur le lieu de travail 7 jours sur 7.\u2028La s\u00e9curit\u00e9 sur le lieu de travail et le respect de la l\u00e9gislation en vigueur en la mati\u00e8re, qui comprend la pr\u00e9paration du document d\u2019\u00e9valuation des risques conform\u00e9ment \u00e0 l\u2019art.\u00a028, d\u00e9cret l\u00e9gislatif n\u00b0\u00a081\/2008, est confi\u00e9e \u00e0 la soci\u00e9t\u00e9 Sicurezza e Igiene del Lavoro Srl qui exerce cette activit\u00e9 avec des missions et des contr\u00f4les p\u00e9riodiques, dans le cadre d\u2019une relation professionnelle et continue.\u2028Conform\u00e9ment aux dispositions du d\u00e9cret l\u00e9gislatif n\u00b0\u00a0231\/ 01, la soci\u00e9t\u00e9 a adopt\u00e9 un code \u00e9thique concernant \u00e9galement l\u2019atelier.\u2028\u00c0 propos de l\u2019urgence sanitaire du COVID-19, il est \u00e0 noter que Tienne 4 a adopt\u00e9 toutes les mesures n\u00e9cessaires et qu\u2019\u00e0 l\u2019heure actuelle, aucun employ\u00e9 et\/ou collaborateur de la soci\u00e9t\u00e9 n\u2019a \u00e9t\u00e9 d\u00e9tect\u00e9 positif au virus.<\/p>\n<\/div><\/div><\/div><\/div><\/div><div class=\"vc_col-sm-1 wpb_column vc_column_container\"><div class=\"vc_column-inner\"><div class=\"wpb_wrapper\"><\/div><\/div><\/div><\/div><\/div><\/div><\/div><\/div><\/div><\/section><section class=\"l-section wpb_row height_large\"><div class=\"l-section-h i-cf\"><div class=\"g-cols vc_row via_flex valign_top type_default stacking_default\"><div class=\"vc_col-sm-12 wpb_column vc_column_container\"><div class=\"vc_column-inner\"><div class=\"wpb_wrapper\"><div class=\"wpb_text_column\"><div class=\"wpb_wrapper\"><h3>Qualit\u00e9 italienne<\/h3>\n<\/div><\/div><div class=\"g-cols wpb_row us_custom_826a24dc via_flex valign_top type_default stacking_default\"><div class=\"vc_col-sm-1 wpb_column vc_column_container\"><div class=\"vc_column-inner us_custom_012bc2e8\"><div class=\"wpb_wrapper\"><\/div><\/div><\/div><div class=\"vc_col-sm-10 wpb_column vc_column_container\"><div class=\"vc_column-inner\"><div class=\"wpb_wrapper\"><div class=\"wpb_text_column us_custom_33e62e98\"><div class=\"wpb_wrapper\"><h4>DESIGN ET FONCTIONNALIT\u00c9 AU SERVICE DU CLIENT<\/h4>\n<\/div><\/div><div class=\"wpb_text_column us_custom_432d3f53\"><div class=\"wpb_wrapper\"><p>La garantie de la qualit\u00e9 est un point cl\u00e9 de la philosophie et du mod\u00e8le d\u2019organisation adopt\u00e9 par Tienne 4 et elle concerne l\u2019ensemble du cycle de fabrication.\u2028La soci\u00e9t\u00e9 est certifi\u00e9e ISO 9001:2018 et dispose de toutes les proc\u00e9dures de contr\u00f4le interne pour garantir la qualit\u00e9 du produit final, en suivant et en surveillant les diff\u00e9rentes \u00e9tapes du processus.\u2028Cela se r\u00e9alise en partant de la qualification des fournisseurs, tous issus des meilleures entreprises, aussi bien pour la fourniture des composants que pour certains processus de transformation, en \u00e9tant attentif \u00e0 l\u2019achat et \u00e0 la gestion des mati\u00e8res premi\u00e8res aupr\u00e8s des principaux fabricants pour garantir la qualit\u00e9 et l\u2019homog\u00e9n\u00e9it\u00e9 des composants et des produits finis.\u2028Tous les fournisseurs de panneaux, en agglom\u00e9r\u00e9 ou noble et en MDF (Medium Density-Fibreboard), sont certifi\u00e9s FSC (Forest Stewardship Council).\u2028Les composants livr\u00e9s font l\u2019objet d\u2019un contr\u00f4le quantitatifs et qualitatifs \u00e0 la r\u00e9ception, puis sur les lignes d\u2019assemblage, \u00e0 partir de l\u2019op\u00e9ration de picking et de la pr\u00e9paration des composants pour l\u2019assemblage de chaque commande, jusqu\u2019\u00e0 l&#8217;emballage final automatique avec \u00e9tiquetage et gestion du processus avec codes-barres qui accompagnent le produit \u00e0 l\u2019entrep\u00f4t pour l\u2019exp\u00e9dition et la livraison au client final.\u2028En plus d\u2019assurer la tra\u00e7abilit\u00e9 du mat\u00e9riel dans toutes les phases du cycle de production, cette proc\u00e9dure permet de mieux g\u00e9rer les \u00e9ventuels d\u00e9fauts ou les r\u00e9clamations des clients \u00e0 qui nous assurons une rapidit\u00e9 d\u2019intervention maximale, tout en sugg\u00e9rant en m\u00eame temps, les actions les plus appropri\u00e9es \u00e0 adopter pour \u00e9viter la r\u00e9p\u00e9tition de possibles anomalies.<\/p>\n<\/div><\/div><\/div><\/div><\/div><div class=\"vc_col-sm-1 wpb_column vc_column_container\"><div class=\"vc_column-inner\"><div class=\"wpb_wrapper\"><\/div><\/div><\/div><\/div><\/div><\/div><\/div><\/div><\/div><\/section>\n","protected":false},"excerpt":{"rendered":"Mobili per il bagno - TIENNE4","protected":false},"author":2,"featured_media":0,"parent":0,"menu_order":23,"comment_status":"closed","ping_status":"closed","template":"","meta":{"inline_featured_image":false,"footnotes":""},"class_list":["post-2104","page","type-page","status-publish","hentry"],"yoast_head":"<!-- This site is optimized with the Yoast SEO plugin v19.9 - https:\/\/yoast.com\/wordpress\/plugins\/seo\/ -->\n<title>ENTREPRISE - Tienne4<\/title>\n<meta name=\"robots\" content=\"index, follow, max-snippet:-1, max-image-preview:large, max-video-preview:-1\" \/>\n<link rel=\"canonical\" href=\"https:\/\/tienne4.it\/fr\/entreprise\/\" \/>\n<meta property=\"og:locale\" content=\"fr_FR\" \/>\n<meta property=\"og:type\" content=\"article\" \/>\n<meta property=\"og:title\" content=\"ENTREPRISE - Tienne4\" \/>\n<meta property=\"og:url\" content=\"https:\/\/tienne4.it\/fr\/entreprise\/\" \/>\n<meta property=\"og:site_name\" content=\"Tienne4\" \/>\n<meta property=\"article:publisher\" content=\"https:\/\/www.facebook.com\/tienne4\" \/>\n<meta property=\"article:modified_time\" content=\"2021-11-05T09:54:45+00:00\" \/>\n<meta name=\"twitter:card\" content=\"summary_large_image\" \/>\n<meta name=\"twitter:label1\" content=\"Dur\u00e9e de lecture estim\u00e9e\" \/>\n\t<meta name=\"twitter:data1\" content=\"5 minutes\" \/>\n<script type=\"application\/ld+json\" class=\"yoast-schema-graph\">{\"@context\":\"https:\/\/schema.org\",\"@graph\":[{\"@type\":\"WebPage\",\"@id\":\"https:\/\/tienne4.it\/fr\/entreprise\/\",\"url\":\"https:\/\/tienne4.it\/fr\/entreprise\/\",\"name\":\"ENTREPRISE - Tienne4\",\"isPartOf\":{\"@id\":\"https:\/\/tienne4.it\/#website\"},\"datePublished\":\"2021-10-21T14:36:15+00:00\",\"dateModified\":\"2021-11-05T09:54:45+00:00\",\"breadcrumb\":{\"@id\":\"https:\/\/tienne4.it\/fr\/entreprise\/#breadcrumb\"},\"inLanguage\":\"fr-FR\",\"potentialAction\":[{\"@type\":\"ReadAction\",\"target\":[\"https:\/\/tienne4.it\/fr\/entreprise\/\"]}]},{\"@type\":\"BreadcrumbList\",\"@id\":\"https:\/\/tienne4.it\/fr\/entreprise\/#breadcrumb\",\"itemListElement\":[{\"@type\":\"ListItem\",\"position\":1,\"name\":\"Home\",\"item\":\"https:\/\/tienne4.it\/fr\/\"},{\"@type\":\"ListItem\",\"position\":2,\"name\":\"ENTREPRISE\"}]},{\"@type\":\"WebSite\",\"@id\":\"https:\/\/tienne4.it\/#website\",\"url\":\"https:\/\/tienne4.it\/\",\"name\":\"Tienne4\",\"description\":\"Produzione Mobili per il Bagno\",\"publisher\":{\"@id\":\"https:\/\/tienne4.it\/#organization\"},\"potentialAction\":[{\"@type\":\"SearchAction\",\"target\":{\"@type\":\"EntryPoint\",\"urlTemplate\":\"https:\/\/tienne4.it\/?s={search_term_string}\"},\"query-input\":\"required name=search_term_string\"}],\"inLanguage\":\"fr-FR\"},{\"@type\":\"Organization\",\"@id\":\"https:\/\/tienne4.it\/#organization\",\"name\":\"Tienne4\",\"url\":\"https:\/\/tienne4.it\/\",\"logo\":{\"@type\":\"ImageObject\",\"inLanguage\":\"fr-FR\",\"@id\":\"https:\/\/tienne4.it\/#\/schema\/logo\/image\/\",\"url\":\"https:\/\/tienne4.it\/wp-content\/uploads\/2021\/04\/logo-scuro-menu.svg\",\"contentUrl\":\"https:\/\/tienne4.it\/wp-content\/uploads\/2021\/04\/logo-scuro-menu.svg\",\"width\":262,\"height\":125,\"caption\":\"Tienne4\"},\"image\":{\"@id\":\"https:\/\/tienne4.it\/#\/schema\/logo\/image\/\"},\"sameAs\":[\"https:\/\/www.facebook.com\/tienne4\"]}]}<\/script>\n<!-- \/ Yoast SEO plugin. -->","yoast_head_json":{"title":"ENTREPRISE - Tienne4","robots":{"index":"index","follow":"follow","max-snippet":"max-snippet:-1","max-image-preview":"max-image-preview:large","max-video-preview":"max-video-preview:-1"},"canonical":"https:\/\/tienne4.it\/fr\/entreprise\/","og_locale":"fr_FR","og_type":"article","og_title":"ENTREPRISE - Tienne4","og_url":"https:\/\/tienne4.it\/fr\/entreprise\/","og_site_name":"Tienne4","article_publisher":"https:\/\/www.facebook.com\/tienne4","article_modified_time":"2021-11-05T09:54:45+00:00","twitter_card":"summary_large_image","twitter_misc":{"Dur\u00e9e de lecture estim\u00e9e":"5 minutes"},"schema":{"@context":"https:\/\/schema.org","@graph":[{"@type":"WebPage","@id":"https:\/\/tienne4.it\/fr\/entreprise\/","url":"https:\/\/tienne4.it\/fr\/entreprise\/","name":"ENTREPRISE - Tienne4","isPartOf":{"@id":"https:\/\/tienne4.it\/#website"},"datePublished":"2021-10-21T14:36:15+00:00","dateModified":"2021-11-05T09:54:45+00:00","breadcrumb":{"@id":"https:\/\/tienne4.it\/fr\/entreprise\/#breadcrumb"},"inLanguage":"fr-FR","potentialAction":[{"@type":"ReadAction","target":["https:\/\/tienne4.it\/fr\/entreprise\/"]}]},{"@type":"BreadcrumbList","@id":"https:\/\/tienne4.it\/fr\/entreprise\/#breadcrumb","itemListElement":[{"@type":"ListItem","position":1,"name":"Home","item":"https:\/\/tienne4.it\/fr\/"},{"@type":"ListItem","position":2,"name":"ENTREPRISE"}]},{"@type":"WebSite","@id":"https:\/\/tienne4.it\/#website","url":"https:\/\/tienne4.it\/","name":"Tienne4","description":"Produzione Mobili per il Bagno","publisher":{"@id":"https:\/\/tienne4.it\/#organization"},"potentialAction":[{"@type":"SearchAction","target":{"@type":"EntryPoint","urlTemplate":"https:\/\/tienne4.it\/?s={search_term_string}"},"query-input":"required name=search_term_string"}],"inLanguage":"fr-FR"},{"@type":"Organization","@id":"https:\/\/tienne4.it\/#organization","name":"Tienne4","url":"https:\/\/tienne4.it\/","logo":{"@type":"ImageObject","inLanguage":"fr-FR","@id":"https:\/\/tienne4.it\/#\/schema\/logo\/image\/","url":"https:\/\/tienne4.it\/wp-content\/uploads\/2021\/04\/logo-scuro-menu.svg","contentUrl":"https:\/\/tienne4.it\/wp-content\/uploads\/2021\/04\/logo-scuro-menu.svg","width":262,"height":125,"caption":"Tienne4"},"image":{"@id":"https:\/\/tienne4.it\/#\/schema\/logo\/image\/"},"sameAs":["https:\/\/www.facebook.com\/tienne4"]}]}},"_links":{"self":[{"href":"https:\/\/tienne4.it\/fr\/wp-json\/wp\/v2\/pages\/2104","targetHints":{"allow":["GET"]}}],"collection":[{"href":"https:\/\/tienne4.it\/fr\/wp-json\/wp\/v2\/pages"}],"about":[{"href":"https:\/\/tienne4.it\/fr\/wp-json\/wp\/v2\/types\/page"}],"author":[{"embeddable":true,"href":"https:\/\/tienne4.it\/fr\/wp-json\/wp\/v2\/users\/2"}],"replies":[{"embeddable":true,"href":"https:\/\/tienne4.it\/fr\/wp-json\/wp\/v2\/comments?post=2104"}],"version-history":[{"count":5,"href":"https:\/\/tienne4.it\/fr\/wp-json\/wp\/v2\/pages\/2104\/revisions"}],"predecessor-version":[{"id":2935,"href":"https:\/\/tienne4.it\/fr\/wp-json\/wp\/v2\/pages\/2104\/revisions\/2935"}],"wp:attachment":[{"href":"https:\/\/tienne4.it\/fr\/wp-json\/wp\/v2\/media?parent=2104"}],"curies":[{"name":"wp","href":"https:\/\/api.w.org\/{rel}","templated":true}]}}