{"id":2567,"date":"2021-10-25T10:08:46","date_gmt":"2021-10-25T08:08:46","guid":{"rendered":"https:\/\/tienne4.it\/?page_id=2567"},"modified":"2021-10-25T10:08:46","modified_gmt":"2021-10-25T08:08:46","slug":"beschlaege-und-siphons","status":"publish","type":"page","link":"https:\/\/tienne4.it\/de\/badezimmerzubehoer\/beschlaege-und-siphons\/","title":{"rendered":"Beschl\u00e4ge und Siphons"},"content":{"rendered":"<section class=\"l-section wpb_row height_medium\"><div class=\"l-section-h i-cf\"><div class=\"g-cols vc_row via_flex valign_top type_default stacking_default\"><div class=\"vc_col-sm-12 wpb_column vc_column_container\"><div class=\"vc_column-inner\"><div class=\"wpb_wrapper\"><div class=\"wpb_text_column\"><div class=\"wpb_wrapper\"><h1>Beschl\u00e4ge und Siphons<\/h1>\n<\/div><\/div><div class=\"w-separator size_medium\"><\/div><\/div><\/div><\/div><\/div><\/div><\/section><section class=\"l-section wpb_row height_medium\"><div class=\"l-section-h i-cf\"><div class=\"g-cols vc_row via_flex valign_top type_default stacking_default\"><div class=\"vc_col-sm-6 wpb_column vc_column_container\"><div class=\"vc_column-inner\"><div class=\"wpb_wrapper\"><div class=\"w-image align_none\"><div class=\"w-image-h\"><img loading=\"lazy\" decoding=\"async\" width=\"1920\" height=\"1920\" src=\"https:\/\/tienne4.it\/wp-content\/uploads\/2021\/09\/OND05721.jpg\" class=\"attachment-full size-full\" alt=\"\" srcset=\"https:\/\/tienne4.it\/wp-content\/uploads\/2021\/09\/OND05721.jpg 1920w, https:\/\/tienne4.it\/wp-content\/uploads\/2021\/09\/OND05721-300x300.jpg 300w, https:\/\/tienne4.it\/wp-content\/uploads\/2021\/09\/OND05721-1024x1024.jpg 1024w, https:\/\/tienne4.it\/wp-content\/uploads\/2021\/09\/OND05721-150x150.jpg 150w, https:\/\/tienne4.it\/wp-content\/uploads\/2021\/09\/OND05721-600x600.jpg 600w\" sizes=\"auto, (max-width: 1920px) 100vw, 1920px\" \/><\/div><\/div><div class=\"wpb_text_column\"><div class=\"wpb_wrapper\"><p>R\u00e4der-Bausatz<\/p>\n<\/div><\/div><\/div><\/div><\/div><div class=\"vc_col-sm-6 wpb_column vc_column_container\"><div class=\"vc_column-inner\"><div class=\"wpb_wrapper\"><div class=\"w-image align_none\"><div class=\"w-image-h\"><img loading=\"lazy\" decoding=\"async\" width=\"1920\" height=\"1920\" src=\"https:\/\/tienne4.it\/wp-content\/uploads\/2021\/09\/OND05717.jpg\" class=\"attachment-full size-full\" alt=\"\" srcset=\"https:\/\/tienne4.it\/wp-content\/uploads\/2021\/09\/OND05717.jpg 1920w, https:\/\/tienne4.it\/wp-content\/uploads\/2021\/09\/OND05717-300x300.jpg 300w, https:\/\/tienne4.it\/wp-content\/uploads\/2021\/09\/OND05717-1024x1024.jpg 1024w, https:\/\/tienne4.it\/wp-content\/uploads\/2021\/09\/OND05717-150x150.jpg 150w, https:\/\/tienne4.it\/wp-content\/uploads\/2021\/09\/OND05717-600x600.jpg 600w\" sizes=\"auto, (max-width: 1920px) 100vw, 1920px\" \/><\/div><\/div><div class=\"wpb_text_column\"><div class=\"wpb_wrapper\"><p>Winkelb\u00fcgel<\/p>\n<\/div><\/div><\/div><\/div><\/div><\/div><\/div><\/section><section class=\"l-section wpb_row height_medium\"><div class=\"l-section-h i-cf\"><div class=\"g-cols vc_row via_flex valign_top type_default stacking_default\"><div class=\"vc_col-sm-6 wpb_column vc_column_container\"><div class=\"vc_column-inner\"><div class=\"wpb_wrapper\"><div class=\"w-image align_none\"><div class=\"w-image-h\"><img loading=\"lazy\" decoding=\"async\" width=\"1920\" height=\"1920\" src=\"https:\/\/tienne4.it\/wp-content\/uploads\/2021\/09\/OND05718.jpg\" class=\"attachment-full size-full\" alt=\"\" srcset=\"https:\/\/tienne4.it\/wp-content\/uploads\/2021\/09\/OND05718.jpg 1920w, https:\/\/tienne4.it\/wp-content\/uploads\/2021\/09\/OND05718-300x300.jpg 300w, https:\/\/tienne4.it\/wp-content\/uploads\/2021\/09\/OND05718-1024x1024.jpg 1024w, https:\/\/tienne4.it\/wp-content\/uploads\/2021\/09\/OND05718-150x150.jpg 150w, https:\/\/tienne4.it\/wp-content\/uploads\/2021\/09\/OND05718-600x600.jpg 600w\" sizes=\"auto, (max-width: 1920px) 100vw, 1920px\" \/><\/div><\/div><div class=\"wpb_text_column\"><div class=\"wpb_wrapper\"><p>Siphon<\/p>\n<\/div><\/div><\/div><\/div><\/div><div class=\"vc_col-sm-6 wpb_column vc_column_container\"><div class=\"vc_column-inner\"><div class=\"wpb_wrapper\"><\/div><\/div><\/div><\/div><\/div><\/section>\n","protected":false},"excerpt":{"rendered":"Beschl\u00e4ge und Siphons R\u00e4der-Bausatz Winkelb\u00fcgel Siphon","protected":false},"author":2,"featured_media":0,"parent":2391,"menu_order":0,"comment_status":"closed","ping_status":"closed","template":"","meta":{"inline_featured_image":false,"footnotes":""},"class_list":["post-2567","page","type-page","status-publish","hentry"],"yoast_head":"<!-- This site is optimized with the Yoast SEO plugin v19.9 - https:\/\/yoast.com\/wordpress\/plugins\/seo\/ -->\n<title>Beschl\u00e4ge und Siphons - Tienne4<\/title>\n<meta name=\"robots\" content=\"index, follow, max-snippet:-1, max-image-preview:large, max-video-preview:-1\" \/>\n<link rel=\"canonical\" href=\"https:\/\/tienne4.it\/de\/badezimmerzubehoer\/beschlaege-und-siphons\/\" \/>\n<meta property=\"og:locale\" content=\"de_DE\" \/>\n<meta property=\"og:type\" content=\"article\" \/>\n<meta property=\"og:title\" content=\"Beschl\u00e4ge und Siphons - Tienne4\" \/>\n<meta property=\"og:url\" content=\"https:\/\/tienne4.it\/de\/badezimmerzubehoer\/beschlaege-und-siphons\/\" \/>\n<meta property=\"og:site_name\" content=\"Tienne4\" \/>\n<meta property=\"article:publisher\" content=\"https:\/\/www.facebook.com\/tienne4\" \/>\n<meta name=\"twitter:card\" content=\"summary_large_image\" \/>\n<meta name=\"twitter:label1\" content=\"Gesch\u00e4tzte Lesezeit\" \/>\n\t<meta name=\"twitter:data1\" content=\"1\u00a0Minute\" \/>\n<script type=\"application\/ld+json\" class=\"yoast-schema-graph\">{\"@context\":\"https:\/\/schema.org\",\"@graph\":[{\"@type\":\"WebPage\",\"@id\":\"https:\/\/tienne4.it\/de\/badezimmerzubehoer\/beschlaege-und-siphons\/\",\"url\":\"https:\/\/tienne4.it\/de\/badezimmerzubehoer\/beschlaege-und-siphons\/\",\"name\":\"Beschl\u00e4ge und Siphons - Tienne4\",\"isPartOf\":{\"@id\":\"https:\/\/tienne4.it\/#website\"},\"datePublished\":\"2021-10-25T08:08:46+00:00\",\"dateModified\":\"2021-10-25T08:08:46+00:00\",\"breadcrumb\":{\"@id\":\"https:\/\/tienne4.it\/de\/badezimmerzubehoer\/beschlaege-und-siphons\/#breadcrumb\"},\"inLanguage\":\"de\",\"potentialAction\":[{\"@type\":\"ReadAction\",\"target\":[\"https:\/\/tienne4.it\/de\/badezimmerzubehoer\/beschlaege-und-siphons\/\"]}]},{\"@type\":\"BreadcrumbList\",\"@id\":\"https:\/\/tienne4.it\/de\/badezimmerzubehoer\/beschlaege-und-siphons\/#breadcrumb\",\"itemListElement\":[{\"@type\":\"ListItem\",\"position\":1,\"name\":\"Home\",\"item\":\"https:\/\/tienne4.it\/de\/\"},{\"@type\":\"ListItem\",\"position\":2,\"name\":\"BADEZIMMERZUBEH\u00d6R\",\"item\":\"https:\/\/tienne4.it\/de\/badezimmerzubehoer\/\"},{\"@type\":\"ListItem\",\"position\":3,\"name\":\"Beschl\u00e4ge und Siphons\"}]},{\"@type\":\"WebSite\",\"@id\":\"https:\/\/tienne4.it\/#website\",\"url\":\"https:\/\/tienne4.it\/\",\"name\":\"Tienne4\",\"description\":\"Produzione Mobili per il Bagno\",\"publisher\":{\"@id\":\"https:\/\/tienne4.it\/#organization\"},\"potentialAction\":[{\"@type\":\"SearchAction\",\"target\":{\"@type\":\"EntryPoint\",\"urlTemplate\":\"https:\/\/tienne4.it\/?s={search_term_string}\"},\"query-input\":\"required name=search_term_string\"}],\"inLanguage\":\"de\"},{\"@type\":\"Organization\",\"@id\":\"https:\/\/tienne4.it\/#organization\",\"name\":\"Tienne4\",\"url\":\"https:\/\/tienne4.it\/\",\"logo\":{\"@type\":\"ImageObject\",\"inLanguage\":\"de\",\"@id\":\"https:\/\/tienne4.it\/#\/schema\/logo\/image\/\",\"url\":\"https:\/\/tienne4.it\/wp-content\/uploads\/2021\/04\/logo-scuro-menu.svg\",\"contentUrl\":\"https:\/\/tienne4.it\/wp-content\/uploads\/2021\/04\/logo-scuro-menu.svg\",\"width\":262,\"height\":125,\"caption\":\"Tienne4\"},\"image\":{\"@id\":\"https:\/\/tienne4.it\/#\/schema\/logo\/image\/\"},\"sameAs\":[\"https:\/\/www.facebook.com\/tienne4\"]}]}<\/script>\n<!-- \/ Yoast SEO plugin. -->","yoast_head_json":{"title":"Beschl\u00e4ge und Siphons - Tienne4","robots":{"index":"index","follow":"follow","max-snippet":"max-snippet:-1","max-image-preview":"max-image-preview:large","max-video-preview":"max-video-preview:-1"},"canonical":"https:\/\/tienne4.it\/de\/badezimmerzubehoer\/beschlaege-und-siphons\/","og_locale":"de_DE","og_type":"article","og_title":"Beschl\u00e4ge und Siphons - Tienne4","og_url":"https:\/\/tienne4.it\/de\/badezimmerzubehoer\/beschlaege-und-siphons\/","og_site_name":"Tienne4","article_publisher":"https:\/\/www.facebook.com\/tienne4","twitter_card":"summary_large_image","twitter_misc":{"Gesch\u00e4tzte Lesezeit":"1\u00a0Minute"},"schema":{"@context":"https:\/\/schema.org","@graph":[{"@type":"WebPage","@id":"https:\/\/tienne4.it\/de\/badezimmerzubehoer\/beschlaege-und-siphons\/","url":"https:\/\/tienne4.it\/de\/badezimmerzubehoer\/beschlaege-und-siphons\/","name":"Beschl\u00e4ge und Siphons - Tienne4","isPartOf":{"@id":"https:\/\/tienne4.it\/#website"},"datePublished":"2021-10-25T08:08:46+00:00","dateModified":"2021-10-25T08:08:46+00:00","breadcrumb":{"@id":"https:\/\/tienne4.it\/de\/badezimmerzubehoer\/beschlaege-und-siphons\/#breadcrumb"},"inLanguage":"de","potentialAction":[{"@type":"ReadAction","target":["https:\/\/tienne4.it\/de\/badezimmerzubehoer\/beschlaege-und-siphons\/"]}]},{"@type":"BreadcrumbList","@id":"https:\/\/tienne4.it\/de\/badezimmerzubehoer\/beschlaege-und-siphons\/#breadcrumb","itemListElement":[{"@type":"ListItem","position":1,"name":"Home","item":"https:\/\/tienne4.it\/de\/"},{"@type":"ListItem","position":2,"name":"BADEZIMMERZUBEH\u00d6R","item":"https:\/\/tienne4.it\/de\/badezimmerzubehoer\/"},{"@type":"ListItem","position":3,"name":"Beschl\u00e4ge und Siphons"}]},{"@type":"WebSite","@id":"https:\/\/tienne4.it\/#website","url":"https:\/\/tienne4.it\/","name":"Tienne4","description":"Produzione Mobili per il Bagno","publisher":{"@id":"https:\/\/tienne4.it\/#organization"},"potentialAction":[{"@type":"SearchAction","target":{"@type":"EntryPoint","urlTemplate":"https:\/\/tienne4.it\/?s={search_term_string}"},"query-input":"required name=search_term_string"}],"inLanguage":"de"},{"@type":"Organization","@id":"https:\/\/tienne4.it\/#organization","name":"Tienne4","url":"https:\/\/tienne4.it\/","logo":{"@type":"ImageObject","inLanguage":"de","@id":"https:\/\/tienne4.it\/#\/schema\/logo\/image\/","url":"https:\/\/tienne4.it\/wp-content\/uploads\/2021\/04\/logo-scuro-menu.svg","contentUrl":"https:\/\/tienne4.it\/wp-content\/uploads\/2021\/04\/logo-scuro-menu.svg","width":262,"height":125,"caption":"Tienne4"},"image":{"@id":"https:\/\/tienne4.it\/#\/schema\/logo\/image\/"},"sameAs":["https:\/\/www.facebook.com\/tienne4"]}]}},"_links":{"self":[{"href":"https:\/\/tienne4.it\/de\/wp-json\/wp\/v2\/pages\/2567","targetHints":{"allow":["GET"]}}],"collection":[{"href":"https:\/\/tienne4.it\/de\/wp-json\/wp\/v2\/pages"}],"about":[{"href":"https:\/\/tienne4.it\/de\/wp-json\/wp\/v2\/types\/page"}],"author":[{"embeddable":true,"href":"https:\/\/tienne4.it\/de\/wp-json\/wp\/v2\/users\/2"}],"replies":[{"embeddable":true,"href":"https:\/\/tienne4.it\/de\/wp-json\/wp\/v2\/comments?post=2567"}],"version-history":[{"count":1,"href":"https:\/\/tienne4.it\/de\/wp-json\/wp\/v2\/pages\/2567\/revisions"}],"predecessor-version":[{"id":2568,"href":"https:\/\/tienne4.it\/de\/wp-json\/wp\/v2\/pages\/2567\/revisions\/2568"}],"up":[{"embeddable":true,"href":"https:\/\/tienne4.it\/de\/wp-json\/wp\/v2\/pages\/2391"}],"wp:attachment":[{"href":"https:\/\/tienne4.it\/de\/wp-json\/wp\/v2\/media?parent=2567"}],"curies":[{"name":"wp","href":"https:\/\/api.w.org\/{rel}","templated":true}]}}