{"id":2559,"date":"2021-10-25T09:52:03","date_gmt":"2021-10-25T07:52:03","guid":{"rendered":"https:\/\/tienne4.it\/?page_id=2559"},"modified":"2021-10-25T09:52:03","modified_gmt":"2021-10-25T07:52:03","slug":"saeulen-und-haengeschraenke","status":"publish","type":"page","link":"https:\/\/tienne4.it\/de\/badezimmerzubehoer\/saeulen-und-haengeschraenke\/","title":{"rendered":"S\u00e4ulen und H\u00e4ngeschr\u00e4nke"},"content":{"rendered":"<section class=\"l-section wpb_row height_medium\"><div class=\"l-section-h i-cf\"><div class=\"g-cols vc_row via_flex valign_top type_default stacking_default\"><div class=\"vc_col-sm-12 wpb_column vc_column_container\"><div class=\"vc_column-inner\"><div class=\"wpb_wrapper\"><div class=\"wpb_text_column\"><div class=\"wpb_wrapper\"><h1>S\u00e4ulen und H\u00e4ngeschr\u00e4nke<\/h1>\n<\/div><\/div><div class=\"w-separator size_medium\"><\/div><\/div><\/div><\/div><\/div><\/div><\/section><section class=\"l-section wpb_row height_medium\"><div class=\"l-section-h i-cf\"><div class=\"g-cols vc_row via_flex valign_top type_default stacking_default\"><div class=\"vc_col-sm-6 wpb_column vc_column_container\"><div class=\"vc_column-inner\"><div class=\"wpb_wrapper\"><div class=\"w-slider style_none fit_scaledown\"><div class=\"w-slider-h\"><div class=\"royalSlider\"><div class=\"rsContent\"><a class=\"rsImg\" data-rsw=\"1280\" data-rsh=\"900\" href=\"https:\/\/tienne4.it\/wp-content\/uploads\/2021\/09\/COLONNE-E-PENSILI.1878-1280x900.jpg\"><span data-alt=\"\"><\/span><\/a><\/div><div class=\"rsContent\"><a class=\"rsImg\" data-rsw=\"1280\" data-rsh=\"900\" href=\"https:\/\/tienne4.it\/wp-content\/uploads\/2021\/09\/COLONNE-E-PENSILI.1882-1280x900.jpg\"><span data-alt=\"\"><\/span><\/a><\/div><\/div><img decoding=\"async\" src=\"https:\/\/tienne4.it\/wp-content\/uploads\/2021\/09\/COLONNE-E-PENSILI.1878-1280x900.jpg\" width=\"1280\" height=\"900\" alt loading=\"lazy\"><\/div><div class=\"w-slider-json\" onclick='return {&quot;loop&quot;:true,&quot;fadeInLoadedSlide&quot;:false,&quot;slidesSpacing&quot;:0,&quot;imageScalePadding&quot;:0,&quot;numImagesToPreload&quot;:2,&quot;arrowsNav&quot;:true,&quot;arrowsNavAutoHide&quot;:false,&quot;transitionType&quot;:&quot;move&quot;,&quot;transitionSpeed&quot;:250,&quot;block&quot;:{&quot;moveEffect&quot;:&quot;none&quot;,&quot;speed&quot;:300},&quot;controlNavigation&quot;:&quot;none&quot;,&quot;imageScaleMode&quot;:&quot;fit-if-smaller&quot;,&quot;autoScaleSlider&quot;:true,&quot;autoScaleSliderWidth&quot;:1280,&quot;autoScaleSliderHeight&quot;:900,&quot;fitInViewport&quot;:false}'><\/div><\/div><div class=\"wpb_text_column\"><div class=\"wpb_wrapper\"><p>Hochschrank<br \/>\n30L x 30P x 170H<\/p>\n<\/div><\/div><\/div><\/div><\/div><div class=\"vc_col-sm-6 wpb_column vc_column_container\"><div class=\"vc_column-inner\"><div class=\"wpb_wrapper\"><div class=\"w-slider style_none fit_scaledown\"><div class=\"w-slider-h\"><div class=\"royalSlider\"><div class=\"rsContent\"><a class=\"rsImg\" data-rsw=\"1280\" data-rsh=\"900\" href=\"https:\/\/tienne4.it\/wp-content\/uploads\/2021\/09\/SOLE-01.1877-1280x900.jpg\"><span data-alt=\"\"><\/span><\/a><\/div><\/div><img decoding=\"async\" src=\"https:\/\/tienne4.it\/wp-content\/uploads\/2021\/09\/SOLE-01.1877-1280x900.jpg\" width=\"1280\" height=\"900\" alt loading=\"lazy\"><\/div><div class=\"w-slider-json\" onclick='return {&quot;loop&quot;:true,&quot;fadeInLoadedSlide&quot;:false,&quot;slidesSpacing&quot;:0,&quot;imageScalePadding&quot;:0,&quot;numImagesToPreload&quot;:2,&quot;arrowsNav&quot;:true,&quot;arrowsNavAutoHide&quot;:false,&quot;transitionType&quot;:&quot;move&quot;,&quot;transitionSpeed&quot;:250,&quot;block&quot;:{&quot;moveEffect&quot;:&quot;none&quot;,&quot;speed&quot;:300},&quot;controlNavigation&quot;:&quot;none&quot;,&quot;imageScaleMode&quot;:&quot;fit-if-smaller&quot;,&quot;autoScaleSlider&quot;:true,&quot;autoScaleSliderWidth&quot;:1280,&quot;autoScaleSliderHeight&quot;:900,&quot;fitInViewport&quot;:false}'><\/div><\/div><div class=\"wpb_text_column\"><div class=\"wpb_wrapper\"><p>Drehbarer Hochschrank<br \/>\n28L x 25P x 180H da muro 34<\/p>\n<\/div><\/div><\/div><\/div><\/div><\/div><\/div><\/section><section class=\"l-section wpb_row height_medium\"><div class=\"l-section-h i-cf\"><div class=\"g-cols vc_row via_flex valign_top type_default stacking_default\"><div class=\"vc_col-sm-6 wpb_column vc_column_container\"><div class=\"vc_column-inner\"><div class=\"wpb_wrapper\"><div class=\"w-slider style_none fit_scaledown\"><div class=\"w-slider-h\"><div class=\"royalSlider\"><div class=\"rsContent\"><a class=\"rsImg\" data-rsw=\"1280\" data-rsh=\"900\" href=\"https:\/\/tienne4.it\/wp-content\/uploads\/2021\/09\/COLONNE-E-PENSILI.1879-1280x900.jpg\"><span data-alt=\"\"><\/span><\/a><\/div><div class=\"rsContent\"><a class=\"rsImg\" data-rsw=\"1280\" data-rsh=\"900\" href=\"https:\/\/tienne4.it\/wp-content\/uploads\/2021\/09\/COLONNE-E-PENSILI.1880-1280x900.jpg\"><span data-alt=\"\"><\/span><\/a><\/div><\/div><img decoding=\"async\" src=\"https:\/\/tienne4.it\/wp-content\/uploads\/2021\/09\/COLONNE-E-PENSILI.1879-1280x900.jpg\" width=\"1280\" height=\"900\" alt loading=\"lazy\"><\/div><div class=\"w-slider-json\" onclick='return {&quot;loop&quot;:true,&quot;fadeInLoadedSlide&quot;:false,&quot;slidesSpacing&quot;:0,&quot;imageScalePadding&quot;:0,&quot;numImagesToPreload&quot;:2,&quot;arrowsNav&quot;:true,&quot;arrowsNavAutoHide&quot;:false,&quot;transitionType&quot;:&quot;move&quot;,&quot;transitionSpeed&quot;:250,&quot;block&quot;:{&quot;moveEffect&quot;:&quot;none&quot;,&quot;speed&quot;:300},&quot;controlNavigation&quot;:&quot;none&quot;,&quot;imageScaleMode&quot;:&quot;fit-if-smaller&quot;,&quot;autoScaleSlider&quot;:true,&quot;autoScaleSliderWidth&quot;:1280,&quot;autoScaleSliderHeight&quot;:900,&quot;fitInViewport&quot;:false}'><\/div><\/div><div class=\"wpb_text_column\"><div class=\"wpb_wrapper\"><p>H\u00e4ngeschrank<br \/>\n30L x 17P x 70H<br \/>\n30L x 15P x 70H<\/p>\n<\/div><\/div><\/div><\/div><\/div><div class=\"vc_col-sm-6 wpb_column vc_column_container\"><div class=\"vc_column-inner\"><div class=\"wpb_wrapper\"><\/div><\/div><\/div><\/div><\/div><\/section>\n","protected":false},"excerpt":{"rendered":"S\u00e4ulen und H\u00e4ngeschr\u00e4nke Hochschrank 30L x 30P x 170H Drehbarer Hochschrank 28L x 25P x 180H da muro 34 H\u00e4ngeschrank 30L x 17P x 70H 30L x 15P x 70H","protected":false},"author":2,"featured_media":0,"parent":2391,"menu_order":0,"comment_status":"closed","ping_status":"closed","template":"","meta":{"inline_featured_image":false,"footnotes":""},"class_list":["post-2559","page","type-page","status-publish","hentry"],"yoast_head":"<!-- This site is optimized with the Yoast SEO plugin v19.9 - https:\/\/yoast.com\/wordpress\/plugins\/seo\/ -->\n<title>S\u00e4ulen und H\u00e4ngeschr\u00e4nke - Tienne4<\/title>\n<meta name=\"robots\" content=\"index, follow, max-snippet:-1, max-image-preview:large, max-video-preview:-1\" \/>\n<link rel=\"canonical\" href=\"https:\/\/tienne4.it\/de\/badezimmerzubehoer\/saeulen-und-haengeschraenke\/\" \/>\n<meta property=\"og:locale\" content=\"de_DE\" \/>\n<meta property=\"og:type\" content=\"article\" \/>\n<meta property=\"og:title\" content=\"S\u00e4ulen und H\u00e4ngeschr\u00e4nke - Tienne4\" \/>\n<meta property=\"og:url\" content=\"https:\/\/tienne4.it\/de\/badezimmerzubehoer\/saeulen-und-haengeschraenke\/\" \/>\n<meta property=\"og:site_name\" content=\"Tienne4\" \/>\n<meta property=\"article:publisher\" content=\"https:\/\/www.facebook.com\/tienne4\" \/>\n<meta name=\"twitter:card\" content=\"summary_large_image\" \/>\n<meta name=\"twitter:label1\" content=\"Gesch\u00e4tzte Lesezeit\" \/>\n\t<meta name=\"twitter:data1\" content=\"1\u00a0Minute\" \/>\n<script type=\"application\/ld+json\" class=\"yoast-schema-graph\">{\"@context\":\"https:\/\/schema.org\",\"@graph\":[{\"@type\":\"WebPage\",\"@id\":\"https:\/\/tienne4.it\/de\/badezimmerzubehoer\/saeulen-und-haengeschraenke\/\",\"url\":\"https:\/\/tienne4.it\/de\/badezimmerzubehoer\/saeulen-und-haengeschraenke\/\",\"name\":\"S\u00e4ulen und H\u00e4ngeschr\u00e4nke - Tienne4\",\"isPartOf\":{\"@id\":\"https:\/\/tienne4.it\/#website\"},\"datePublished\":\"2021-10-25T07:52:03+00:00\",\"dateModified\":\"2021-10-25T07:52:03+00:00\",\"breadcrumb\":{\"@id\":\"https:\/\/tienne4.it\/de\/badezimmerzubehoer\/saeulen-und-haengeschraenke\/#breadcrumb\"},\"inLanguage\":\"de\",\"potentialAction\":[{\"@type\":\"ReadAction\",\"target\":[\"https:\/\/tienne4.it\/de\/badezimmerzubehoer\/saeulen-und-haengeschraenke\/\"]}]},{\"@type\":\"BreadcrumbList\",\"@id\":\"https:\/\/tienne4.it\/de\/badezimmerzubehoer\/saeulen-und-haengeschraenke\/#breadcrumb\",\"itemListElement\":[{\"@type\":\"ListItem\",\"position\":1,\"name\":\"Home\",\"item\":\"https:\/\/tienne4.it\/de\/\"},{\"@type\":\"ListItem\",\"position\":2,\"name\":\"BADEZIMMERZUBEH\u00d6R\",\"item\":\"https:\/\/tienne4.it\/de\/badezimmerzubehoer\/\"},{\"@type\":\"ListItem\",\"position\":3,\"name\":\"S\u00e4ulen und H\u00e4ngeschr\u00e4nke\"}]},{\"@type\":\"WebSite\",\"@id\":\"https:\/\/tienne4.it\/#website\",\"url\":\"https:\/\/tienne4.it\/\",\"name\":\"Tienne4\",\"description\":\"Produzione Mobili per il Bagno\",\"publisher\":{\"@id\":\"https:\/\/tienne4.it\/#organization\"},\"potentialAction\":[{\"@type\":\"SearchAction\",\"target\":{\"@type\":\"EntryPoint\",\"urlTemplate\":\"https:\/\/tienne4.it\/?s={search_term_string}\"},\"query-input\":\"required name=search_term_string\"}],\"inLanguage\":\"de\"},{\"@type\":\"Organization\",\"@id\":\"https:\/\/tienne4.it\/#organization\",\"name\":\"Tienne4\",\"url\":\"https:\/\/tienne4.it\/\",\"logo\":{\"@type\":\"ImageObject\",\"inLanguage\":\"de\",\"@id\":\"https:\/\/tienne4.it\/#\/schema\/logo\/image\/\",\"url\":\"https:\/\/tienne4.it\/wp-content\/uploads\/2021\/04\/logo-scuro-menu.svg\",\"contentUrl\":\"https:\/\/tienne4.it\/wp-content\/uploads\/2021\/04\/logo-scuro-menu.svg\",\"width\":262,\"height\":125,\"caption\":\"Tienne4\"},\"image\":{\"@id\":\"https:\/\/tienne4.it\/#\/schema\/logo\/image\/\"},\"sameAs\":[\"https:\/\/www.facebook.com\/tienne4\"]}]}<\/script>\n<!-- \/ Yoast SEO plugin. -->","yoast_head_json":{"title":"S\u00e4ulen und H\u00e4ngeschr\u00e4nke - Tienne4","robots":{"index":"index","follow":"follow","max-snippet":"max-snippet:-1","max-image-preview":"max-image-preview:large","max-video-preview":"max-video-preview:-1"},"canonical":"https:\/\/tienne4.it\/de\/badezimmerzubehoer\/saeulen-und-haengeschraenke\/","og_locale":"de_DE","og_type":"article","og_title":"S\u00e4ulen und H\u00e4ngeschr\u00e4nke - Tienne4","og_url":"https:\/\/tienne4.it\/de\/badezimmerzubehoer\/saeulen-und-haengeschraenke\/","og_site_name":"Tienne4","article_publisher":"https:\/\/www.facebook.com\/tienne4","twitter_card":"summary_large_image","twitter_misc":{"Gesch\u00e4tzte Lesezeit":"1\u00a0Minute"},"schema":{"@context":"https:\/\/schema.org","@graph":[{"@type":"WebPage","@id":"https:\/\/tienne4.it\/de\/badezimmerzubehoer\/saeulen-und-haengeschraenke\/","url":"https:\/\/tienne4.it\/de\/badezimmerzubehoer\/saeulen-und-haengeschraenke\/","name":"S\u00e4ulen und H\u00e4ngeschr\u00e4nke - Tienne4","isPartOf":{"@id":"https:\/\/tienne4.it\/#website"},"datePublished":"2021-10-25T07:52:03+00:00","dateModified":"2021-10-25T07:52:03+00:00","breadcrumb":{"@id":"https:\/\/tienne4.it\/de\/badezimmerzubehoer\/saeulen-und-haengeschraenke\/#breadcrumb"},"inLanguage":"de","potentialAction":[{"@type":"ReadAction","target":["https:\/\/tienne4.it\/de\/badezimmerzubehoer\/saeulen-und-haengeschraenke\/"]}]},{"@type":"BreadcrumbList","@id":"https:\/\/tienne4.it\/de\/badezimmerzubehoer\/saeulen-und-haengeschraenke\/#breadcrumb","itemListElement":[{"@type":"ListItem","position":1,"name":"Home","item":"https:\/\/tienne4.it\/de\/"},{"@type":"ListItem","position":2,"name":"BADEZIMMERZUBEH\u00d6R","item":"https:\/\/tienne4.it\/de\/badezimmerzubehoer\/"},{"@type":"ListItem","position":3,"name":"S\u00e4ulen und H\u00e4ngeschr\u00e4nke"}]},{"@type":"WebSite","@id":"https:\/\/tienne4.it\/#website","url":"https:\/\/tienne4.it\/","name":"Tienne4","description":"Produzione Mobili per il Bagno","publisher":{"@id":"https:\/\/tienne4.it\/#organization"},"potentialAction":[{"@type":"SearchAction","target":{"@type":"EntryPoint","urlTemplate":"https:\/\/tienne4.it\/?s={search_term_string}"},"query-input":"required name=search_term_string"}],"inLanguage":"de"},{"@type":"Organization","@id":"https:\/\/tienne4.it\/#organization","name":"Tienne4","url":"https:\/\/tienne4.it\/","logo":{"@type":"ImageObject","inLanguage":"de","@id":"https:\/\/tienne4.it\/#\/schema\/logo\/image\/","url":"https:\/\/tienne4.it\/wp-content\/uploads\/2021\/04\/logo-scuro-menu.svg","contentUrl":"https:\/\/tienne4.it\/wp-content\/uploads\/2021\/04\/logo-scuro-menu.svg","width":262,"height":125,"caption":"Tienne4"},"image":{"@id":"https:\/\/tienne4.it\/#\/schema\/logo\/image\/"},"sameAs":["https:\/\/www.facebook.com\/tienne4"]}]}},"_links":{"self":[{"href":"https:\/\/tienne4.it\/de\/wp-json\/wp\/v2\/pages\/2559","targetHints":{"allow":["GET"]}}],"collection":[{"href":"https:\/\/tienne4.it\/de\/wp-json\/wp\/v2\/pages"}],"about":[{"href":"https:\/\/tienne4.it\/de\/wp-json\/wp\/v2\/types\/page"}],"author":[{"embeddable":true,"href":"https:\/\/tienne4.it\/de\/wp-json\/wp\/v2\/users\/2"}],"replies":[{"embeddable":true,"href":"https:\/\/tienne4.it\/de\/wp-json\/wp\/v2\/comments?post=2559"}],"version-history":[{"count":1,"href":"https:\/\/tienne4.it\/de\/wp-json\/wp\/v2\/pages\/2559\/revisions"}],"predecessor-version":[{"id":2560,"href":"https:\/\/tienne4.it\/de\/wp-json\/wp\/v2\/pages\/2559\/revisions\/2560"}],"up":[{"embeddable":true,"href":"https:\/\/tienne4.it\/de\/wp-json\/wp\/v2\/pages\/2391"}],"wp:attachment":[{"href":"https:\/\/tienne4.it\/de\/wp-json\/wp\/v2\/media?parent=2559"}],"curies":[{"name":"wp","href":"https:\/\/api.w.org\/{rel}","templated":true}]}}