{"id":2530,"date":"2021-10-22T12:09:59","date_gmt":"2021-10-22T10:09:59","guid":{"rendered":"https:\/\/tienne4.it\/?page_id=2530"},"modified":"2021-11-05T13:38:19","modified_gmt":"2021-11-05T12:38:19","slug":"linie-venezia","status":"publish","type":"page","link":"https:\/\/tienne4.it\/de\/linien-von-badezimmermoebeln\/linie-venezia\/","title":{"rendered":"Linie Venezia"},"content":{"rendered":"<section class=\"l-section wpb_row height_medium full_height valign_bottom parallax_fixed\"><div class=\"l-section-overlay\" style=\"background:rgba(0,0,0,0.20)\"><\/div><div class=\"l-section-h i-cf\"><div class=\"g-cols vc_row via_flex valign_bottom type_default stacking_default\"><div class=\"vc_col-sm-6 wpb_column vc_column_container\"><div class=\"vc_column-inner\"><div class=\"wpb_wrapper\"><\/div><\/div><\/div><div class=\"vc_col-sm-6 wpb_column vc_column_container\"><div class=\"vc_column-inner\"><div class=\"wpb_wrapper\"><\/div><\/div><\/div><\/div><\/div><\/section><section class=\"l-section wpb_row height_medium\"><div class=\"l-section-h i-cf\"><div class=\"g-cols vc_row via_flex valign_top type_default stacking_default\"><div class=\"vc_col-sm-12 wpb_column vc_column_container\"><div class=\"vc_column-inner\"><div class=\"wpb_wrapper\"><div class=\"wpb_text_column\"><div class=\"wpb_wrapper\"><h1>Linie Venezia<\/h1>\n<\/div><\/div><div class=\"g-cols wpb_row us_custom_826a24dc via_flex valign_top type_default stacking_default\"><div class=\"vc_col-sm-1 wpb_column vc_column_container\"><div class=\"vc_column-inner us_custom_012bc2e8\"><div class=\"wpb_wrapper\"><\/div><\/div><\/div><div class=\"vc_col-sm-10 wpb_column vc_column_container\"><div class=\"vc_column-inner\"><div class=\"wpb_wrapper\"><div class=\"wpb_text_column us_custom_33e62e98\"><div class=\"wpb_wrapper\"><h4>WANDMONTIERTER WASCHTISCH<\/h4>\n<\/div><\/div><div class=\"wpb_text_column us_custom_432d3f53\"><div class=\"wpb_wrapper\"><p>Die Linie Venezia bietet ein offenes Fach, das mit Schubladen oder T\u00fcren kombiniert werden kann. Obwohl nicht modular, ist das Ergebnis ein modernes und funktionales M\u00f6belst\u00fcck im Business-Hotel-Stil.<\/p>\n<p><strong> Technische Eigenschaften: <\/strong><\/p>\n<ul>\n<li>Tiefe 46 cm<\/li>\n<li>Melamin-Sperrholz, 16 mm St\u00e4rke<\/li>\n<li>F\u00fchrungsschienen mit Soft-Close-System von f\u00fchrenden Herstellerfirmen<\/li>\n<li>Spiegel mit Facettenschliff<\/li>\n<li>Waschbecken aus Mineralmarmor von ausgezeichneter Lebensdauer und Widerstandsf\u00e4higkeit<\/li>\n<li>LED-Beleuchtung<\/li>\n<\/ul>\n<p><strong>Verf\u00fcgbare Gr\u00f6\u00dfen<\/strong><br \/>\nL\u00e4nge: 60 \/ 80 \/ 90 \/ 100 \/ 120 \/ 120 cm doppelt<br \/>\nTiefe: 46 cm<br \/>\nH\u00f6he: 65 cm<\/p>\n<\/div><\/div><\/div><\/div><\/div><div class=\"vc_col-sm-1 wpb_column vc_column_container\"><div class=\"vc_column-inner\"><div class=\"wpb_wrapper\"><\/div><\/div><\/div><\/div><div class=\"w-separator size_medium\"><\/div><div class=\"w-grid type_carousel layout_gallery_default cols_3 ratio_4x3\" id=\"us_grid_1\"><style>#us_grid_1 .w-grid-item{padding:0.5rem}#us_grid_1 .w-grid-list{margin:-0.5rem}.w-grid + #us_grid_1 .w-grid-list,.w-grid-none + #us_grid_1 .w-grid-list{margin-top:0.5rem}#us_grid_1 .w-grid-item-h:before{padding-bottom:75%}.layout_gallery_default .w-grid-item-h:before{padding-bottom:100%}.layout_gallery_default .w-grid-item-h{}<\/style><div class=\"w-grid-list owl-carousel navstyle_circle navpos_outside with_dots\" style=\"--arrows-size:1.8rem;\">\t<article class=\"w-grid-item post-1604 attachment type-attachment status-inherit hentry\" data-id=\"1604\">\r\n\t\t<div class=\"w-grid-item-h\">\r\n\t\t\t\t\t\t\t<a class=\"w-grid-item-anchor\" href=\"https:\/\/tienne4.it\/wp-content\/uploads\/2021\/08\/VENEZIA4.jpg\" ref=\"magnificPopupGrid\" title=\"VENEZIA4\"><\/a>\r\n\t\t\t\t\t\t<div class=\"w-post-elm post_image usg_post_image_1 stretched\"><img loading=\"lazy\" decoding=\"async\" width=\"850\" height=\"850\" src=\"https:\/\/tienne4.it\/wp-content\/uploads\/2021\/08\/VENEZIA4.jpg\" class=\"attachment-large size-large\" alt=\"\" srcset=\"https:\/\/tienne4.it\/wp-content\/uploads\/2021\/08\/VENEZIA4.jpg 850w, https:\/\/tienne4.it\/wp-content\/uploads\/2021\/08\/VENEZIA4-300x300.jpg 300w, https:\/\/tienne4.it\/wp-content\/uploads\/2021\/08\/VENEZIA4-150x150.jpg 150w, https:\/\/tienne4.it\/wp-content\/uploads\/2021\/08\/VENEZIA4-600x600.jpg 600w\" sizes=\"auto, (max-width: 850px) 100vw, 850px\" \/><\/div>\t\t<\/div>\r\n\t<\/article>\r\n\t<article class=\"w-grid-item post-1610 attachment type-attachment status-inherit hentry\" data-id=\"1610\">\r\n\t\t<div class=\"w-grid-item-h\">\r\n\t\t\t\t\t\t\t<a class=\"w-grid-item-anchor\" href=\"https:\/\/tienne4.it\/wp-content\/uploads\/2021\/08\/VENEZIA6.jpg\" ref=\"magnificPopupGrid\" title=\"VENEZIA6\"><\/a>\r\n\t\t\t\t\t\t<div class=\"w-post-elm post_image usg_post_image_1 stretched\"><img loading=\"lazy\" decoding=\"async\" width=\"1024\" height=\"1024\" src=\"https:\/\/tienne4.it\/wp-content\/uploads\/2021\/08\/VENEZIA6-1024x1024.jpg\" class=\"attachment-large size-large\" alt=\"\" srcset=\"https:\/\/tienne4.it\/wp-content\/uploads\/2021\/08\/VENEZIA6-1024x1024.jpg 1024w, https:\/\/tienne4.it\/wp-content\/uploads\/2021\/08\/VENEZIA6-300x300.jpg 300w, https:\/\/tienne4.it\/wp-content\/uploads\/2021\/08\/VENEZIA6-150x150.jpg 150w, https:\/\/tienne4.it\/wp-content\/uploads\/2021\/08\/VENEZIA6-600x600.jpg 600w, https:\/\/tienne4.it\/wp-content\/uploads\/2021\/08\/VENEZIA6.jpg 1920w\" sizes=\"auto, (max-width: 1024px) 100vw, 1024px\" \/><\/div>\t\t<\/div>\r\n\t<\/article>\r\n\t<article class=\"w-grid-item post-1848 attachment type-attachment status-inherit hentry\" data-id=\"1848\">\r\n\t\t<div class=\"w-grid-item-h\">\r\n\t\t\t\t\t\t\t<a class=\"w-grid-item-anchor\" href=\"https:\/\/tienne4.it\/wp-content\/uploads\/2021\/09\/LINEA-VENEZIA-PENSILE-COLONNA.jpg\" ref=\"magnificPopupGrid\" title=\"LINEA VENEZIA PENSILE + COLONNA\"><\/a>\r\n\t\t\t\t\t\t<div class=\"w-post-elm post_image usg_post_image_1 stretched\"><img loading=\"lazy\" decoding=\"async\" width=\"1024\" height=\"509\" src=\"https:\/\/tienne4.it\/wp-content\/uploads\/2021\/09\/LINEA-VENEZIA-PENSILE-COLONNA-1024x509.jpg\" class=\"attachment-large size-large\" alt=\"\" srcset=\"https:\/\/tienne4.it\/wp-content\/uploads\/2021\/09\/LINEA-VENEZIA-PENSILE-COLONNA-1024x509.jpg 1024w, https:\/\/tienne4.it\/wp-content\/uploads\/2021\/09\/LINEA-VENEZIA-PENSILE-COLONNA-300x149.jpg 300w, https:\/\/tienne4.it\/wp-content\/uploads\/2021\/09\/LINEA-VENEZIA-PENSILE-COLONNA.jpg 1920w\" sizes=\"auto, (max-width: 1024px) 100vw, 1024px\" \/><\/div>\t\t<\/div>\r\n\t<\/article>\r\n\t<article class=\"w-grid-item post-1596 attachment type-attachment status-inherit hentry\" data-id=\"1596\">\r\n\t\t<div class=\"w-grid-item-h\">\r\n\t\t\t\t\t\t\t<a class=\"w-grid-item-anchor\" href=\"https:\/\/tienne4.it\/wp-content\/uploads\/2021\/08\/VENEZIA1.jpg\" ref=\"magnificPopupGrid\" title=\"VENEZIA1\"><\/a>\r\n\t\t\t\t\t\t<div class=\"w-post-elm post_image usg_post_image_1 stretched\"><img loading=\"lazy\" decoding=\"async\" width=\"1024\" height=\"538\" src=\"https:\/\/tienne4.it\/wp-content\/uploads\/2021\/08\/VENEZIA1-1024x538.jpg\" class=\"attachment-large size-large\" alt=\"\" srcset=\"https:\/\/tienne4.it\/wp-content\/uploads\/2021\/08\/VENEZIA1-1024x538.jpg 1024w, https:\/\/tienne4.it\/wp-content\/uploads\/2021\/08\/VENEZIA1-300x158.jpg 300w, https:\/\/tienne4.it\/wp-content\/uploads\/2021\/08\/VENEZIA1.jpg 1920w\" sizes=\"auto, (max-width: 1024px) 100vw, 1024px\" \/><\/div>\t\t<\/div>\r\n\t<\/article>\r\n\t<article class=\"w-grid-item post-1607 attachment type-attachment status-inherit hentry\" data-id=\"1607\">\r\n\t\t<div class=\"w-grid-item-h\">\r\n\t\t\t\t\t\t\t<a class=\"w-grid-item-anchor\" href=\"https:\/\/tienne4.it\/wp-content\/uploads\/2021\/08\/VENEZIA5.jpg\" ref=\"magnificPopupGrid\" title=\"VENEZIA5\"><\/a>\r\n\t\t\t\t\t\t<div class=\"w-post-elm post_image usg_post_image_1 stretched\"><img loading=\"lazy\" decoding=\"async\" width=\"1024\" height=\"768\" src=\"https:\/\/tienne4.it\/wp-content\/uploads\/2021\/08\/VENEZIA5-1024x768.jpg\" class=\"attachment-large size-large\" alt=\"\" srcset=\"https:\/\/tienne4.it\/wp-content\/uploads\/2021\/08\/VENEZIA5-1024x768.jpg 1024w, https:\/\/tienne4.it\/wp-content\/uploads\/2021\/08\/VENEZIA5-300x225.jpg 300w, https:\/\/tienne4.it\/wp-content\/uploads\/2021\/08\/VENEZIA5.jpg 1920w\" sizes=\"auto, (max-width: 1024px) 100vw, 1024px\" \/><\/div>\t\t<\/div>\r\n\t<\/article>\r\n<\/div><div class=\"g-preloader type_custom\">\r\n\t<div><img loading=\"lazy\" decoding=\"async\" width=\"262\" height=\"125\" src=\"https:\/\/tienne4.it\/wp-content\/uploads\/2021\/04\/logo-scuro-menu.svg\" class=\"attachment-medium size-medium\" alt=\"Mobili per il bagno - TIENNE4\" \/><\/div>\r\n<\/div>\r\n\t<div class=\"w-grid-json hidden\" onclick='return {&quot;action&quot;:&quot;us_ajax_grid&quot;,&quot;ajax_url&quot;:&quot;https:\\\/\\\/tienne4.it\\\/wp-admin\\\/admin-ajax.php&quot;,&quot;infinite_scroll&quot;:0,&quot;max_num_pages&quot;:1,&quot;pagination&quot;:&quot;none&quot;,&quot;permalink_url&quot;:&quot;https:\\\/\\\/tienne4.it\\\/de\\\/wp-json\\\/wp\\\/v2\\\/pages\\\/2530\\\/&quot;,&quot;template_vars&quot;:{&quot;columns&quot;:&quot;3&quot;,&quot;exclude_items&quot;:&quot;none&quot;,&quot;img_size&quot;:&quot;default&quot;,&quot;ignore_items_size&quot;:0,&quot;items_layout&quot;:&quot;gallery_default&quot;,&quot;items_offset&quot;:&quot;1&quot;,&quot;load_animation&quot;:&quot;none&quot;,&quot;overriding_link&quot;:&quot;popup_post_image&quot;,&quot;post_id&quot;:2530,&quot;query_args&quot;:{&quot;post_type&quot;:[&quot;attachment&quot;],&quot;post__in&quot;:[&quot;389&quot;,&quot;391&quot;,&quot;786&quot;,&quot;387&quot;,&quot;390&quot;],&quot;post_status&quot;:&quot;inherit&quot;,&quot;post_mime_type&quot;:&quot;image&quot;,&quot;posts_per_page&quot;:&quot;10&quot;},&quot;orderby_query_args&quot;:{&quot;orderby&quot;:{&quot;post__in&quot;:&quot;ASC&quot;},&quot;order&quot;:&quot;ASC&quot;},&quot;type&quot;:&quot;carousel&quot;,&quot;us_grid_ajax_index&quot;:1,&quot;us_grid_filter_params&quot;:null,&quot;us_grid_index&quot;:1,&quot;_us_grid_post_type&quot;:&quot;attachment&quot;,&quot;lang&quot;:&quot;de&quot;},&quot;carousel_settings&quot;:{&quot;autoHeight&quot;:0,&quot;autoplay&quot;:0,&quot;carousel_fade&quot;:0,&quot;center&quot;:0,&quot;dots&quot;:1,&quot;items&quot;:&quot;3&quot;,&quot;loop&quot;:false,&quot;nav&quot;:1,&quot;slideby&quot;:&quot;1&quot;,&quot;smooth_play&quot;:0,&quot;speed&quot;:250,&quot;timeout&quot;:3000,&quot;transition&quot;:&quot;&quot;},&quot;carousel_breakpoints&quot;:{&quot;0&quot;:{&quot;autoHeight&quot;:0,&quot;autoplay&quot;:1,&quot;autoplayHoverPause&quot;:1,&quot;items&quot;:1,&quot;loop&quot;:true,&quot;stagePadding&quot;:0},&quot;600&quot;:{&quot;autoHeight&quot;:0,&quot;autoplay&quot;:1,&quot;autoplayHoverPause&quot;:1,&quot;items&quot;:2,&quot;loop&quot;:false,&quot;stagePadding&quot;:0},&quot;900&quot;:{&quot;autoHeight&quot;:0,&quot;autoplay&quot;:1,&quot;autoplayHoverPause&quot;:1,&quot;items&quot;:3,&quot;loop&quot;:false,&quot;stagePadding&quot;:0},&quot;1200&quot;:{&quot;items&quot;:3,&quot;stagePadding&quot;:0}}}'><\/div>\r\n\t<\/div><\/div><\/div><\/div><\/div><\/div><\/section><section class=\"l-section wpb_row height_medium\"><div class=\"l-section-h i-cf\"><div class=\"g-cols vc_row via_flex valign_top type_default stacking_default\"><div class=\"vc_col-sm-12 wpb_column vc_column_container\"><div class=\"vc_column-inner\"><div class=\"wpb_wrapper\"><div class=\"wpb_text_column\"><div class=\"wpb_wrapper\"><h3>Verf\u00fcgbare Oberfl\u00e4chenausf\u00fchrungen<\/h3>\n<\/div><\/div><div class=\"g-cols wpb_row us_custom_826a24dc via_flex valign_top type_default stacking_default\"><div class=\"vc_col-sm-1 wpb_column vc_column_container\"><div class=\"vc_column-inner us_custom_012bc2e8\"><div class=\"wpb_wrapper\"><\/div><\/div><\/div><div class=\"vc_col-sm-10 wpb_column vc_column_container\"><div class=\"vc_column-inner\"><div class=\"wpb_wrapper\"><div class=\"wpb_text_column us_custom_33e62e98\"><div class=\"wpb_wrapper\"><h4>BADAUSSTATTUNG MIT STIL<\/h4>\n<\/div><\/div><\/div><\/div><\/div><div class=\"vc_col-sm-1 wpb_column vc_column_container\"><div class=\"vc_column-inner\"><div class=\"wpb_wrapper\"><\/div><\/div><\/div><\/div><div class=\"w-grid type_grid layout_608 cols_4 ratio_1x1\" id=\"us_grid_2\"><style>#us_grid_2 .w-grid-item{padding:0.5rem}#us_grid_2 .w-grid-list{margin:-0.5rem}.w-grid + #us_grid_2 .w-grid-list,.w-grid-none + #us_grid_2 .w-grid-list{margin-top:0.5rem}@media (max-width:1199px){#us_grid_2 .w-grid-item{width:33.3333%}#us_grid_2 .w-grid-item.size_2x1,#us_grid_2 .w-grid-item.size_2x2{width:66.6667%}}@media (max-width:899px){#us_grid_2 .w-grid-item{width:50%}#us_grid_2 .w-grid-item.size_2x1,#us_grid_2 .w-grid-item.size_2x2{width:100%}}@media (max-width:599px){#us_grid_2 .w-grid-list{margin:0}#us_grid_2 .w-grid-item{width:100%;padding:0;margin-bottom:0.5rem}}#us_grid_2 .w-grid-item-h:before{padding-bottom:100%}.layout_608 .w-grid-item-h:before{padding-bottom:100%}@media (min-width:600px){.layout_608 .w-grid-item.size_1x2 .w-grid-item-h:before{padding-bottom:calc(200% + 0.5rem + 0.5rem)}.layout_608 .w-grid-item.size_2x1 .w-grid-item-h:before{padding-bottom:calc(50% - 0.5rem * 1)}.layout_608 .w-grid-item.size_2x2 .w-grid-item-h:before{padding-bottom:calc(100% - 0.5rem * 0)}}.layout_608 .w-grid-item-h{}.layout_608 .usg_vwrapper_1{padding:0.5rem 1rem 1rem 1rem!important}.layout_608 .usg_post_custom_field_1{font-weight:400!important;font-size:14px!important;line-height:1.2!important;margin-bottom:0!important}.layout_608 .usg_post_content_1{line-height:1.6!important;margin-bottom:0!important}<\/style><div class=\"w-grid-list\">\t<article class=\"w-grid-item post-1745 attachment type-attachment status-inherit hentry\" data-id=\"1745\">\r\n\t\t<div class=\"w-grid-item-h\">\r\n\t\t\t\t\t\t\t<a class=\"w-grid-item-anchor\" href=\"https:\/\/tienne4.it\/wp-content\/uploads\/2021\/09\/bianco-moon-11.jpg\" ref=\"magnificPopupGrid\" title=\"BIANCO MOON\"><\/a>\r\n\t\t\t\t\t\t<div class=\"w-post-elm post_image usg_post_image_1 has_ratio\"><div style=\"padding-bottom:100%\"><\/div><img loading=\"lazy\" decoding=\"async\" width=\"1251\" height=\"1251\" src=\"https:\/\/tienne4.it\/wp-content\/uploads\/2021\/09\/bianco-moon-11.jpg\" class=\"attachment-full size-full\" alt=\"BIANCO MOON\" srcset=\"https:\/\/tienne4.it\/wp-content\/uploads\/2021\/09\/bianco-moon-11.jpg 1251w, https:\/\/tienne4.it\/wp-content\/uploads\/2021\/09\/bianco-moon-11-300x300.jpg 300w, https:\/\/tienne4.it\/wp-content\/uploads\/2021\/09\/bianco-moon-11-1024x1024.jpg 1024w, https:\/\/tienne4.it\/wp-content\/uploads\/2021\/09\/bianco-moon-11-150x150.jpg 150w, https:\/\/tienne4.it\/wp-content\/uploads\/2021\/09\/bianco-moon-11-600x600.jpg 600w\" sizes=\"auto, (max-width: 1251px) 100vw, 1251px\" \/><\/div><div class=\"w-vwrapper usg_vwrapper_1 align_left valign_top\"><div class=\"w-post-elm post_custom_field usg_post_custom_field_1 hide_if_not_first type_text custom\"><span class=\"w-post-elm-value\">BIANCO MOON<\/span><\/div><\/div>\t\t<\/div>\r\n\t<\/article>\r\n\t<article class=\"w-grid-item post-1739 attachment type-attachment status-inherit hentry\" data-id=\"1739\">\r\n\t\t<div class=\"w-grid-item-h\">\r\n\t\t\t\t\t\t\t<a class=\"w-grid-item-anchor\" href=\"https:\/\/tienne4.it\/wp-content\/uploads\/2021\/09\/rovere-well-vena-orizzontale.jpg\" ref=\"magnificPopupGrid\" title=\"ROVERE WELL\"><\/a>\r\n\t\t\t\t\t\t<div class=\"w-post-elm post_image usg_post_image_1 has_ratio\"><div style=\"padding-bottom:100%\"><\/div><img loading=\"lazy\" decoding=\"async\" width=\"1250\" height=\"1251\" src=\"https:\/\/tienne4.it\/wp-content\/uploads\/2021\/09\/rovere-well-vena-orizzontale.jpg\" class=\"attachment-full size-full\" alt=\"ROVERE WELL\" srcset=\"https:\/\/tienne4.it\/wp-content\/uploads\/2021\/09\/rovere-well-vena-orizzontale.jpg 1250w, https:\/\/tienne4.it\/wp-content\/uploads\/2021\/09\/rovere-well-vena-orizzontale-300x300.jpg 300w, https:\/\/tienne4.it\/wp-content\/uploads\/2021\/09\/rovere-well-vena-orizzontale-1024x1024.jpg 1024w, https:\/\/tienne4.it\/wp-content\/uploads\/2021\/09\/rovere-well-vena-orizzontale-150x150.jpg 150w, https:\/\/tienne4.it\/wp-content\/uploads\/2021\/09\/rovere-well-vena-orizzontale-600x600.jpg 600w\" sizes=\"auto, (max-width: 1250px) 100vw, 1250px\" \/><\/div><div class=\"w-vwrapper usg_vwrapper_1 align_left valign_top\"><div class=\"w-post-elm post_custom_field usg_post_custom_field_1 hide_if_not_first type_text custom\"><span class=\"w-post-elm-value\">ROVERE WELL<\/span><\/div><\/div>\t\t<\/div>\r\n\t<\/article>\r\n<\/div><div class=\"w-grid-preloader\"><div class=\"g-preloader type_custom\">\r\n\t<div><img loading=\"lazy\" decoding=\"async\" width=\"262\" height=\"125\" src=\"https:\/\/tienne4.it\/wp-content\/uploads\/2021\/04\/logo-scuro-menu.svg\" class=\"attachment-medium size-medium\" alt=\"Mobili per il bagno - TIENNE4\" \/><\/div>\r\n<\/div>\r\n<\/div>\t<div class=\"w-grid-json hidden\" onclick='return {&quot;action&quot;:&quot;us_ajax_grid&quot;,&quot;ajax_url&quot;:&quot;https:\\\/\\\/tienne4.it\\\/wp-admin\\\/admin-ajax.php&quot;,&quot;infinite_scroll&quot;:0,&quot;max_num_pages&quot;:1,&quot;pagination&quot;:&quot;none&quot;,&quot;permalink_url&quot;:&quot;https:\\\/\\\/tienne4.it\\\/de\\\/wp-json\\\/wp\\\/v2\\\/pages\\\/2530\\\/&quot;,&quot;template_vars&quot;:{&quot;columns&quot;:&quot;4&quot;,&quot;exclude_items&quot;:&quot;none&quot;,&quot;img_size&quot;:&quot;full&quot;,&quot;ignore_items_size&quot;:0,&quot;items_layout&quot;:&quot;608&quot;,&quot;items_offset&quot;:&quot;1&quot;,&quot;load_animation&quot;:&quot;none&quot;,&quot;overriding_link&quot;:&quot;popup_post_image&quot;,&quot;post_id&quot;:1607,&quot;query_args&quot;:{&quot;post_type&quot;:[&quot;attachment&quot;],&quot;post__in&quot;:[&quot;625&quot;,&quot;642&quot;],&quot;post_status&quot;:&quot;inherit&quot;,&quot;post_mime_type&quot;:&quot;image&quot;,&quot;posts_per_page&quot;:&quot;10&quot;},&quot;orderby_query_args&quot;:{&quot;orderby&quot;:{&quot;date&quot;:&quot;DESC&quot;}},&quot;type&quot;:&quot;grid&quot;,&quot;us_grid_ajax_index&quot;:1,&quot;us_grid_filter_params&quot;:null,&quot;us_grid_index&quot;:2,&quot;_us_grid_post_type&quot;:&quot;attachment&quot;,&quot;lang&quot;:&quot;de&quot;}}'><\/div>\r\n\t<\/div><div class=\"w-separator size_small with_line width_default thick_1 style_solid color_border align_center\"><div class=\"w-separator-h\"><\/div><\/div><div class=\"w-btn-wrapper align_none\"><a class=\"w-btn us-btn-style_1\" title=\"Kontakte\" href=\"https:\/\/tienne4.it\/de\/kontakte\/\"><span class=\"w-btn-label\">Informationen anfordern<\/span><\/a><\/div><\/div><\/div><\/div><\/div><\/div><\/section>\n","protected":false},"excerpt":{"rendered":"","protected":false},"author":2,"featured_media":1848,"parent":2110,"menu_order":13,"comment_status":"closed","ping_status":"closed","template":"","meta":{"inline_featured_image":false,"footnotes":""},"class_list":["post-2530","page","type-page","status-publish","has-post-thumbnail","hentry"],"yoast_head":"<!-- This site is optimized with the Yoast SEO plugin v19.9 - https:\/\/yoast.com\/wordpress\/plugins\/seo\/ -->\n<title>Linie Venezia - Tienne4<\/title>\n<meta name=\"robots\" content=\"index, follow, max-snippet:-1, max-image-preview:large, max-video-preview:-1\" \/>\n<link rel=\"canonical\" href=\"https:\/\/tienne4.it\/de\/linien-von-badezimmermoebeln\/linie-venezia\/\" \/>\n<meta property=\"og:locale\" content=\"de_DE\" \/>\n<meta property=\"og:type\" content=\"article\" \/>\n<meta property=\"og:title\" content=\"Linie Venezia - Tienne4\" \/>\n<meta property=\"og:url\" content=\"https:\/\/tienne4.it\/de\/linien-von-badezimmermoebeln\/linie-venezia\/\" \/>\n<meta property=\"og:site_name\" content=\"Tienne4\" \/>\n<meta property=\"article:publisher\" content=\"https:\/\/www.facebook.com\/tienne4\" \/>\n<meta property=\"article:modified_time\" content=\"2021-11-05T12:38:19+00:00\" \/>\n<meta property=\"og:image\" content=\"https:\/\/tienne4.it\/wp-content\/uploads\/2021\/09\/LINEA-VENEZIA-PENSILE-COLONNA.jpg\" \/>\n\t<meta property=\"og:image:width\" content=\"1920\" \/>\n\t<meta property=\"og:image:height\" content=\"955\" \/>\n\t<meta property=\"og:image:type\" content=\"image\/jpeg\" \/>\n<meta name=\"twitter:card\" content=\"summary_large_image\" \/>\n<meta name=\"twitter:label1\" content=\"Gesch\u00e4tzte Lesezeit\" \/>\n\t<meta name=\"twitter:data1\" content=\"1\u00a0Minute\" \/>\n<script type=\"application\/ld+json\" class=\"yoast-schema-graph\">{\"@context\":\"https:\/\/schema.org\",\"@graph\":[{\"@type\":\"WebPage\",\"@id\":\"https:\/\/tienne4.it\/de\/linien-von-badezimmermoebeln\/linie-venezia\/\",\"url\":\"https:\/\/tienne4.it\/de\/linien-von-badezimmermoebeln\/linie-venezia\/\",\"name\":\"Linie Venezia - Tienne4\",\"isPartOf\":{\"@id\":\"https:\/\/tienne4.it\/#website\"},\"datePublished\":\"2021-10-22T10:09:59+00:00\",\"dateModified\":\"2021-11-05T12:38:19+00:00\",\"breadcrumb\":{\"@id\":\"https:\/\/tienne4.it\/de\/linien-von-badezimmermoebeln\/linie-venezia\/#breadcrumb\"},\"inLanguage\":\"de\",\"potentialAction\":[{\"@type\":\"ReadAction\",\"target\":[\"https:\/\/tienne4.it\/de\/linien-von-badezimmermoebeln\/linie-venezia\/\"]}]},{\"@type\":\"BreadcrumbList\",\"@id\":\"https:\/\/tienne4.it\/de\/linien-von-badezimmermoebeln\/linie-venezia\/#breadcrumb\",\"itemListElement\":[{\"@type\":\"ListItem\",\"position\":1,\"name\":\"Home\",\"item\":\"https:\/\/tienne4.it\/de\/\"},{\"@type\":\"ListItem\",\"position\":2,\"name\":\"LINIEN VON BADEZIMMERM\u00d6BELN\",\"item\":\"https:\/\/tienne4.it\/de\/linien-von-badezimmermoebeln\/\"},{\"@type\":\"ListItem\",\"position\":3,\"name\":\"Linie Venezia\"}]},{\"@type\":\"WebSite\",\"@id\":\"https:\/\/tienne4.it\/#website\",\"url\":\"https:\/\/tienne4.it\/\",\"name\":\"Tienne4\",\"description\":\"Produzione Mobili per il Bagno\",\"publisher\":{\"@id\":\"https:\/\/tienne4.it\/#organization\"},\"potentialAction\":[{\"@type\":\"SearchAction\",\"target\":{\"@type\":\"EntryPoint\",\"urlTemplate\":\"https:\/\/tienne4.it\/?s={search_term_string}\"},\"query-input\":\"required name=search_term_string\"}],\"inLanguage\":\"de\"},{\"@type\":\"Organization\",\"@id\":\"https:\/\/tienne4.it\/#organization\",\"name\":\"Tienne4\",\"url\":\"https:\/\/tienne4.it\/\",\"logo\":{\"@type\":\"ImageObject\",\"inLanguage\":\"de\",\"@id\":\"https:\/\/tienne4.it\/#\/schema\/logo\/image\/\",\"url\":\"https:\/\/tienne4.it\/wp-content\/uploads\/2021\/04\/logo-scuro-menu.svg\",\"contentUrl\":\"https:\/\/tienne4.it\/wp-content\/uploads\/2021\/04\/logo-scuro-menu.svg\",\"width\":262,\"height\":125,\"caption\":\"Tienne4\"},\"image\":{\"@id\":\"https:\/\/tienne4.it\/#\/schema\/logo\/image\/\"},\"sameAs\":[\"https:\/\/www.facebook.com\/tienne4\"]}]}<\/script>\n<!-- \/ Yoast SEO plugin. -->","yoast_head_json":{"title":"Linie Venezia - Tienne4","robots":{"index":"index","follow":"follow","max-snippet":"max-snippet:-1","max-image-preview":"max-image-preview:large","max-video-preview":"max-video-preview:-1"},"canonical":"https:\/\/tienne4.it\/de\/linien-von-badezimmermoebeln\/linie-venezia\/","og_locale":"de_DE","og_type":"article","og_title":"Linie Venezia - Tienne4","og_url":"https:\/\/tienne4.it\/de\/linien-von-badezimmermoebeln\/linie-venezia\/","og_site_name":"Tienne4","article_publisher":"https:\/\/www.facebook.com\/tienne4","article_modified_time":"2021-11-05T12:38:19+00:00","og_image":[{"width":1920,"height":955,"url":"https:\/\/tienne4.it\/wp-content\/uploads\/2021\/09\/LINEA-VENEZIA-PENSILE-COLONNA.jpg","type":"image\/jpeg"}],"twitter_card":"summary_large_image","twitter_misc":{"Gesch\u00e4tzte Lesezeit":"1\u00a0Minute"},"schema":{"@context":"https:\/\/schema.org","@graph":[{"@type":"WebPage","@id":"https:\/\/tienne4.it\/de\/linien-von-badezimmermoebeln\/linie-venezia\/","url":"https:\/\/tienne4.it\/de\/linien-von-badezimmermoebeln\/linie-venezia\/","name":"Linie Venezia - Tienne4","isPartOf":{"@id":"https:\/\/tienne4.it\/#website"},"datePublished":"2021-10-22T10:09:59+00:00","dateModified":"2021-11-05T12:38:19+00:00","breadcrumb":{"@id":"https:\/\/tienne4.it\/de\/linien-von-badezimmermoebeln\/linie-venezia\/#breadcrumb"},"inLanguage":"de","potentialAction":[{"@type":"ReadAction","target":["https:\/\/tienne4.it\/de\/linien-von-badezimmermoebeln\/linie-venezia\/"]}]},{"@type":"BreadcrumbList","@id":"https:\/\/tienne4.it\/de\/linien-von-badezimmermoebeln\/linie-venezia\/#breadcrumb","itemListElement":[{"@type":"ListItem","position":1,"name":"Home","item":"https:\/\/tienne4.it\/de\/"},{"@type":"ListItem","position":2,"name":"LINIEN VON BADEZIMMERM\u00d6BELN","item":"https:\/\/tienne4.it\/de\/linien-von-badezimmermoebeln\/"},{"@type":"ListItem","position":3,"name":"Linie Venezia"}]},{"@type":"WebSite","@id":"https:\/\/tienne4.it\/#website","url":"https:\/\/tienne4.it\/","name":"Tienne4","description":"Produzione Mobili per il Bagno","publisher":{"@id":"https:\/\/tienne4.it\/#organization"},"potentialAction":[{"@type":"SearchAction","target":{"@type":"EntryPoint","urlTemplate":"https:\/\/tienne4.it\/?s={search_term_string}"},"query-input":"required name=search_term_string"}],"inLanguage":"de"},{"@type":"Organization","@id":"https:\/\/tienne4.it\/#organization","name":"Tienne4","url":"https:\/\/tienne4.it\/","logo":{"@type":"ImageObject","inLanguage":"de","@id":"https:\/\/tienne4.it\/#\/schema\/logo\/image\/","url":"https:\/\/tienne4.it\/wp-content\/uploads\/2021\/04\/logo-scuro-menu.svg","contentUrl":"https:\/\/tienne4.it\/wp-content\/uploads\/2021\/04\/logo-scuro-menu.svg","width":262,"height":125,"caption":"Tienne4"},"image":{"@id":"https:\/\/tienne4.it\/#\/schema\/logo\/image\/"},"sameAs":["https:\/\/www.facebook.com\/tienne4"]}]}},"_links":{"self":[{"href":"https:\/\/tienne4.it\/de\/wp-json\/wp\/v2\/pages\/2530","targetHints":{"allow":["GET"]}}],"collection":[{"href":"https:\/\/tienne4.it\/de\/wp-json\/wp\/v2\/pages"}],"about":[{"href":"https:\/\/tienne4.it\/de\/wp-json\/wp\/v2\/types\/page"}],"author":[{"embeddable":true,"href":"https:\/\/tienne4.it\/de\/wp-json\/wp\/v2\/users\/2"}],"replies":[{"embeddable":true,"href":"https:\/\/tienne4.it\/de\/wp-json\/wp\/v2\/comments?post=2530"}],"version-history":[{"count":2,"href":"https:\/\/tienne4.it\/de\/wp-json\/wp\/v2\/pages\/2530\/revisions"}],"predecessor-version":[{"id":3020,"href":"https:\/\/tienne4.it\/de\/wp-json\/wp\/v2\/pages\/2530\/revisions\/3020"}],"up":[{"embeddable":true,"href":"https:\/\/tienne4.it\/de\/wp-json\/wp\/v2\/pages\/2110"}],"wp:featuredmedia":[{"embeddable":true,"href":"https:\/\/tienne4.it\/de\/wp-json\/wp\/v2\/media\/1848"}],"wp:attachment":[{"href":"https:\/\/tienne4.it\/de\/wp-json\/wp\/v2\/media?parent=2530"}],"curies":[{"name":"wp","href":"https:\/\/api.w.org\/{rel}","templated":true}]}}