{"id":2106,"date":"2021-10-21T16:37:12","date_gmt":"2021-10-21T14:37:12","guid":{"rendered":"https:\/\/tienne4.it\/?page_id=2106"},"modified":"2021-11-05T11:48:11","modified_gmt":"2021-11-05T10:48:11","slug":"produktion","status":"publish","type":"page","link":"https:\/\/tienne4.it\/de\/produktion\/","title":{"rendered":"PRODUKTION"},"content":{"rendered":"<section class=\"l-section wpb_row height_medium full_height valign_bottom with_img parallax_fixed\"><div class=\"l-section-img\" style=\"background-image: url(https:\/\/tienne4.it\/wp-content\/uploads\/2021\/04\/13.jpg);background-position: bottom center;background-repeat: no-repeat;\" data-img-width=\"1920\" data-img-height=\"1357\"><\/div><div class=\"l-section-overlay\" style=\"background:rgba(0,0,0,0.20)\"><\/div><div class=\"l-section-h i-cf\"><div class=\"g-cols vc_row via_flex valign_bottom type_default stacking_default\"><div class=\"vc_col-sm-6 wpb_column vc_column_container\"><div class=\"vc_column-inner\"><div class=\"wpb_wrapper\"><\/div><\/div><\/div><div class=\"vc_col-sm-6 wpb_column vc_column_container\"><div class=\"vc_column-inner\"><div class=\"wpb_wrapper\"><\/div><\/div><\/div><\/div><\/div><\/section><section class=\"l-section wpb_row height_medium\"><div class=\"l-section-h i-cf\"><div class=\"g-cols vc_row via_flex valign_top type_default stacking_default\"><div class=\"vc_col-sm-12 wpb_column vc_column_container\"><div class=\"vc_column-inner\"><div class=\"wpb_wrapper\"><div class=\"wpb_text_column\"><div class=\"wpb_wrapper\"><h1>Herstellung von Badezimmerm\u00f6beln<\/h1>\n<\/div><\/div><div class=\"g-cols wpb_row us_custom_826a24dc via_flex valign_top type_default stacking_default\"><div class=\"vc_col-sm-1 wpb_column vc_column_container\"><div class=\"vc_column-inner us_custom_012bc2e8\"><div class=\"wpb_wrapper\"><\/div><\/div><\/div><div class=\"vc_col-sm-10 wpb_column vc_column_container\"><div class=\"vc_column-inner\"><div class=\"wpb_wrapper\"><div class=\"wpb_text_column us_custom_33e62e98\"><div class=\"wpb_wrapper\"><h4>DESIGN UND FUNKTIONALIT\u00c4T IM DIENST DES KUNDEN<\/h4>\n<\/div><\/div><div class=\"wpb_text_column us_custom_432d3f53\"><div class=\"wpb_wrapper\"><p>Die Produktionseinrichtung von Tienne 4 erstreckt sich in \u00fcberdachten Industriehallen von etwa 9500 Quadratmetern, verf\u00fcgt \u00fcber einen gro\u00dfen Arbeitsbereich und Au\u00dfenparkpl\u00e4tze und umfasst alle Phasen des Produktionsprozesses: von der Tischlerei \u00fcber das Zwischenlager zur Beschickung der Montagelinien mit automatischer Verpackung bis hin zur Lagerung des versandbereiten Fertigprodukts nach Einzelkundenauftrag.<\/p>\n<p>Im selben Geb\u00e4ude befindet sich neben den Vorstands- und Betriebsb\u00fcros auch ein weitl\u00e4ufiger Mustersaal sowie weitere R\u00e4umlichkeiten f\u00fcr die Vorbereitung von Prototypen und die Untersuchung und Entwicklung neuer Vorschl\u00e4ge, sowohl hinsichtlich der Fertigprodukte als auch der Komponenten oder besonderer Vorkehrungen, die auf die Verbesserung der Funktionalit\u00e4t und Sicherheit der Katalogprodukte ausgerichtet sind.<\/p>\n<\/div><\/div><\/div><\/div><\/div><div class=\"vc_col-sm-1 wpb_column vc_column_container\"><div class=\"vc_column-inner\"><div class=\"wpb_wrapper\"><\/div><\/div><\/div><\/div><div class=\"g-cols wpb_row us_custom_826a24dc via_flex valign_top type_default stacking_default\"><div class=\"vc_col-sm-1 wpb_column vc_column_container\"><div class=\"vc_column-inner us_custom_012bc2e8\"><div class=\"wpb_wrapper\"><\/div><\/div><\/div><div class=\"vc_col-sm-10 wpb_column vc_column_container\"><div class=\"vc_column-inner\"><div class=\"wpb_wrapper\"><div class=\"wpb_text_column us_custom_33e62e98\"><div class=\"wpb_wrapper\"><h4>PRODUKTVERTRIEB<\/h4>\n<\/div><\/div><div class=\"wpb_text_column us_custom_432d3f53\"><div class=\"wpb_wrapper\"><p>Die von Tienne 4 hergestellten Produkte sind haupts\u00e4chlich f\u00fcr Prim\u00e4reinrichtungen des Gro\u00dfhandels in Italien und im Ausland bestimmt. Der Vertrieb erfolgt \u00fcber die Muttergesellschaft SOFIM Srl Gruppe.<\/p>\n<\/div><\/div><\/div><\/div><\/div><div class=\"vc_col-sm-1 wpb_column vc_column_container\"><div class=\"vc_column-inner\"><div class=\"wpb_wrapper\"><\/div><\/div><\/div><\/div><\/div><\/div><\/div><\/div><\/div><\/section><section class=\"l-section wpb_row height_medium\"><div class=\"l-section-h i-cf\"><div class=\"g-cols vc_row via_flex valign_top type_default stacking_default\"><div class=\"vc_col-sm-12 wpb_column vc_column_container\"><div class=\"vc_column-inner\"><div class=\"wpb_wrapper\"><div class=\"w-grid type_grid layout_gallery_default cols_3\" id=\"us_grid_1\" data-filterable=\"true\"><style>#us_grid_1 .w-grid-item{padding:0.5rem}#us_grid_1 .w-grid-list{margin:-0.5rem}.w-grid + #us_grid_1 .w-grid-list,.w-grid-none + #us_grid_1 .w-grid-list{margin-top:0.5rem}@media (max-width:899px){#us_grid_1 .w-grid-item{width:50%}}@media (max-width:599px){#us_grid_1 .w-grid-list{margin:0}#us_grid_1 .w-grid-item{width:100%;padding:0;margin-bottom:0.5rem}}.layout_gallery_default .w-grid-item-h{}<\/style><div class=\"w-grid-list\">\t<article class=\"w-grid-item post-1347 attachment type-attachment status-inherit hentry\" data-id=\"1347\">\r\n\t\t<div class=\"w-grid-item-h\">\r\n\t\t\t\t\t\t\t<a class=\"w-grid-item-anchor\" href=\"https:\/\/tienne4.it\/wp-content\/uploads\/2021\/06\/DSC07249.jpg\" ref=\"magnificPopupGrid\" title=\"Mobili per il bagno &#8211; TIENNE4\"><\/a>\r\n\t\t\t\t\t\t<div class=\"w-post-elm post_image usg_post_image_1 stretched\"><img loading=\"lazy\" decoding=\"async\" width=\"1024\" height=\"684\" src=\"https:\/\/tienne4.it\/wp-content\/uploads\/2021\/06\/DSC07249-1024x684.jpg\" class=\"attachment-large size-large\" alt=\"\" srcset=\"https:\/\/tienne4.it\/wp-content\/uploads\/2021\/06\/DSC07249-1024x684.jpg 1024w, https:\/\/tienne4.it\/wp-content\/uploads\/2021\/06\/DSC07249-300x200.jpg 300w, https:\/\/tienne4.it\/wp-content\/uploads\/2021\/06\/DSC07249-600x400.jpg 600w, https:\/\/tienne4.it\/wp-content\/uploads\/2021\/06\/DSC07249.jpg 1920w\" sizes=\"auto, (max-width: 1024px) 100vw, 1024px\" \/><\/div>\t\t<\/div>\r\n\t<\/article>\r\n\t<article class=\"w-grid-item post-1338 attachment type-attachment status-inherit hentry\" data-id=\"1338\">\r\n\t\t<div class=\"w-grid-item-h\">\r\n\t\t\t\t\t\t\t<a class=\"w-grid-item-anchor\" href=\"https:\/\/tienne4.it\/wp-content\/uploads\/2021\/06\/DSC07230.jpg\" ref=\"magnificPopupGrid\" title=\"Mobili per il bagno &#8211; TIENNE4\"><\/a>\r\n\t\t\t\t\t\t<div class=\"w-post-elm post_image usg_post_image_1 stretched\"><img loading=\"lazy\" decoding=\"async\" width=\"1024\" height=\"684\" src=\"https:\/\/tienne4.it\/wp-content\/uploads\/2021\/06\/DSC07230-1024x684.jpg\" class=\"attachment-large size-large\" alt=\"\" srcset=\"https:\/\/tienne4.it\/wp-content\/uploads\/2021\/06\/DSC07230-1024x684.jpg 1024w, https:\/\/tienne4.it\/wp-content\/uploads\/2021\/06\/DSC07230-300x200.jpg 300w, https:\/\/tienne4.it\/wp-content\/uploads\/2021\/06\/DSC07230-600x400.jpg 600w, https:\/\/tienne4.it\/wp-content\/uploads\/2021\/06\/DSC07230.jpg 1920w\" sizes=\"auto, (max-width: 1024px) 100vw, 1024px\" \/><\/div>\t\t<\/div>\r\n\t<\/article>\r\n\t<article class=\"w-grid-item post-1335 attachment type-attachment status-inherit hentry\" data-id=\"1335\">\r\n\t\t<div class=\"w-grid-item-h\">\r\n\t\t\t\t\t\t\t<a class=\"w-grid-item-anchor\" href=\"https:\/\/tienne4.it\/wp-content\/uploads\/2021\/06\/DSC07225.jpg\" ref=\"magnificPopupGrid\" title=\"Mobili per il bagno &#8211; TIENNE4\"><\/a>\r\n\t\t\t\t\t\t<div class=\"w-post-elm post_image usg_post_image_1 stretched\"><img loading=\"lazy\" decoding=\"async\" width=\"1024\" height=\"684\" src=\"https:\/\/tienne4.it\/wp-content\/uploads\/2021\/06\/DSC07225-1024x684.jpg\" class=\"attachment-large size-large\" alt=\"\" srcset=\"https:\/\/tienne4.it\/wp-content\/uploads\/2021\/06\/DSC07225-1024x684.jpg 1024w, https:\/\/tienne4.it\/wp-content\/uploads\/2021\/06\/DSC07225-300x200.jpg 300w, https:\/\/tienne4.it\/wp-content\/uploads\/2021\/06\/DSC07225-600x400.jpg 600w, https:\/\/tienne4.it\/wp-content\/uploads\/2021\/06\/DSC07225.jpg 1920w\" sizes=\"auto, (max-width: 1024px) 100vw, 1024px\" \/><\/div>\t\t<\/div>\r\n\t<\/article>\r\n<\/div><div class=\"w-grid-preloader\"><div class=\"g-preloader type_custom\">\r\n\t<div><img loading=\"lazy\" decoding=\"async\" width=\"262\" height=\"125\" src=\"https:\/\/tienne4.it\/wp-content\/uploads\/2021\/04\/logo-scuro-menu.svg\" class=\"attachment-medium size-medium\" alt=\"Mobili per il bagno - TIENNE4\" \/><\/div>\r\n<\/div>\r\n<\/div>\t<div class=\"w-grid-json hidden\" onclick='return {&quot;action&quot;:&quot;us_ajax_grid&quot;,&quot;ajax_url&quot;:&quot;https:\\\/\\\/tienne4.it\\\/wp-admin\\\/admin-ajax.php&quot;,&quot;infinite_scroll&quot;:0,&quot;max_num_pages&quot;:1,&quot;pagination&quot;:&quot;none&quot;,&quot;permalink_url&quot;:&quot;https:\\\/\\\/tienne4.it\\\/de\\\/wp-json\\\/wp\\\/v2\\\/pages\\\/2106\\\/&quot;,&quot;template_vars&quot;:{&quot;columns&quot;:&quot;3&quot;,&quot;exclude_items&quot;:&quot;none&quot;,&quot;img_size&quot;:&quot;default&quot;,&quot;ignore_items_size&quot;:0,&quot;items_layout&quot;:&quot;gallery_default&quot;,&quot;items_offset&quot;:&quot;1&quot;,&quot;load_animation&quot;:&quot;none&quot;,&quot;overriding_link&quot;:&quot;popup_post_image&quot;,&quot;post_id&quot;:2106,&quot;query_args&quot;:{&quot;post_type&quot;:[&quot;attachment&quot;],&quot;post__in&quot;:[&quot;197&quot;,&quot;201&quot;,&quot;198&quot;],&quot;post_status&quot;:&quot;inherit&quot;,&quot;post_mime_type&quot;:&quot;image&quot;,&quot;posts_per_page&quot;:&quot;3&quot;},&quot;orderby_query_args&quot;:{&quot;orderby&quot;:{&quot;date&quot;:&quot;DESC&quot;}},&quot;type&quot;:&quot;grid&quot;,&quot;us_grid_ajax_index&quot;:1,&quot;us_grid_filter_params&quot;:null,&quot;us_grid_index&quot;:1,&quot;_us_grid_post_type&quot;:&quot;attachment&quot;,&quot;lang&quot;:&quot;de&quot;}}'><\/div>\r\n\t<\/div><\/div><\/div><\/div><\/div><\/div><\/section><section class=\"l-section wpb_row height_medium\"><div class=\"l-section-h i-cf\"><div class=\"g-cols vc_row via_flex valign_top type_default stacking_default\"><div class=\"vc_col-sm-12 wpb_column vc_column_container\"><div class=\"vc_column-inner\"><div class=\"wpb_wrapper\"><div class=\"wpb_text_column\"><div class=\"wpb_wrapper\"><h3>Planung<\/h3>\n<\/div><\/div><div class=\"g-cols wpb_row us_custom_826a24dc via_flex valign_top type_default stacking_default\"><div class=\"vc_col-sm-1 wpb_column vc_column_container\"><div class=\"vc_column-inner us_custom_012bc2e8\"><div class=\"wpb_wrapper\"><\/div><\/div><\/div><div class=\"vc_col-sm-10 wpb_column vc_column_container\"><div class=\"vc_column-inner\"><div class=\"wpb_wrapper\"><div class=\"wpb_text_column us_custom_33e62e98\"><div class=\"wpb_wrapper\"><h4>PROJEKT, PROTOTYP UND PRODUKTION<\/h4>\n<\/div><\/div><div class=\"wpb_text_column us_custom_432d3f53\"><div class=\"wpb_wrapper\"><p>Der Entwurf und die Fertigung neuer Produkte entspringen den Hinweisen des Marketings, das die Anforderungen des Marktes den \u00fcbergeordneten Unternehmensfunktionen \u00fcbermittelt. Auf diese Weise ist das interne technische B\u00fcro, unter Mitwirkung der externen Designer, die mit dem Unternehmen zusammenarbeiten, allen voran der Arch. Pino Spagnolo, in der Lage, diese Anforderungen in Studien und Renderings mit Anpassung der verschiedenen Vorschl\u00e4ge umzusetzen.<\/p>\n<p>Die unmittelbar darauf folgende Phase ist die Fertigung der Prototypen, die bei Tienne 4 mit eigenen Mitteln und in entsprechenden S\u00e4len vorgestellt werden, um einen Vergleich mit den eigenen Kunden oder den neuen zu beverten.<\/p>\n<p>Nach spezifischen technischen und kommerziellen Tests werden die neuen Produkte in den fortlaufenden Katalog aufgenommen und in Linien unterteilt, je nachdem, ob es sich um neue oder, im Falle einer Umgestaltung bestehender Linien, nur um \u00fcberarbeitete Artikel handelt.<\/p>\n<\/div><\/div><\/div><\/div><\/div><div class=\"vc_col-sm-1 wpb_column vc_column_container\"><div class=\"vc_column-inner\"><div class=\"wpb_wrapper\"><\/div><\/div><\/div><\/div><\/div><\/div><\/div><\/div><\/div><\/section><section class=\"l-section wpb_row us_custom_057801f8 height_medium\"><div class=\"l-section-h i-cf\"><div class=\"g-cols vc_row via_flex valign_top type_default stacking_default\"><div class=\"vc_col-sm-12 wpb_column vc_column_container\"><div class=\"vc_column-inner\"><div class=\"wpb_wrapper\"><div class=\"w-image align_center\"><div class=\"w-image-h\"><img loading=\"lazy\" decoding=\"async\" width=\"1920\" height=\"1309\" src=\"https:\/\/tienne4.it\/wp-content\/uploads\/2021\/09\/s3.jpg\" class=\"attachment-full size-full\" alt=\"\" srcset=\"https:\/\/tienne4.it\/wp-content\/uploads\/2021\/09\/s3.jpg 1920w, https:\/\/tienne4.it\/wp-content\/uploads\/2021\/09\/s3-300x205.jpg 300w, https:\/\/tienne4.it\/wp-content\/uploads\/2021\/09\/s3-1024x698.jpg 1024w\" sizes=\"auto, (max-width: 1920px) 100vw, 1920px\" \/><\/div><\/div><\/div><\/div><\/div><\/div><\/div><\/section><section class=\"l-section wpb_row us_custom_4fb9e5a3 height_medium\"><div class=\"l-section-h i-cf\"><div class=\"g-cols vc_row via_flex valign_top type_default stacking_default\"><div class=\"vc_col-sm-12 wpb_column vc_column_container\"><div class=\"vc_column-inner\"><div class=\"wpb_wrapper\"><div class=\"wpb_text_column\"><div class=\"wpb_wrapper\"><h3>Forschung und Entwicklung<\/h3>\n<\/div><\/div><div class=\"g-cols wpb_row us_custom_826a24dc via_flex valign_top type_default stacking_default\"><div class=\"vc_col-sm-1 wpb_column vc_column_container\"><div class=\"vc_column-inner us_custom_012bc2e8\"><div class=\"wpb_wrapper\"><\/div><\/div><\/div><div class=\"vc_col-sm-10 wpb_column vc_column_container\"><div class=\"vc_column-inner\"><div class=\"wpb_wrapper\"><div class=\"wpb_text_column us_custom_33e62e98\"><div class=\"wpb_wrapper\"><h4>DEN MENSCHEN DAS SICHERN, WAS SIE BEN\u00d6TIGEN<\/h4>\n<\/div><\/div><div class=\"wpb_text_column us_custom_432d3f53\"><div class=\"wpb_wrapper\"><p>Die F&amp;E-T\u00e4tigkeit stellt f\u00fcr Tienne 4 den wichtigsten und qualifiziertesten Aspekt f\u00fcr die kommerzielle Unterst\u00fctzung dar und wird mit einem st\u00e4ndigen Einsatz von finanziellen und personellen Ressourcen durchgef\u00fchrt.<\/p>\n<p>Alle anfallenden Kosten werden in der Regel der Gewinn- und Verlustrechnung zugerechnet, da es sich in gewissem Sinne um eine institutionelle T\u00e4tigkeit handelt, die notwendig ist, um in einem wettbewerbsorientierten Markt t\u00e4tig zu sein, der jedes Jahr Investitionen erfordert, um die eigene Unternehmensleistung zu verbessern. Andererseits werden F&amp;E-Kosten kapitalisiert, wenn sie spezifische Projekte betreffen, die f\u00fcr einige Kunden oder Vertriebskan\u00e4le bestimmt sind und deren Investitionen aufgrund genauer Zielsetzungen und kommerzieller Erwartungen voraussichtlich \u00fcber einen bestimmten Zeitraum amortisiert werden.<\/p>\n<\/div><\/div><\/div><\/div><\/div><div class=\"vc_col-sm-1 wpb_column vc_column_container\"><div class=\"vc_column-inner\"><div class=\"wpb_wrapper\"><\/div><\/div><\/div><\/div><\/div><\/div><\/div><\/div><\/div><\/section><section class=\"l-section wpb_row height_medium\"><div class=\"l-section-h i-cf\"><div class=\"g-cols vc_row via_flex valign_middle type_default stacking_default\"><div class=\"vc_col-sm-6 wpb_column vc_column_container\"><div class=\"vc_column-inner\"><div class=\"wpb_wrapper\"><div class=\"w-image align_none\"><div class=\"w-image-h\"><img loading=\"lazy\" decoding=\"async\" width=\"600\" height=\"600\" src=\"https:\/\/tienne4.it\/wp-content\/uploads\/2021\/08\/LAVANDERIA1-600x600.jpg\" class=\"attachment-us_600_600_crop size-us_600_600_crop\" alt=\"\" srcset=\"https:\/\/tienne4.it\/wp-content\/uploads\/2021\/08\/LAVANDERIA1-600x600.jpg 600w, https:\/\/tienne4.it\/wp-content\/uploads\/2021\/08\/LAVANDERIA1-150x150.jpg 150w\" sizes=\"auto, (max-width: 600px) 100vw, 600px\" \/><\/div><\/div><\/div><\/div><\/div><div class=\"vc_col-sm-6 wpb_column vc_column_container\"><div class=\"vc_column-inner\"><div class=\"wpb_wrapper\"><div class=\"wpb_text_column\"><div class=\"wpb_wrapper\"><h3>Individuelle Anpassung<\/h3>\n<\/div><\/div><div class=\"w-separator size_small with_line width_30 thick_1 style_solid color_border align_left\"><div class=\"w-separator-h\"><\/div><\/div><div class=\"wpb_text_column us_custom_432d3f53\"><div class=\"wpb_wrapper\"><p>Die im klassischen KMU konfigurierbare Gr\u00f6\u00dfe von Tienne 4 erm\u00f6glicht ein hohes Ma\u00df an Individualisierung der Produkte, gerade durch die Flexibilit\u00e4t des Prozesses und die direkte Reaktion der verschiedenen Gespr\u00e4chspartner auf die spezifischen W\u00fcnsche des Kunden.<\/p>\n<p>Dieser Aspekt, der nicht selten au\u00dfer Acht gelassen wird, stellt in der Philosophie von Tienne 4 eine der wichtigsten Eigenschaften dar, die dazu beitr\u00e4gt, eine direkte Konfrontation mit dem Kunden zu erzeugen, im Gegensatz zu den gro\u00dfen Unternehmen, die oft einen sehr rationalen, aber auch unpers\u00f6nlichen und wenig engagierten Umgang mit dem Kunden haben.<\/p>\n<\/div><\/div><\/div><\/div><\/div><\/div><\/div><\/section><section class=\"l-section wpb_row height_medium\"><div class=\"l-section-h i-cf\"><div class=\"g-cols vc_row via_flex valign_middle type_default stacking_default\"><div class=\"vc_col-sm-6 wpb_column vc_column_container\"><div class=\"vc_column-inner\"><div class=\"wpb_wrapper\"><div class=\"w-image align_none\"><div class=\"w-image-h\"><img loading=\"lazy\" decoding=\"async\" width=\"1280\" height=\"900\" src=\"https:\/\/tienne4.it\/wp-content\/uploads\/2021\/09\/businesswoman-call-center-office-1280x900.jpg\" class=\"attachment-us_1280_900_crop size-us_1280_900_crop\" alt=\"\" \/><\/div><\/div><\/div><\/div><\/div><div class=\"vc_col-sm-6 wpb_column vc_column_container\"><div class=\"vc_column-inner\"><div class=\"wpb_wrapper\"><div class=\"wpb_text_column\"><div class=\"wpb_wrapper\"><h3>After-Sales-Leistungen<\/h3>\n<\/div><\/div><div class=\"w-separator size_small with_line width_30 thick_1 style_solid color_border align_left\"><div class=\"w-separator-h\"><\/div><\/div><div class=\"wpb_text_column us_custom_432d3f53\"><div class=\"wpb_wrapper\"><p>Tienne 4 legt besonderes Augenmerk auf den After-Sales-Service f\u00fcr die Kunden, um die sachgem\u00e4\u00dfe Montage und Installation der Produktionsm\u00f6bel und alle notwendigen technischen Informationen zu gew\u00e4hrleisten, die in der den Produkten beigef\u00fcgten Montageanleitung enthalten sind. All dies wird in jedem Fall durch ein entsprechendes internes Fachpersonal erg\u00e4nzt, das in der Lage ist, im Bedarfsfall sofort einzugreifen.<\/p>\n<\/div><\/div><\/div><\/div><\/div><\/div><\/div><\/section>\n","protected":false},"excerpt":{"rendered":"Mobili per il bagno - TIENNE4","protected":false},"author":2,"featured_media":0,"parent":0,"menu_order":22,"comment_status":"closed","ping_status":"closed","template":"","meta":{"inline_featured_image":false,"footnotes":""},"class_list":["post-2106","page","type-page","status-publish","hentry"],"yoast_head":"<!-- This site is optimized with the Yoast SEO plugin v19.9 - https:\/\/yoast.com\/wordpress\/plugins\/seo\/ -->\n<title>PRODUKTION - Tienne4<\/title>\n<meta name=\"robots\" content=\"index, follow, max-snippet:-1, max-image-preview:large, max-video-preview:-1\" \/>\n<link rel=\"canonical\" href=\"https:\/\/tienne4.it\/de\/produktion\/\" \/>\n<meta property=\"og:locale\" content=\"de_DE\" \/>\n<meta property=\"og:type\" content=\"article\" \/>\n<meta property=\"og:title\" content=\"PRODUKTION - Tienne4\" \/>\n<meta property=\"og:url\" content=\"https:\/\/tienne4.it\/de\/produktion\/\" \/>\n<meta property=\"og:site_name\" content=\"Tienne4\" \/>\n<meta property=\"article:publisher\" content=\"https:\/\/www.facebook.com\/tienne4\" \/>\n<meta property=\"article:modified_time\" content=\"2021-11-05T10:48:11+00:00\" \/>\n<meta name=\"twitter:card\" content=\"summary_large_image\" \/>\n<meta name=\"twitter:label1\" content=\"Gesch\u00e4tzte Lesezeit\" \/>\n\t<meta name=\"twitter:data1\" content=\"3\u00a0Minuten\" \/>\n<script type=\"application\/ld+json\" class=\"yoast-schema-graph\">{\"@context\":\"https:\/\/schema.org\",\"@graph\":[{\"@type\":\"WebPage\",\"@id\":\"https:\/\/tienne4.it\/de\/produktion\/\",\"url\":\"https:\/\/tienne4.it\/de\/produktion\/\",\"name\":\"PRODUKTION - Tienne4\",\"isPartOf\":{\"@id\":\"https:\/\/tienne4.it\/#website\"},\"datePublished\":\"2021-10-21T14:37:12+00:00\",\"dateModified\":\"2021-11-05T10:48:11+00:00\",\"breadcrumb\":{\"@id\":\"https:\/\/tienne4.it\/de\/produktion\/#breadcrumb\"},\"inLanguage\":\"de\",\"potentialAction\":[{\"@type\":\"ReadAction\",\"target\":[\"https:\/\/tienne4.it\/de\/produktion\/\"]}]},{\"@type\":\"BreadcrumbList\",\"@id\":\"https:\/\/tienne4.it\/de\/produktion\/#breadcrumb\",\"itemListElement\":[{\"@type\":\"ListItem\",\"position\":1,\"name\":\"Home\",\"item\":\"https:\/\/tienne4.it\/de\/\"},{\"@type\":\"ListItem\",\"position\":2,\"name\":\"PRODUKTION\"}]},{\"@type\":\"WebSite\",\"@id\":\"https:\/\/tienne4.it\/#website\",\"url\":\"https:\/\/tienne4.it\/\",\"name\":\"Tienne4\",\"description\":\"Produzione Mobili per il Bagno\",\"publisher\":{\"@id\":\"https:\/\/tienne4.it\/#organization\"},\"potentialAction\":[{\"@type\":\"SearchAction\",\"target\":{\"@type\":\"EntryPoint\",\"urlTemplate\":\"https:\/\/tienne4.it\/?s={search_term_string}\"},\"query-input\":\"required name=search_term_string\"}],\"inLanguage\":\"de\"},{\"@type\":\"Organization\",\"@id\":\"https:\/\/tienne4.it\/#organization\",\"name\":\"Tienne4\",\"url\":\"https:\/\/tienne4.it\/\",\"logo\":{\"@type\":\"ImageObject\",\"inLanguage\":\"de\",\"@id\":\"https:\/\/tienne4.it\/#\/schema\/logo\/image\/\",\"url\":\"https:\/\/tienne4.it\/wp-content\/uploads\/2021\/04\/logo-scuro-menu.svg\",\"contentUrl\":\"https:\/\/tienne4.it\/wp-content\/uploads\/2021\/04\/logo-scuro-menu.svg\",\"width\":262,\"height\":125,\"caption\":\"Tienne4\"},\"image\":{\"@id\":\"https:\/\/tienne4.it\/#\/schema\/logo\/image\/\"},\"sameAs\":[\"https:\/\/www.facebook.com\/tienne4\"]}]}<\/script>\n<!-- \/ Yoast SEO plugin. -->","yoast_head_json":{"title":"PRODUKTION - Tienne4","robots":{"index":"index","follow":"follow","max-snippet":"max-snippet:-1","max-image-preview":"max-image-preview:large","max-video-preview":"max-video-preview:-1"},"canonical":"https:\/\/tienne4.it\/de\/produktion\/","og_locale":"de_DE","og_type":"article","og_title":"PRODUKTION - Tienne4","og_url":"https:\/\/tienne4.it\/de\/produktion\/","og_site_name":"Tienne4","article_publisher":"https:\/\/www.facebook.com\/tienne4","article_modified_time":"2021-11-05T10:48:11+00:00","twitter_card":"summary_large_image","twitter_misc":{"Gesch\u00e4tzte Lesezeit":"3\u00a0Minuten"},"schema":{"@context":"https:\/\/schema.org","@graph":[{"@type":"WebPage","@id":"https:\/\/tienne4.it\/de\/produktion\/","url":"https:\/\/tienne4.it\/de\/produktion\/","name":"PRODUKTION - Tienne4","isPartOf":{"@id":"https:\/\/tienne4.it\/#website"},"datePublished":"2021-10-21T14:37:12+00:00","dateModified":"2021-11-05T10:48:11+00:00","breadcrumb":{"@id":"https:\/\/tienne4.it\/de\/produktion\/#breadcrumb"},"inLanguage":"de","potentialAction":[{"@type":"ReadAction","target":["https:\/\/tienne4.it\/de\/produktion\/"]}]},{"@type":"BreadcrumbList","@id":"https:\/\/tienne4.it\/de\/produktion\/#breadcrumb","itemListElement":[{"@type":"ListItem","position":1,"name":"Home","item":"https:\/\/tienne4.it\/de\/"},{"@type":"ListItem","position":2,"name":"PRODUKTION"}]},{"@type":"WebSite","@id":"https:\/\/tienne4.it\/#website","url":"https:\/\/tienne4.it\/","name":"Tienne4","description":"Produzione Mobili per il Bagno","publisher":{"@id":"https:\/\/tienne4.it\/#organization"},"potentialAction":[{"@type":"SearchAction","target":{"@type":"EntryPoint","urlTemplate":"https:\/\/tienne4.it\/?s={search_term_string}"},"query-input":"required name=search_term_string"}],"inLanguage":"de"},{"@type":"Organization","@id":"https:\/\/tienne4.it\/#organization","name":"Tienne4","url":"https:\/\/tienne4.it\/","logo":{"@type":"ImageObject","inLanguage":"de","@id":"https:\/\/tienne4.it\/#\/schema\/logo\/image\/","url":"https:\/\/tienne4.it\/wp-content\/uploads\/2021\/04\/logo-scuro-menu.svg","contentUrl":"https:\/\/tienne4.it\/wp-content\/uploads\/2021\/04\/logo-scuro-menu.svg","width":262,"height":125,"caption":"Tienne4"},"image":{"@id":"https:\/\/tienne4.it\/#\/schema\/logo\/image\/"},"sameAs":["https:\/\/www.facebook.com\/tienne4"]}]}},"_links":{"self":[{"href":"https:\/\/tienne4.it\/de\/wp-json\/wp\/v2\/pages\/2106","targetHints":{"allow":["GET"]}}],"collection":[{"href":"https:\/\/tienne4.it\/de\/wp-json\/wp\/v2\/pages"}],"about":[{"href":"https:\/\/tienne4.it\/de\/wp-json\/wp\/v2\/types\/page"}],"author":[{"embeddable":true,"href":"https:\/\/tienne4.it\/de\/wp-json\/wp\/v2\/users\/2"}],"replies":[{"embeddable":true,"href":"https:\/\/tienne4.it\/de\/wp-json\/wp\/v2\/comments?post=2106"}],"version-history":[{"count":14,"href":"https:\/\/tienne4.it\/de\/wp-json\/wp\/v2\/pages\/2106\/revisions"}],"predecessor-version":[{"id":2976,"href":"https:\/\/tienne4.it\/de\/wp-json\/wp\/v2\/pages\/2106\/revisions\/2976"}],"wp:attachment":[{"href":"https:\/\/tienne4.it\/de\/wp-json\/wp\/v2\/media?parent=2106"}],"curies":[{"name":"wp","href":"https:\/\/api.w.org\/{rel}","templated":true}]}}