{"id":2102,"date":"2021-10-21T16:35:58","date_gmt":"2021-10-21T14:35:58","guid":{"rendered":"https:\/\/tienne4.it\/?page_id=2102"},"modified":"2021-11-05T10:52:11","modified_gmt":"2021-11-05T09:52:11","slug":"unternehmen","status":"publish","type":"page","link":"https:\/\/tienne4.it\/de\/unternehmen\/","title":{"rendered":"UNTERNEHMEN"},"content":{"rendered":"<section class=\"l-section wpb_row height_medium full_height valign_bottom with_img parallax_fixed\"><div class=\"l-section-img\" style=\"background-image: url(https:\/\/tienne4.it\/wp-content\/uploads\/2021\/08\/DJI_0784.jpg);background-position: bottom center;background-repeat: no-repeat;\" data-img-width=\"1920\" data-img-height=\"1279\"><\/div><div class=\"l-section-overlay\" style=\"background:rgba(0,0,0,0.20)\"><\/div><div class=\"l-section-h i-cf\"><div class=\"g-cols vc_row via_flex valign_bottom type_default stacking_default\"><div class=\"vc_col-sm-6 wpb_column vc_column_container\"><div class=\"vc_column-inner\"><div class=\"wpb_wrapper\"><\/div><\/div><\/div><div class=\"vc_col-sm-6 wpb_column vc_column_container\"><div class=\"vc_column-inner\"><div class=\"wpb_wrapper\"><\/div><\/div><\/div><\/div><\/div><\/section><section class=\"l-section wpb_row height_medium\"><div class=\"l-section-h i-cf\"><div class=\"g-cols vc_row via_flex valign_top type_default stacking_default\"><div class=\"vc_col-sm-12 wpb_column vc_column_container\"><div class=\"vc_column-inner\"><div class=\"wpb_wrapper\"><div class=\"wpb_text_column\"><div class=\"wpb_wrapper\"><h1>Unternehmensprofil<\/h1>\n<\/div><\/div><div class=\"g-cols wpb_row us_custom_826a24dc via_flex valign_top type_default stacking_default\"><div class=\"vc_col-sm-1 wpb_column vc_column_container\"><div class=\"vc_column-inner us_custom_012bc2e8\"><div class=\"wpb_wrapper\"><\/div><\/div><\/div><div class=\"vc_col-sm-10 wpb_column vc_column_container\"><div class=\"vc_column-inner\"><div class=\"wpb_wrapper\"><div class=\"wpb_text_column us_custom_33e62e98\"><div class=\"wpb_wrapper\"><h4>DEN MENSCHEN DAS SICHERN, WAS SIE BEN\u00d6TIGEN<\/h4>\n<\/div><\/div><div class=\"wpb_text_column us_custom_432d3f53\"><div class=\"wpb_wrapper\"><p>Tienne 4 Srl wurde im April 2014 auf Initiative von Giacomo Mosconi, einem Unternehmer aus Brescia, der mit verschiedenen Unternehmen in sehr unterschiedlichen Branchen in Italien und im Ausland zusammenarbeitet, mit dem Ziel gegr\u00fcndet, einen Produktionsstandort wie den von Pieve di Bono wiederzubeleben, der in der Vergangenheit einen Bezugspunkt in der Fertigung von Badezimmerm\u00f6beln in Italien und im Ausland darstellte. Er wagte sich in einen sicherlich schwierigen Markt wie dem der \u201eBadezimmerm\u00f6bel\u201c hinein, jedoch mit <strong>innovativen Vorschl\u00e4gen<\/strong>, die das Interesse der Endverbraucher zu wecken wussten. Das \u201eProjekt\u201c entstand durch die Anwendung eines v\u00f6llig neuen Organisationsmodells, an dem der seit mehreren Jahren im Unternehmen mitwirkende Sohn Andrea beteiligt ist. In der Rolle des alleinigen Gesch\u00e4ftsf\u00fchrers setzt er sich daf\u00fcr ein, die Ziele des mittelfristigen Gesch\u00e4ftsplans zu erreichen, der den konstanten Bezugspunkt der unternehmerischen Initiative darstellt.<\/p>\n<\/div><\/div><\/div><\/div><\/div><div class=\"vc_col-sm-1 wpb_column vc_column_container\"><div class=\"vc_column-inner\"><div class=\"wpb_wrapper\"><\/div><\/div><\/div><\/div><div class=\"w-separator size_medium\"><\/div><div class=\"w-grid type_carousel layout_gallery_default cols_2\" id=\"us_grid_1\"><style>#us_grid_1 .w-grid-item{padding:1.5rem}#us_grid_1 .w-grid-list{margin:-1.5rem}.w-grid + #us_grid_1 .w-grid-list,.w-grid-none + #us_grid_1 .w-grid-list{margin-top:1.5rem}.layout_gallery_default .w-grid-item-h{}<\/style><div class=\"w-grid-list owl-carousel navstyle_circle navpos_outside with_dots\" style=\"--arrows-size:1.8rem;\">\t<article class=\"w-grid-item post-1476 attachment type-attachment status-inherit hentry\" data-id=\"1476\">\r\n\t\t<div class=\"w-grid-item-h\">\r\n\t\t\t\t\t\t\t<a class=\"w-grid-item-anchor\" href=\"https:\/\/tienne4.it\/wp-content\/uploads\/2021\/08\/DSC07187.jpg\" ref=\"magnificPopupGrid\" title=\"Mobili per il bagno &#8211; TIENNE4\"><\/a>\r\n\t\t\t\t\t\t<div class=\"w-post-elm post_image usg_post_image_1 stretched\"><img loading=\"lazy\" decoding=\"async\" width=\"1280\" height=\"900\" src=\"https:\/\/tienne4.it\/wp-content\/uploads\/2021\/08\/DSC07187-1280x900.jpg\" class=\"attachment-us_1280_900_crop size-us_1280_900_crop\" alt=\"\" \/><\/div>\t\t<\/div>\r\n\t<\/article>\r\n\t<article class=\"w-grid-item post-2046 attachment type-attachment status-inherit hentry\" data-id=\"2046\">\r\n\t\t<div class=\"w-grid-item-h\">\r\n\t\t\t\t\t\t\t<a class=\"w-grid-item-anchor\" href=\"https:\/\/tienne4.it\/wp-content\/uploads\/2021\/09\/OND06203-Modifica.jpg\" ref=\"magnificPopupGrid\" title=\"Mobili per il bagno &#8211; TIENNE4\"><\/a>\r\n\t\t\t\t\t\t<div class=\"w-post-elm post_image usg_post_image_1 stretched\"><img loading=\"lazy\" decoding=\"async\" width=\"1280\" height=\"900\" src=\"https:\/\/tienne4.it\/wp-content\/uploads\/2021\/09\/OND06203-Modifica-1280x900.jpg\" class=\"attachment-us_1280_900_crop size-us_1280_900_crop\" alt=\"\" \/><\/div>\t\t<\/div>\r\n\t<\/article>\r\n\t<article class=\"w-grid-item post-1323 attachment type-attachment status-inherit hentry\" data-id=\"1323\">\r\n\t\t<div class=\"w-grid-item-h\">\r\n\t\t\t\t\t\t\t<a class=\"w-grid-item-anchor\" href=\"https:\/\/tienne4.it\/wp-content\/uploads\/2021\/06\/DSC07196.jpg\" ref=\"magnificPopupGrid\" title=\"Mobili per il bagno &#8211; TIENNE4\"><\/a>\r\n\t\t\t\t\t\t<div class=\"w-post-elm post_image usg_post_image_1 stretched\"><img loading=\"lazy\" decoding=\"async\" width=\"1280\" height=\"900\" src=\"https:\/\/tienne4.it\/wp-content\/uploads\/2021\/06\/DSC07196-1280x900.jpg\" class=\"attachment-us_1280_900_crop size-us_1280_900_crop\" alt=\"\" \/><\/div>\t\t<\/div>\r\n\t<\/article>\r\n\t<article class=\"w-grid-item post-1326 attachment type-attachment status-inherit hentry\" data-id=\"1326\">\r\n\t\t<div class=\"w-grid-item-h\">\r\n\t\t\t\t\t\t\t<a class=\"w-grid-item-anchor\" href=\"https:\/\/tienne4.it\/wp-content\/uploads\/2021\/06\/DSC07212.jpg\" ref=\"magnificPopupGrid\" title=\"Mobili per il bagno &#8211; TIENNE4\"><\/a>\r\n\t\t\t\t\t\t<div class=\"w-post-elm post_image usg_post_image_1 stretched\"><img loading=\"lazy\" decoding=\"async\" width=\"1280\" height=\"900\" src=\"https:\/\/tienne4.it\/wp-content\/uploads\/2021\/06\/DSC07212-1280x900.jpg\" class=\"attachment-us_1280_900_crop size-us_1280_900_crop\" alt=\"\" \/><\/div>\t\t<\/div>\r\n\t<\/article>\r\n\t<article class=\"w-grid-item post-1329 attachment type-attachment status-inherit hentry\" data-id=\"1329\">\r\n\t\t<div class=\"w-grid-item-h\">\r\n\t\t\t\t\t\t\t<a class=\"w-grid-item-anchor\" href=\"https:\/\/tienne4.it\/wp-content\/uploads\/2021\/06\/DSC07219.jpg\" ref=\"magnificPopupGrid\" title=\"Mobili per il bagno &#8211; TIENNE4\"><\/a>\r\n\t\t\t\t\t\t<div class=\"w-post-elm post_image usg_post_image_1 stretched\"><img loading=\"lazy\" decoding=\"async\" width=\"1280\" height=\"900\" src=\"https:\/\/tienne4.it\/wp-content\/uploads\/2021\/06\/DSC07219-1280x900.jpg\" class=\"attachment-us_1280_900_crop size-us_1280_900_crop\" alt=\"\" \/><\/div>\t\t<\/div>\r\n\t<\/article>\r\n<\/div><div class=\"g-preloader type_custom\">\r\n\t<div><img loading=\"lazy\" decoding=\"async\" width=\"262\" height=\"125\" src=\"https:\/\/tienne4.it\/wp-content\/uploads\/2021\/04\/logo-scuro-menu.svg\" class=\"attachment-medium size-medium\" alt=\"Mobili per il bagno - TIENNE4\" \/><\/div>\r\n<\/div>\r\n\t<div class=\"w-grid-json hidden\" onclick='return {&quot;action&quot;:&quot;us_ajax_grid&quot;,&quot;ajax_url&quot;:&quot;https:\\\/\\\/tienne4.it\\\/wp-admin\\\/admin-ajax.php&quot;,&quot;infinite_scroll&quot;:0,&quot;max_num_pages&quot;:1,&quot;pagination&quot;:&quot;none&quot;,&quot;permalink_url&quot;:&quot;https:\\\/\\\/tienne4.it\\\/de\\\/wp-json\\\/wp\\\/v2\\\/pages\\\/2102\\\/&quot;,&quot;template_vars&quot;:{&quot;columns&quot;:&quot;2&quot;,&quot;exclude_items&quot;:&quot;none&quot;,&quot;img_size&quot;:&quot;us_1280_900_crop&quot;,&quot;ignore_items_size&quot;:0,&quot;items_layout&quot;:&quot;gallery_default&quot;,&quot;items_offset&quot;:&quot;1&quot;,&quot;load_animation&quot;:&quot;none&quot;,&quot;overriding_link&quot;:&quot;popup_post_image&quot;,&quot;post_id&quot;:2102,&quot;query_args&quot;:{&quot;post_type&quot;:[&quot;attachment&quot;],&quot;post__in&quot;:[&quot;293&quot;,&quot;924&quot;,&quot;193&quot;,&quot;194&quot;,&quot;195&quot;],&quot;post_status&quot;:&quot;inherit&quot;,&quot;post_mime_type&quot;:&quot;image&quot;,&quot;posts_per_page&quot;:&quot;10&quot;},&quot;orderby_query_args&quot;:{&quot;orderby&quot;:{&quot;post__in&quot;:&quot;ASC&quot;},&quot;order&quot;:&quot;ASC&quot;},&quot;type&quot;:&quot;carousel&quot;,&quot;us_grid_ajax_index&quot;:1,&quot;us_grid_filter_params&quot;:null,&quot;us_grid_index&quot;:1,&quot;_us_grid_post_type&quot;:&quot;attachment&quot;,&quot;lang&quot;:&quot;de&quot;},&quot;carousel_settings&quot;:{&quot;autoHeight&quot;:0,&quot;autoplay&quot;:0,&quot;carousel_fade&quot;:0,&quot;center&quot;:0,&quot;dots&quot;:1,&quot;items&quot;:&quot;2&quot;,&quot;loop&quot;:false,&quot;nav&quot;:1,&quot;slideby&quot;:&quot;1&quot;,&quot;smooth_play&quot;:0,&quot;speed&quot;:250,&quot;timeout&quot;:3000,&quot;transition&quot;:&quot;&quot;},&quot;carousel_breakpoints&quot;:{&quot;0&quot;:{&quot;autoHeight&quot;:0,&quot;autoplay&quot;:1,&quot;autoplayHoverPause&quot;:1,&quot;items&quot;:1,&quot;loop&quot;:true,&quot;stagePadding&quot;:0},&quot;600&quot;:{&quot;autoHeight&quot;:0,&quot;autoplay&quot;:1,&quot;autoplayHoverPause&quot;:1,&quot;items&quot;:2,&quot;loop&quot;:false,&quot;stagePadding&quot;:0},&quot;900&quot;:{&quot;autoHeight&quot;:0,&quot;autoplay&quot;:1,&quot;autoplayHoverPause&quot;:1,&quot;items&quot;:&quot;2&quot;,&quot;loop&quot;:false,&quot;stagePadding&quot;:0},&quot;1200&quot;:{&quot;items&quot;:2,&quot;stagePadding&quot;:0}}}'><\/div>\r\n\t<\/div><div class=\"w-separator size_medium\"><\/div><\/div><\/div><\/div><\/div><\/div><\/section><section class=\"l-section wpb_row height_medium\"><div class=\"l-section-h i-cf\"><div class=\"g-cols vc_row via_flex valign_top type_default stacking_default\"><div class=\"vc_col-sm-12 wpb_column vc_column_container\"><div class=\"vc_column-inner\"><div class=\"wpb_wrapper\"><div class=\"w-separator size_medium\"><\/div><div class=\"w-image align_center\"><div class=\"w-image-h\"><img loading=\"lazy\" decoding=\"async\" width=\"262\" height=\"125\" src=\"https:\/\/tienne4.it\/wp-content\/uploads\/2021\/04\/logo-scuro-menu.svg\" class=\"attachment-us_600_400_crop size-us_600_400_crop\" alt=\"\" \/><\/div><\/div><div class=\"g-cols wpb_row us_custom_826a24dc via_flex valign_top type_default stacking_default\"><div class=\"vc_col-sm-1 wpb_column vc_column_container\"><div class=\"vc_column-inner\"><div class=\"wpb_wrapper\"><\/div><\/div><\/div><div class=\"vc_col-sm-10 wpb_column vc_column_container\"><div class=\"vc_column-inner\"><div class=\"wpb_wrapper\"><div class=\"wpb_text_column\"><div class=\"wpb_wrapper\"><h3 style=\"text-align: center;\">Unternehmensphilosophie und Mission<\/h3>\n<\/div><\/div><div class=\"w-separator size_small with_line width_30 thick_1 style_solid color_border align_center\"><div class=\"w-separator-h\"><\/div><\/div><div class=\"wpb_text_column us_custom_432d3f53\"><div class=\"wpb_wrapper\"><p>Die Unternehmensphilosophie ist, dem sowohl italienischen als auch ausl\u00e4ndischen Markt gr\u00f6\u00dfte Aufmerksamkeit zu widmen, Trends zu folgen und technische L\u00f6sungen zu entwickeln, die auch f\u00fcr neue, sich herausstellende Funktionen geeignet sind, und dabei einerseits den emotionalen Aspekt, der sich beispielsweise in einem besonderen Design oder einer speziellen Oberfl\u00e4chenausf\u00fchrung zeigen kann, sowie den funktionalen Aspekt zu ber\u00fccksichtigen, der im Laufe der Zeit erhalten bleibt.<\/p>\n<p>Tienne 4 erf\u00fcllt die h\u00f6chsten Eigenschaften, um seine Mission auf beste Weise zu verrichten, die darin besteht, den Menschen das zu gew\u00e4hrleisten, was sie ben\u00f6tigen, einen wettbewerbsf\u00e4higen Produktionsprozess aufrechtzuerhalten, der auf den besten Wettbewerb ausgerichtet ist, doch auch eine direkte Beziehung zu den Kunden zu pflegen, um die Bed\u00fcrfnisse unverz\u00fcglich zu erfassen und die vorteilhaftesten L\u00f6sungen anzubieten.<\/p>\n<\/div><\/div><\/div><\/div><\/div><div class=\"vc_col-sm-1 wpb_column vc_column_container\"><div class=\"vc_column-inner\"><div class=\"wpb_wrapper\"><\/div><\/div><\/div><\/div><\/div><\/div><\/div><\/div><\/div><\/section><section class=\"l-section wpb_row us_custom_4fb9e5a3 height_medium\"><div class=\"l-section-h i-cf\"><div class=\"g-cols vc_row via_flex valign_top type_default stacking_default\"><div class=\"vc_col-sm-12 wpb_column vc_column_container\"><div class=\"vc_column-inner\"><div class=\"wpb_wrapper\"><div class=\"w-image align_center\"><div class=\"w-image-h\"><img loading=\"lazy\" decoding=\"async\" width=\"1920\" height=\"1280\" src=\"https:\/\/tienne4.it\/wp-content\/uploads\/2021\/08\/hand-holdig-big-tree-growing-on-green-background-eco-earth-day-concept.jpg\" class=\"attachment-full size-full\" alt=\"\" srcset=\"https:\/\/tienne4.it\/wp-content\/uploads\/2021\/08\/hand-holdig-big-tree-growing-on-green-background-eco-earth-day-concept.jpg 1920w, https:\/\/tienne4.it\/wp-content\/uploads\/2021\/08\/hand-holdig-big-tree-growing-on-green-background-eco-earth-day-concept-300x200.jpg 300w, https:\/\/tienne4.it\/wp-content\/uploads\/2021\/08\/hand-holdig-big-tree-growing-on-green-background-eco-earth-day-concept-1024x683.jpg 1024w, https:\/\/tienne4.it\/wp-content\/uploads\/2021\/08\/hand-holdig-big-tree-growing-on-green-background-eco-earth-day-concept-600x400.jpg 600w\" sizes=\"auto, (max-width: 1920px) 100vw, 1920px\" \/><\/div><\/div><div class=\"w-separator size_medium\"><\/div><div class=\"wpb_text_column\"><div class=\"wpb_wrapper\"><h3>Sicherheit am Arbeitsplatz und Umweltschutz<\/h3>\n<\/div><\/div><div class=\"g-cols wpb_row us_custom_826a24dc via_flex valign_top type_default stacking_default\"><div class=\"vc_col-sm-1 wpb_column vc_column_container\"><div class=\"vc_column-inner us_custom_012bc2e8\"><div class=\"wpb_wrapper\"><\/div><\/div><\/div><div class=\"vc_col-sm-10 wpb_column vc_column_container\"><div class=\"vc_column-inner\"><div class=\"wpb_wrapper\"><div class=\"wpb_text_column us_custom_33e62e98\"><div class=\"wpb_wrapper\"><h4>SCHL\u00dcSSELPUNKTE DER UNTERNEHMENSPHILOSOPHIE<\/h4>\n<\/div><\/div><div class=\"wpb_text_column us_custom_432d3f53\"><div class=\"wpb_wrapper\"><p>Die Beachtung der Sicherheit am Arbeitsplatz und der Umwelt sind zentrale Punkte der Unternehmensphilosophie, selbstverst\u00e4ndlich unter Ber\u00fccksichtigung der Tatsache, dass es sich um einen Produktionsprozess handelt, der keine umweltsch\u00e4dlichen oder besonders gef\u00e4hrlichen Materialien oder Produkte verwendet.\u2028Ein Beispiel daf\u00fcr ist zweifellos die Installation der Heizung im Produktionsbereich, in dem das elektrische System der Ionenbeschleunigung angewandt wurde, ein System, das den Verbrennungsprozess vermeidet, um W\u00e4rme zu erzeugen, mit unbestrittenen Vorteilen auch aus betrieblicher Sicht und hinsichtlich der Emissionen in die Atmosph\u00e4re, da es kein W\u00e4rmekraftwerk erfordert. Auch das Verpackungsmaterial besteht ausschlie\u00dflich aus Recyclingkartons.\u2028Der Abfall wird je nach Art in speziellen Beh\u00e4ltern getrennt und gem\u00e4\u00df den geltenden Richtlinien regelm\u00e4\u00dfig entsorgt.\u2028Der gesamte Produktions- und Servicebereich ist mit einer 24-Stunden-Video\u00fcberwachungsanlage mit Anschluss an die Zentrale ausgestattet, um 7 Tage die Woche maximale Sicherheit am Arbeitsplatz zu gew\u00e4hrleisten.\u2028Die Arbeitssicherheit und Einhaltung der entsprechenden geltenden Richtlinien, einschlie\u00dflich der Erstellung des Dokuments zur Risikobewertung gem\u00e4\u00df Art. 28, RVO 81\/2008, wurden der Firma Sicurezza e Igiene del Lavoro Srl anvertraut, die diese T\u00e4tigkeit im Auftrag und mit regelm\u00e4\u00dfigen Kontrollen auf professioneller und kontinuierlicher Basis ausf\u00fchrt.\u2028Das Unternehmen hat in \u00dcbereinstimmung mit den Bestimmungen der RVO 231\/01 den Verhaltenskodex unter Mitwirkung der Arbeiterschaft angewandt.\u2028In Bezug auf den Gesundheitsnotstand von COVID-19 ist zu beachten, dass Tienne 4 alle relevanten Ma\u00dfnahmen ergriffen hat und dass derzeit kein positiv getesteter Angestellter und\/oder Mitarbeiter des Unternehmens gemeldet ist.<\/p>\n<\/div><\/div><\/div><\/div><\/div><div class=\"vc_col-sm-1 wpb_column vc_column_container\"><div class=\"vc_column-inner\"><div class=\"wpb_wrapper\"><\/div><\/div><\/div><\/div><\/div><\/div><\/div><\/div><\/div><\/section><section class=\"l-section wpb_row height_large\"><div class=\"l-section-h i-cf\"><div class=\"g-cols vc_row via_flex valign_top type_default stacking_default\"><div class=\"vc_col-sm-12 wpb_column vc_column_container\"><div class=\"vc_column-inner\"><div class=\"wpb_wrapper\"><div class=\"wpb_text_column\"><div class=\"wpb_wrapper\"><h3>Qualit\u00e4t Made in Italy<\/h3>\n<\/div><\/div><div class=\"g-cols wpb_row us_custom_826a24dc via_flex valign_top type_default stacking_default\"><div class=\"vc_col-sm-1 wpb_column vc_column_container\"><div class=\"vc_column-inner us_custom_012bc2e8\"><div class=\"wpb_wrapper\"><\/div><\/div><\/div><div class=\"vc_col-sm-10 wpb_column vc_column_container\"><div class=\"vc_column-inner\"><div class=\"wpb_wrapper\"><div class=\"wpb_text_column us_custom_33e62e98\"><div class=\"wpb_wrapper\"><h4>DESIGN UND FUNKTIONALIT\u00c4T IM DIENST DES KUNDEN<\/h4>\n<\/div><\/div><div class=\"wpb_text_column us_custom_432d3f53\"><div class=\"wpb_wrapper\"><p>Die Qualit\u00e4tssicherung ist ein zentraler Punkt der Philosophie und des Organisationsmodells von Tienne 4 und umfasst den gesamten Herstellungszyklus.\u2028Das Unternehmen ist nach ISO 9001:2018 zertifiziert und verf\u00fcgt \u00fcber alle internen Kontrollverfahren, um die Qualit\u00e4t des Endprodukts zu gew\u00e4hrleisten und die einzelnen Prozessphasen zu verfolgen und zu \u00fcberwachen.\u2028Dies beginnt bei der Qualifizierung der Lieferanten, bei denen es sich haupts\u00e4chlich um f\u00fchrende Hersteller sowohl in der Zulieferung von Komponenten als auch in einigen Verarbeitungsverfahren handelt. Der Einkauf und die Verwaltung der Rohstoffe bei Prim\u00e4rherstellern garantiert Qualit\u00e4t und Homogenit\u00e4t der Komponenten und Endprodukte.\u2028Alle Lieferanten von Platten, sowohl Spanplatten als auch Melamin und MDF (Medium Density-Fibreboard) sind FSC (Forest Stewardship Council) zertifiziert.\u2028Die angelieferten Komponenten werden bei der Annahme einer quantitativen und qualitativen Pr\u00fcfung und anschlie\u00dfend einer Kontrolle auf den Montagelinien unterzogen, beginnend bei der Kommissionierung und Vorbereitung der Komponenten f\u00fcr die Montage des Einzelauftrags bis zur automatischen Endverpackung mit Etikettierung und dem Prozessmanagement der Strichcodes, die das Produkt zum Versand ins Lager und bis zur Auslieferung an den Endkunden begleiten.\u2028Dieses Verfahren erm\u00f6glicht nicht nur die R\u00fcckverfolgbarkeit des Materials in allen Phasen des Produktionszyklus, sondern auch eine bessere Verwaltung von eventuellen M\u00e4ngeln oder Beschwerden seitens des Kunden, dem ein prompter Eingriff zugesichert wird. Dar\u00fcber hinaus legt es gleichzeitig die am besten geeigneten Ma\u00dfnahmen nahe, um die Wiederholung m\u00f6glicher Anomalien zu vermeiden.<\/p>\n<\/div><\/div><\/div><\/div><\/div><div class=\"vc_col-sm-1 wpb_column vc_column_container\"><div class=\"vc_column-inner\"><div class=\"wpb_wrapper\"><\/div><\/div><\/div><\/div><\/div><\/div><\/div><\/div><\/div><\/section>\n","protected":false},"excerpt":{"rendered":"Mobili per il bagno - TIENNE4","protected":false},"author":2,"featured_media":0,"parent":0,"menu_order":23,"comment_status":"closed","ping_status":"closed","template":"","meta":{"inline_featured_image":false,"footnotes":""},"class_list":["post-2102","page","type-page","status-publish","hentry"],"yoast_head":"<!-- This site is optimized with the Yoast SEO plugin v19.9 - https:\/\/yoast.com\/wordpress\/plugins\/seo\/ -->\n<title>UNTERNEHMEN - Tienne4<\/title>\n<meta name=\"robots\" content=\"index, follow, max-snippet:-1, max-image-preview:large, max-video-preview:-1\" \/>\n<link rel=\"canonical\" href=\"https:\/\/tienne4.it\/de\/unternehmen\/\" \/>\n<meta property=\"og:locale\" content=\"de_DE\" \/>\n<meta property=\"og:type\" content=\"article\" \/>\n<meta property=\"og:title\" content=\"UNTERNEHMEN - Tienne4\" \/>\n<meta property=\"og:url\" content=\"https:\/\/tienne4.it\/de\/unternehmen\/\" \/>\n<meta property=\"og:site_name\" content=\"Tienne4\" \/>\n<meta property=\"article:publisher\" content=\"https:\/\/www.facebook.com\/tienne4\" \/>\n<meta property=\"article:modified_time\" content=\"2021-11-05T09:52:11+00:00\" \/>\n<meta name=\"twitter:card\" content=\"summary_large_image\" \/>\n<meta name=\"twitter:label1\" content=\"Gesch\u00e4tzte Lesezeit\" \/>\n\t<meta name=\"twitter:data1\" content=\"5\u00a0Minuten\" \/>\n<script type=\"application\/ld+json\" class=\"yoast-schema-graph\">{\"@context\":\"https:\/\/schema.org\",\"@graph\":[{\"@type\":\"WebPage\",\"@id\":\"https:\/\/tienne4.it\/de\/unternehmen\/\",\"url\":\"https:\/\/tienne4.it\/de\/unternehmen\/\",\"name\":\"UNTERNEHMEN - Tienne4\",\"isPartOf\":{\"@id\":\"https:\/\/tienne4.it\/#website\"},\"datePublished\":\"2021-10-21T14:35:58+00:00\",\"dateModified\":\"2021-11-05T09:52:11+00:00\",\"breadcrumb\":{\"@id\":\"https:\/\/tienne4.it\/de\/unternehmen\/#breadcrumb\"},\"inLanguage\":\"de\",\"potentialAction\":[{\"@type\":\"ReadAction\",\"target\":[\"https:\/\/tienne4.it\/de\/unternehmen\/\"]}]},{\"@type\":\"BreadcrumbList\",\"@id\":\"https:\/\/tienne4.it\/de\/unternehmen\/#breadcrumb\",\"itemListElement\":[{\"@type\":\"ListItem\",\"position\":1,\"name\":\"Home\",\"item\":\"https:\/\/tienne4.it\/de\/\"},{\"@type\":\"ListItem\",\"position\":2,\"name\":\"UNTERNEHMEN\"}]},{\"@type\":\"WebSite\",\"@id\":\"https:\/\/tienne4.it\/#website\",\"url\":\"https:\/\/tienne4.it\/\",\"name\":\"Tienne4\",\"description\":\"Produzione Mobili per il Bagno\",\"publisher\":{\"@id\":\"https:\/\/tienne4.it\/#organization\"},\"potentialAction\":[{\"@type\":\"SearchAction\",\"target\":{\"@type\":\"EntryPoint\",\"urlTemplate\":\"https:\/\/tienne4.it\/?s={search_term_string}\"},\"query-input\":\"required name=search_term_string\"}],\"inLanguage\":\"de\"},{\"@type\":\"Organization\",\"@id\":\"https:\/\/tienne4.it\/#organization\",\"name\":\"Tienne4\",\"url\":\"https:\/\/tienne4.it\/\",\"logo\":{\"@type\":\"ImageObject\",\"inLanguage\":\"de\",\"@id\":\"https:\/\/tienne4.it\/#\/schema\/logo\/image\/\",\"url\":\"https:\/\/tienne4.it\/wp-content\/uploads\/2021\/04\/logo-scuro-menu.svg\",\"contentUrl\":\"https:\/\/tienne4.it\/wp-content\/uploads\/2021\/04\/logo-scuro-menu.svg\",\"width\":262,\"height\":125,\"caption\":\"Tienne4\"},\"image\":{\"@id\":\"https:\/\/tienne4.it\/#\/schema\/logo\/image\/\"},\"sameAs\":[\"https:\/\/www.facebook.com\/tienne4\"]}]}<\/script>\n<!-- \/ Yoast SEO plugin. -->","yoast_head_json":{"title":"UNTERNEHMEN - Tienne4","robots":{"index":"index","follow":"follow","max-snippet":"max-snippet:-1","max-image-preview":"max-image-preview:large","max-video-preview":"max-video-preview:-1"},"canonical":"https:\/\/tienne4.it\/de\/unternehmen\/","og_locale":"de_DE","og_type":"article","og_title":"UNTERNEHMEN - Tienne4","og_url":"https:\/\/tienne4.it\/de\/unternehmen\/","og_site_name":"Tienne4","article_publisher":"https:\/\/www.facebook.com\/tienne4","article_modified_time":"2021-11-05T09:52:11+00:00","twitter_card":"summary_large_image","twitter_misc":{"Gesch\u00e4tzte Lesezeit":"5\u00a0Minuten"},"schema":{"@context":"https:\/\/schema.org","@graph":[{"@type":"WebPage","@id":"https:\/\/tienne4.it\/de\/unternehmen\/","url":"https:\/\/tienne4.it\/de\/unternehmen\/","name":"UNTERNEHMEN - Tienne4","isPartOf":{"@id":"https:\/\/tienne4.it\/#website"},"datePublished":"2021-10-21T14:35:58+00:00","dateModified":"2021-11-05T09:52:11+00:00","breadcrumb":{"@id":"https:\/\/tienne4.it\/de\/unternehmen\/#breadcrumb"},"inLanguage":"de","potentialAction":[{"@type":"ReadAction","target":["https:\/\/tienne4.it\/de\/unternehmen\/"]}]},{"@type":"BreadcrumbList","@id":"https:\/\/tienne4.it\/de\/unternehmen\/#breadcrumb","itemListElement":[{"@type":"ListItem","position":1,"name":"Home","item":"https:\/\/tienne4.it\/de\/"},{"@type":"ListItem","position":2,"name":"UNTERNEHMEN"}]},{"@type":"WebSite","@id":"https:\/\/tienne4.it\/#website","url":"https:\/\/tienne4.it\/","name":"Tienne4","description":"Produzione Mobili per il Bagno","publisher":{"@id":"https:\/\/tienne4.it\/#organization"},"potentialAction":[{"@type":"SearchAction","target":{"@type":"EntryPoint","urlTemplate":"https:\/\/tienne4.it\/?s={search_term_string}"},"query-input":"required name=search_term_string"}],"inLanguage":"de"},{"@type":"Organization","@id":"https:\/\/tienne4.it\/#organization","name":"Tienne4","url":"https:\/\/tienne4.it\/","logo":{"@type":"ImageObject","inLanguage":"de","@id":"https:\/\/tienne4.it\/#\/schema\/logo\/image\/","url":"https:\/\/tienne4.it\/wp-content\/uploads\/2021\/04\/logo-scuro-menu.svg","contentUrl":"https:\/\/tienne4.it\/wp-content\/uploads\/2021\/04\/logo-scuro-menu.svg","width":262,"height":125,"caption":"Tienne4"},"image":{"@id":"https:\/\/tienne4.it\/#\/schema\/logo\/image\/"},"sameAs":["https:\/\/www.facebook.com\/tienne4"]}]}},"_links":{"self":[{"href":"https:\/\/tienne4.it\/de\/wp-json\/wp\/v2\/pages\/2102","targetHints":{"allow":["GET"]}}],"collection":[{"href":"https:\/\/tienne4.it\/de\/wp-json\/wp\/v2\/pages"}],"about":[{"href":"https:\/\/tienne4.it\/de\/wp-json\/wp\/v2\/types\/page"}],"author":[{"embeddable":true,"href":"https:\/\/tienne4.it\/de\/wp-json\/wp\/v2\/users\/2"}],"replies":[{"embeddable":true,"href":"https:\/\/tienne4.it\/de\/wp-json\/wp\/v2\/comments?post=2102"}],"version-history":[{"count":6,"href":"https:\/\/tienne4.it\/de\/wp-json\/wp\/v2\/pages\/2102\/revisions"}],"predecessor-version":[{"id":2934,"href":"https:\/\/tienne4.it\/de\/wp-json\/wp\/v2\/pages\/2102\/revisions\/2934"}],"wp:attachment":[{"href":"https:\/\/tienne4.it\/de\/wp-json\/wp\/v2\/media?parent=2102"}],"curies":[{"name":"wp","href":"https:\/\/api.w.org\/{rel}","templated":true}]}}